{"id":2524,"date":"2017-12-04T17:25:04","date_gmt":"2017-12-04T15:25:04","guid":{"rendered":"http:\/\/vitalitygroup.es\/?page_id=2524"},"modified":"2017-12-22T14:53:51","modified_gmt":"2017-12-22T12:53:51","slug":"vitality-active","status":"publish","type":"page","link":"http:\/\/vitalitygroup.es\/de\/vitality-active\/","title":{"rendered":"Vitality Rehabilitation"},"content":{"rendered":"<p>[vc_row full_width=&#8220;stretch_row&#8220; css=&#8220;.vc_custom_1507109553243{background-color: rgba(154,214,117,0.11) !important;*background-color: rgb(154,214,117) !important;}&#8220;][vc_column width=&#8220;1\/2&#8243;][vc_single_image image=&#8220;272&#8243; img_size=&#8220;medium&#8220; alignment=&#8220;center&#8220; style=&#8220;vc_box_shadow_border&#8220;][vc_single_image image=&#8220;855&#8243; img_size=&#8220;medium&#8220; alignment=&#8220;center&#8220; style=&#8220;vc_box_shadow_border&#8220;][\/vc_column][vc_column width=&#8220;1\/2&#8243;][vc_empty_space height=&#8220;5px&#8220;][vc_custom_heading text=&#8220;Vitality-Performance&#8220; font_container=&#8220;tag:h2|text_align:center|color:%23879691&#8243; google_fonts=&#8220;font_family:Oswald%3A300%2Cregular%2C700|font_style:300%20light%20regular%3A300%3Anormal&#8220;][vc_column_text]<span style=\"font-family: arial, helvetica, sans-serif; font-size: 10pt;\"><strong>Vitality Rehabilitation\u00a0<\/strong>(7<em>-Tage, 6-N\u00e4chte<\/em>)<\/span><\/p>\n<ul>\n<li><span style=\"font-family: arial, helvetica, sans-serif; font-size: 10pt;\">Komplette K\u00f6rperliche Untersuchung inkl. Labordiagnostik<\/span><\/li>\n<li><span style=\"font-family: arial, helvetica, sans-serif; font-size: 10pt;\">Sympomrelevanter Behandlungsplan<\/span><\/li>\n<li><span style=\"font-family: arial, helvetica, sans-serif; font-size: 10pt;\">Medizinische Ma\u00dfnahmen zur Beschleunigung des Heilungsprozesses<\/span><\/li>\n<\/ul>\n<p>[\/vc_column_text][\/vc_column][\/vc_row][vc_row full_width=&#8220;stretch_row&#8220; parallax=&#8220;content-moving&#8220; parallax_image=&#8220;468&#8243; parallax_speed_bg=&#8220;2.5&#8243; css=&#8220;.vc_custom_1507729111450{background-image: url(http:\/\/vitalitygroup.es\/wp-content\/uploads\/2017\/09\/sunbeds.jpg?id=188) !important;background-position: center;background-repeat: no-repeat !important;background-size: cover !important;}&#8220;][vc_column][vc_empty_space][vc_custom_heading text=&#8220;Costing&#8220; font_container=&#8220;tag:h1|text_align:center|color:%23ffffff&#8220; google_fonts=&#8220;font_family:Oswald%3A300%2Cregular%2C700|font_style:300%20light%20regular%3A300%3Anormal&#8220;][vc_btn title=&#8220;Daten zwischen; 01 Mai &amp; 30 September, DZ, mit Halbpension: Auf Anfrage werden Kostenvoranschl\u00e4ge erstellt&#8220; style=&#8220;outline&#8220; shape=&#8220;round&#8220; color=&#8220;default&#8220; align=&#8220;left&#8220; i_icon_fontawesome=&#8220;fa fa-arrow-circle-o-right&#8220; button_block=&#8220;true&#8220; add_icon=&#8220;true&#8220; link=&#8220;url:http%3A%2F%2Fvitalitygroup.es%2Fde%2Fcontact||target:%20_blank|&#8220;][vc_btn title=&#8220;Daten zwischen; 01 Mai &amp; 30 September, Suite, mit Halbpension: Auf Anfrage werden Kostenvoranschl\u00e4ge erstellt&#8220; style=&#8220;outline&#8220; shape=&#8220;round&#8220; color=&#8220;default&#8220; align=&#8220;left&#8220; i_icon_fontawesome=&#8220;fa fa-arrow-circle-o-right&#8220; button_block=&#8220;true&#8220; add_icon=&#8220;true&#8220; link=&#8220;url:http%3A%2F%2Fvitalitygroup.es%2Fde%2Fcontact||target:%20_blank|&#8220;][vc_btn title=&#8220;Daten zwischen; 01 Oktober &amp; 30 April, DZ, mit Halbpension: Auf Anfrage werden Kostenvoranschl\u00e4ge erstellt&#8220; style=&#8220;outline&#8220; shape=&#8220;round&#8220; color=&#8220;default&#8220; align=&#8220;left&#8220; i_icon_fontawesome=&#8220;fa fa-arrow-circle-o-right&#8220; button_block=&#8220;true&#8220; add_icon=&#8220;true&#8220; link=&#8220;url:http%3A%2F%2Fvitalitygroup.es%2Fde%2Fcontact||target:%20_blank|&#8220;][vc_btn title=&#8220;Daten zwischen; 01 Oktober &amp; 30 April, Suite, mit Halbpension: Auf Anfrage werden Kostenvoranschl\u00e4ge erstellt&#8220; style=&#8220;outline&#8220; shape=&#8220;round&#8220; color=&#8220;default&#8220; align=&#8220;left&#8220; i_icon_fontawesome=&#8220;fa fa-arrow-circle-o-right&#8220; button_block=&#8220;true&#8220; add_icon=&#8220;true&#8220; link=&#8220;url:http%3A%2F%2Fvitalitygroup.es%2Fde%2Fcontact||target:%20_blank|&#8220;][vc_btn title=&#8220;&#8220; style=&#8220;outline&#8220; shape=&#8220;round&#8220; color=&#8220;warning&#8220; i_icon_fontawesome=&#8220;fa fa-check-circle-o&#8220; add_icon=&#8220;true&#8220; link=&#8220;url:http%3A%2F%2Fvitalitygroup.es%2Fde%2Fmedical-check-up||target:%20_blank|&#8220;][vc_empty_space][\/vc_column][\/vc_row][vc_row][vc_column][\/vc_column][\/vc_row][vc_row full_width=&#8220;stretch_row&#8220; css=&#8220;.vc_custom_1507564529852{background-position: center !important;background-repeat: no-repeat !important;background-size: cover !important;}&#8220;][vc_column][vc_empty_space][vc_row_inner][vc_column_inner width=&#8220;1\/4&#8243;][\/vc_column_inner][vc_column_inner width=&#8220;1\/2&#8243;][\/vc_column_inner][vc_column_inner width=&#8220;1\/4&#8243;][\/vc_column_inner][\/vc_row_inner][vc_empty_space][\/vc_column][\/vc_row][vc_row full_width=&#8220;stretch_row&#8220; css=&#8220;.vc_custom_1507815327437{margin-top: px !important;border-top-width: 1px !important;border-right-width: 1px !important;border-bottom-width: 1px !important;border-left-width: 1px !important;background-position: center !important;background-repeat: no-repeat !important;background-size: cover !important;border-left-color: #61d60e !important;border-left-style: solid !important;border-right-color: #61d60e !important;border-right-style: solid !important;border-top-color: #61d60e !important;border-top-style: solid !important;border-bottom-color: #61d60e !important;border-bottom-style: solid !important;border-radius: 1px !important;}&#8220;][vc_column][vc_empty_space height=&#8220;10px&#8220;][vc_row_inner gap=&#8220;5&#8243;][vc_column_inner width=&#8220;2\/3&#8243;][vc_column_text]<\/p>\n<p style=\"text-align: center;\"><span style=\"font-size: 12pt; font-family: 'arial black', sans-serif; color: #ff6600;\"><strong>Further Information and to Reserve, contact us here\u2026<\/strong><\/span><\/p>\n<p>[\/vc_column_text][\/vc_column_inner][vc_column_inner width=&#8220;1\/3&#8243;][vc_btn title=&#8220;Contact Us&#8220; style=&#8220;outline-custom&#8220; outline_custom_color=&#8220;#ff6600&#8243; outline_custom_hover_background=&#8220;#61d60e&#8220; outline_custom_hover_text=&#8220;#ffffff&#8220; shape=&#8220;round&#8220; align=&#8220;left&#8220; i_align=&#8220;right&#8220; i_icon_fontawesome=&#8220;fa fa-paper-plane&#8220; link=&#8220;url:http%3A%2F%2Fvitalitygroup.es%2Fcontact|||&#8220; add_icon=&#8220;true&#8220;][\/vc_column_inner][\/vc_row_inner][vc_empty_space height=&#8220;10px&#8220;][\/vc_column][\/vc_row]<\/p>\n<div class=\"pdfprnt-buttons pdfprnt-buttons-page pdfprnt-bottom-right\"><a href=\"http:\/\/vitalitygroup.es\/de\/wp-json\/wp\/v2\/pages\/2524?print=pdf\" class=\"pdfprnt-button pdfprnt-button-pdf\" target=\"_blank\"><img src=\"http:\/\/vitalitygroup.es\/wp-content\/plugins\/pdf-print\/images\/pdf.png\" alt=\"image_pdf\" title=\"View PDF\" \/><\/a><a href=\"http:\/\/vitalitygroup.es\/de\/wp-json\/wp\/v2\/pages\/2524?print=print\" class=\"pdfprnt-button pdfprnt-button-print\" target=\"_blank\"><img src=\"http:\/\/vitalitygroup.es\/wp-content\/plugins\/pdf-print\/images\/print.png\" alt=\"image_print\" title=\"Print Content\" \/><\/a><\/div>","protected":false},"excerpt":{"rendered":"<p>[vc_row full_width=&#8220;stretch_row&#8220; css=&#8220;.vc_custom_1507109553243{background-color: rgba(154,214,117,0.11) !important;*background-color: rgb(154,214,117) !important;}&#8220;][vc_column width=&#8220;1\/2&#8243;][vc_single_image image=&#8220;272&#8243; img_size=&#8220;medium&#8220; alignment=&#8220;center&#8220; style=&#8220;vc_box_shadow_border&#8220;][vc_single_image image=&#8220;855&#8243; img_size=&#8220;medium&#8220; alignment=&#8220;center&#8220; style=&#8220;vc_box_shadow_border&#8220;][\/vc_column][vc_column width=&#8220;1\/2&#8243;][vc_empty_space height=&#8220;5px&#8220;][vc_custom_heading text=&#8220;Vitality-Performance&#8220; font_container=&#8220;tag:h2|text_align:center|color:%23879691&#8243; google_fonts=&#8220;font_family:Oswald%3A300%2Cregular%2C700|font_style:300%20light%20regular%3A300%3Anormal&#8220;][vc_column_text]Vitality Rehabilitation\u00a0(7-Tage, 6-N\u00e4chte) Komplette K\u00f6rperliche Untersuchung inkl. Labordiagnostik Sympomrelevanter Behandlungsplan Medizinische Ma\u00dfnahmen zur Beschleunigung des Heilungsprozesses [\/vc_column_text][\/vc_column][\/vc_row][vc_row full_width=&#8220;stretch_row&#8220; parallax=&#8220;content-moving&#8220; parallax_image=&#8220;468&#8243; parallax_speed_bg=&#8220;2.5&#8243; css=&#8220;.vc_custom_1507729111450{background-image: url(http:\/\/vitalitygroup.es\/wp-content\/uploads\/2017\/09\/sunbeds.jpg?id=188) !important;background-position: center;background-repeat: no-repeat !important;background-size: cover !important;}&#8220;][vc_column][vc_empty_space][vc_custom_heading text=&#8220;Costing&#8220; font_container=&#8220;tag:h1|text_align:center|color:%23ffffff&#8220; google_fonts=&#8220;font_family:Oswald%3A300%2Cregular%2C700|font_style:300%20light%20regular%3A300%3Anormal&#8220;][vc_btn title=&#8220;Daten zwischen; 01<\/p>\n<div><a class=\"btn-filled btn\" href=\"http:\/\/vitalitygroup.es\/de\/vitality-active\/\" title=\"Vitality Rehabilitation\">Weiterlesen<\/a><\/div>\n","protected":false},"author":1,"featured_media":0,"parent":0,"menu_order":0,"comment_status":"closed","ping_status":"closed","template":"","meta":[],"_links":{"self":[{"href":"http:\/\/vitalitygroup.es\/de\/wp-json\/wp\/v2\/pages\/2524"}],"collection":[{"href":"http:\/\/vitalitygroup.es\/de\/wp-json\/wp\/v2\/pages"}],"about":[{"href":"http:\/\/vitalitygroup.es\/de\/wp-json\/wp\/v2\/types\/page"}],"author":[{"embeddable":true,"href":"http:\/\/vitalitygroup.es\/de\/wp-json\/wp\/v2\/users\/1"}],"replies":[{"embeddable":true,"href":"http:\/\/vitalitygroup.es\/de\/wp-json\/wp\/v2\/comments?post=2524"}],"version-history":[{"count":8,"href":"http:\/\/vitalitygroup.es\/de\/wp-json\/wp\/v2\/pages\/2524\/revisions"}],"predecessor-version":[{"id":2706,"href":"http:\/\/vitalitygroup.es\/de\/wp-json\/wp\/v2\/pages\/2524\/revisions\/2706"}],"wp:attachment":[{"href":"http:\/\/vitalitygroup.es\/de\/wp-json\/wp\/v2\/media?parent=2524"}],"curies":[{"name":"wp","href":"https:\/\/api.w.org\/{rel}","templated":true}]}}