{"id":2528,"date":"2017-12-04T17:33:44","date_gmt":"2017-12-04T15:33:44","guid":{"rendered":"http:\/\/vitalitygroup.es\/?page_id=2528"},"modified":"2017-12-04T19:19:02","modified_gmt":"2017-12-04T17:19:02","slug":"vitality-rejuvinate","status":"publish","type":"page","link":"http:\/\/vitalitygroup.es\/de\/vitality-rejuvinate\/","title":{"rendered":"Vitality-Rejuvinate"},"content":{"rendered":"<p>[vc_row full_width=&#8220;stretch_row&#8220; css=&#8220;.vc_custom_1507109553243{background-color: rgba(154,214,117,0.11) !important;*background-color: rgb(154,214,117) !important;}&#8220;][vc_column width=&#8220;1\/2&#8243;][vc_single_image image=&#8220;2497&#8243; img_size=&#8220;medium&#8220; alignment=&#8220;center&#8220; style=&#8220;vc_box_shadow_border&#8220;][vc_single_image image=&#8220;2529&#8243; img_size=&#8220;medium&#8220; alignment=&#8220;center&#8220; style=&#8220;vc_box_shadow_border&#8220;][vc_single_image image=&#8220;2530&#8243; img_size=&#8220;medium&#8220; alignment=&#8220;center&#8220; style=&#8220;vc_box_shadow_border&#8220;][\/vc_column][vc_column width=&#8220;1\/2&#8243;][vc_empty_space height=&#8220;5px&#8220;][vc_custom_heading text=&#8220;Vitality-Rejuvinate&#8220; font_container=&#8220;tag:h2|text_align:center|color:%23879691&#8243; google_fonts=&#8220;font_family:Oswald%3A300%2Cregular%2C700|font_style:300%20light%20regular%3A300%3Anormal&#8220;][vc_column_text]<span style=\"font-size: 10pt; font-family: arial, helvetica, sans-serif;\">Vitality-Sportmedizin&nbsp;f\u00fcr Rehabilitation \/ Pr\u00e4vention<br \/>\nAllgemeine Vorsorgeberatung , komplette k\u00f6rperliche Untersuchung zur Beurteilung des allgemeinen Gesundheitsstatus<\/span><br \/>\n<span style=\"font-family: arial, helvetica, sans-serif; font-size: 10pt;\">komplette Laboruntersuchung ggf. inklusive Tumormarker, Hormonstatus, Virologie und Vitaminstatus<\/span><br \/>\n<span style=\"font-family: arial, helvetica, sans-serif; font-size: 10pt;\">Untersuchung von Herz und Kreislauf in Ruhe und unter Belastung<br \/>\n<\/span><br \/>\n<span style=\"font-family: arial, helvetica, sans-serif; font-size: 10pt;\">Bei Notwendigkeit Ultraschalluntersuchung von Bauchorganen, weitere Diagnostik mit Computer- oder Kernspintomographie, Darmspiegelung <\/span><br \/>\n<span style=\"font-family: arial, helvetica, sans-serif; font-size: 10pt;\">Lungenfunktion Messung<br \/>\n<\/span><br \/>\n<span style=\"font-family: arial, helvetica, sans-serif; font-size: 10pt;\">Belastungstest zur Feststellung der Leistungsf\u00e4higkeit (Laktattest, Spiroergometrie, Fahrrad Ergometrie, Laufband Ergometrie) und als Basis f\u00fcr die Trainingsempfehlungen<br \/>\n<\/span><br \/>\n<span style=\"font-family: arial, helvetica, sans-serif; font-size: 10pt;\">weitere Diagnostik mit Computer- oder Kernspintomographie, Darmspiegelung (Koloskopie),<\/span><br \/>\n<span style=\"font-family: arial, helvetica, sans-serif; font-size: 10pt;\">Trainingsempfehlungen f\u00fcr sportliche Aktivit\u00e4ten, medizinische Trainingskontrolle, individuelles Training , Medizinische Trainingstherapie<\/span><br \/>\n<span style=\"font-family: arial, helvetica, sans-serif; font-size: 10pt;\">Beratung zur gesunden Ern\u00e4hrung, k\u00f6rperlichen Aktivit\u00e4t und ggf. Gewichtsabnahme&nbsp;<\/span><span style=\"font-family: arial, helvetica, sans-serif; font-size: 10pt;\">ausf\u00fchrliches Abschlussgespr\u00e4ch zu den Befunden und weitere Therapie- und Trainingsempfehlungen<\/span><\/p>\n<p><span style=\"font-size: 10pt;\"><strong><span style=\"font-family: arial, helvetica, sans-serif;\">*Auf Anfrage werden Kostenvoranschl\u00e4ge erstellt<\/span><\/strong><\/span>[\/vc_column_text][\/vc_column][\/vc_row][vc_row full_width=&#8220;stretch_row&#8220; parallax=&#8220;content-moving&#8220; parallax_image=&#8220;468&#8243; parallax_speed_bg=&#8220;2.5&#8243; css=&#8220;.vc_custom_1507729111450{background-image: url(http:\/\/vitalitygroup.es\/wp-content\/uploads\/2017\/09\/sunbeds.jpg?id=188) !important;background-position: center;background-repeat: no-repeat !important;background-size: cover !important;}&#8220;][vc_column][vc_empty_space][vc_custom_heading text=&#8220;Costing&#8220; font_container=&#8220;tag:h1|text_align:center|color:%23ffffff&#8220; google_fonts=&#8220;font_family:Oswald%3A300%2Cregular%2C700|font_style:300%20light%20regular%3A300%3Anormal&#8220;][vc_btn title=&#8220;Daten zwischen; 01 Mai &amp; 30 September, DZ, mit Halbpension: Auf Anfrage werden Kostenvoranschl\u00e4ge erstellt&#8220; style=&#8220;outline&#8220; shape=&#8220;round&#8220; color=&#8220;default&#8220; align=&#8220;left&#8220; i_icon_fontawesome=&#8220;fa fa-arrow-circle-o-right&#8220; button_block=&#8220;true&#8220; add_icon=&#8220;true&#8220; link=&#8220;url:http%3A%2F%2Fvitalitygroup.es%2Fde%2Fcontact||target:%20_blank|&#8220;][vc_btn title=&#8220;Daten zwischen; 01 Mai &amp; 30 September, Suite, mit Halbpension: Auf Anfrage werden Kostenvoranschl\u00e4ge erstellt&#8220; style=&#8220;outline&#8220; shape=&#8220;round&#8220; color=&#8220;default&#8220; align=&#8220;left&#8220; i_icon_fontawesome=&#8220;fa fa-arrow-circle-o-right&#8220; button_block=&#8220;true&#8220; add_icon=&#8220;true&#8220; link=&#8220;url:http%3A%2F%2Fvitalitygroup.es%2Fde%2Fcontact||target:%20_blank|&#8220;][vc_btn title=&#8220;Daten zwischen; 01 Oktober &amp; 30 April, DZ, mit Halbpension: Auf Anfrage werden Kostenvoranschl\u00e4ge erstellt&#8220; style=&#8220;outline&#8220; shape=&#8220;round&#8220; color=&#8220;default&#8220; align=&#8220;left&#8220; i_icon_fontawesome=&#8220;fa fa-arrow-circle-o-right&#8220; button_block=&#8220;true&#8220; add_icon=&#8220;true&#8220; link=&#8220;url:http%3A%2F%2Fvitalitygroup.es%2Fde%2Fcontact||target:%20_blank|&#8220;][vc_btn title=&#8220;Daten zwischen; 01 Oktober &amp; 30 April, Suite, mit Halbpension: Auf Anfrage werden Kostenvoranschl\u00e4ge erstellt&#8220; style=&#8220;outline&#8220; shape=&#8220;round&#8220; color=&#8220;default&#8220; align=&#8220;left&#8220; i_icon_fontawesome=&#8220;fa fa-arrow-circle-o-right&#8220; button_block=&#8220;true&#8220; add_icon=&#8220;true&#8220; link=&#8220;url:http%3A%2F%2Fvitalitygroup.es%2Fde%2Fcontact||target:%20_blank|&#8220;][vc_btn title=&#8220;&#8220; style=&#8220;outline&#8220; shape=&#8220;round&#8220; color=&#8220;warning&#8220; i_icon_fontawesome=&#8220;fa fa-check-circle-o&#8220; add_icon=&#8220;true&#8220; link=&#8220;url:http%3A%2F%2Fvitalitygroup.es%2Fde%2Fmedical-check-up||target:%20_blank|&#8220;][vc_empty_space][\/vc_column][\/vc_row][vc_row][vc_column][\/vc_column][\/vc_row][vc_row full_width=&#8220;stretch_row&#8220; css=&#8220;.vc_custom_1507564529852{background-position: center !important;background-repeat: no-repeat !important;background-size: cover !important;}&#8220;][vc_column][vc_empty_space][vc_row_inner][vc_column_inner width=&#8220;1\/4&#8243;][\/vc_column_inner][vc_column_inner width=&#8220;1\/2&#8243;][\/vc_column_inner][vc_column_inner width=&#8220;1\/4&#8243;][\/vc_column_inner][\/vc_row_inner][vc_empty_space][\/vc_column][\/vc_row][vc_row full_width=&#8220;stretch_row&#8220; css=&#8220;.vc_custom_1507815327437{margin-top: px !important;border-top-width: 1px !important;border-right-width: 1px !important;border-bottom-width: 1px !important;border-left-width: 1px !important;background-position: center !important;background-repeat: no-repeat !important;background-size: cover !important;border-left-color: #61d60e !important;border-left-style: solid !important;border-right-color: #61d60e !important;border-right-style: solid !important;border-top-color: #61d60e !important;border-top-style: solid !important;border-bottom-color: #61d60e !important;border-bottom-style: solid !important;border-radius: 1px !important;}&#8220;][vc_column][vc_empty_space height=&#8220;10px&#8220;][vc_row_inner gap=&#8220;5&#8243;][vc_column_inner width=&#8220;2\/3&#8243;][vc_column_text]<\/p>\n<p style=\"text-align: center;\"><span style=\"font-size: 12pt; font-family: 'arial black', sans-serif; color: #ff6600;\"><strong>Further Information and to Reserve, contact us here\u2026<\/strong><\/span><\/p>\n<p>[\/vc_column_text][\/vc_column_inner][vc_column_inner width=&#8220;1\/3&#8243;][vc_btn title=&#8220;Contact Us&#8220; style=&#8220;outline-custom&#8220; outline_custom_color=&#8220;#ff6600&#8243; outline_custom_hover_background=&#8220;#61d60e&#8220; outline_custom_hover_text=&#8220;#ffffff&#8220; shape=&#8220;round&#8220; align=&#8220;left&#8220; i_align=&#8220;right&#8220; i_icon_fontawesome=&#8220;fa fa-paper-plane&#8220; link=&#8220;url:http%3A%2F%2Fvitalitygroup.es%2Fcontact|||&#8220; add_icon=&#8220;true&#8220;][\/vc_column_inner][\/vc_row_inner][vc_empty_space height=&#8220;10px&#8220;][\/vc_column][\/vc_row]<\/p>\n<div class=\"pdfprnt-buttons pdfprnt-buttons-page pdfprnt-bottom-right\"><a href=\"http:\/\/vitalitygroup.es\/de\/wp-json\/wp\/v2\/pages\/2528?print=pdf\" class=\"pdfprnt-button pdfprnt-button-pdf\" target=\"_blank\"><img src=\"http:\/\/vitalitygroup.es\/wp-content\/plugins\/pdf-print\/images\/pdf.png\" alt=\"image_pdf\" title=\"View PDF\" \/><\/a><a href=\"http:\/\/vitalitygroup.es\/de\/wp-json\/wp\/v2\/pages\/2528?print=print\" class=\"pdfprnt-button pdfprnt-button-print\" target=\"_blank\"><img src=\"http:\/\/vitalitygroup.es\/wp-content\/plugins\/pdf-print\/images\/print.png\" alt=\"image_print\" title=\"Print Content\" \/><\/a><\/div>","protected":false},"excerpt":{"rendered":"<p>[vc_row full_width=&#8220;stretch_row&#8220; css=&#8220;.vc_custom_1507109553243{background-color: rgba(154,214,117,0.11) !important;*background-color: rgb(154,214,117) !important;}&#8220;][vc_column width=&#8220;1\/2&#8243;][vc_single_image image=&#8220;2497&#8243; img_size=&#8220;medium&#8220; alignment=&#8220;center&#8220; style=&#8220;vc_box_shadow_border&#8220;][vc_single_image image=&#8220;2529&#8243; img_size=&#8220;medium&#8220; alignment=&#8220;center&#8220; style=&#8220;vc_box_shadow_border&#8220;][vc_single_image image=&#8220;2530&#8243; img_size=&#8220;medium&#8220; alignment=&#8220;center&#8220; style=&#8220;vc_box_shadow_border&#8220;][\/vc_column][vc_column width=&#8220;1\/2&#8243;][vc_empty_space height=&#8220;5px&#8220;][vc_custom_heading text=&#8220;Vitality-Rejuvinate&#8220; font_container=&#8220;tag:h2|text_align:center|color:%23879691&#8243; google_fonts=&#8220;font_family:Oswald%3A300%2Cregular%2C700|font_style:300%20light%20regular%3A300%3Anormal&#8220;][vc_column_text]Vitality-Sportmedizin&nbsp;f\u00fcr Rehabilitation \/ Pr\u00e4vention Allgemeine Vorsorgeberatung , komplette k\u00f6rperliche Untersuchung zur Beurteilung des allgemeinen Gesundheitsstatus komplette Laboruntersuchung ggf. inklusive Tumormarker, Hormonstatus, Virologie und Vitaminstatus Untersuchung von Herz und Kreislauf in Ruhe<\/p>\n<div><a class=\"btn-filled btn\" href=\"http:\/\/vitalitygroup.es\/de\/vitality-rejuvinate\/\" title=\"Vitality-Rejuvinate\">Weiterlesen<\/a><\/div>\n","protected":false},"author":1,"featured_media":0,"parent":0,"menu_order":0,"comment_status":"closed","ping_status":"closed","template":"","meta":[],"_links":{"self":[{"href":"http:\/\/vitalitygroup.es\/de\/wp-json\/wp\/v2\/pages\/2528"}],"collection":[{"href":"http:\/\/vitalitygroup.es\/de\/wp-json\/wp\/v2\/pages"}],"about":[{"href":"http:\/\/vitalitygroup.es\/de\/wp-json\/wp\/v2\/types\/page"}],"author":[{"embeddable":true,"href":"http:\/\/vitalitygroup.es\/de\/wp-json\/wp\/v2\/users\/1"}],"replies":[{"embeddable":true,"href":"http:\/\/vitalitygroup.es\/de\/wp-json\/wp\/v2\/comments?post=2528"}],"version-history":[{"count":3,"href":"http:\/\/vitalitygroup.es\/de\/wp-json\/wp\/v2\/pages\/2528\/revisions"}],"predecessor-version":[{"id":2571,"href":"http:\/\/vitalitygroup.es\/de\/wp-json\/wp\/v2\/pages\/2528\/revisions\/2571"}],"wp:attachment":[{"href":"http:\/\/vitalitygroup.es\/de\/wp-json\/wp\/v2\/media?parent=2528"}],"curies":[{"name":"wp","href":"https:\/\/api.w.org\/{rel}","templated":true}]}}