{"id":338,"date":"2017-10-04T10:52:07","date_gmt":"2017-10-04T08:52:07","guid":{"rendered":"http:\/\/vitalitygroup.es\/?page_id=338"},"modified":"2022-02-16T15:04:42","modified_gmt":"2022-02-16T13:04:42","slug":"vitality-explore-express","status":"publish","type":"page","link":"http:\/\/vitalitygroup.es\/de\/vitality-explore-express\/","title":{"rendered":"Vitality Explore express"},"content":{"rendered":"<p>[vc_row full_width=&#8220;stretch_row&#8220; css=&#8220;.vc_custom_1507109553243{background-color: rgba(154,214,117,0.11) !important;*background-color: rgb(154,214,117) !important;}&#8220;][vc_column width=&#8220;1\/2&#8243;][vc_single_image image=&#8220;183&#8243; img_size=&#8220;medium&#8220; alignment=&#8220;center&#8220; style=&#8220;vc_box_shadow_border&#8220;][vc_empty_space][vc_single_image image=&#8220;185&#8243; img_size=&#8220;medium&#8220; alignment=&#8220;center&#8220; style=&#8220;vc_box_shadow_border&#8220;][vc_empty_space][vc_single_image image=&#8220;184&#8243; img_size=&#8220;medium&#8220; alignment=&#8220;center&#8220; style=&#8220;vc_box_shadow_border&#8220;][\/vc_column][vc_column width=&#8220;1\/2&#8243;][vc_empty_space height=&#8220;5px&#8220;][vc_custom_heading text=&#8220;Vitality Explore express<br \/>\n(4-Tage)&#8220; font_container=&#8220;tag:h2|text_align:center|color:%23f2770c&#8220; google_fonts=&#8220;font_family:Oswald%3A300%2Cregular%2C700|font_style:300%20light%20regular%3A300%3Anormal&#8220; css_animation=&#8220;fadeIn&#8220;][vc_column_text css_animation=&#8220;slideInRight&#8220;]<span style=\"font-family: arial, helvetica, sans-serif;\"><strong><span style=\"color: #808080; font-family: 'arial black', sans-serif;\"><span style=\"font-family: arial, helvetica, sans-serif; font-size: 10pt; color: #808080;\"><span style=\"font-family: 'arial black', sans-serif;\"><img loading=\"lazy\" class=\"wp-image-2844 alignnone\" src=\"http:\/\/vitalitygroup.es\/wp-content\/uploads\/2018\/01\/Vitality-ohne-Group-Logo-PNG-300x151-1-300x151.png\" alt=\"\" width=\"70\" height=\"35\" \/><\/span><\/span><\/span><\/strong><span style=\"font-family: 'arial black', sans-serif;\"><span style=\"color: #808080;\"><span style=\"font-size: 10pt; color: #808080;\"><em>Explore<\/em>\u00a0<\/span><\/span><span style=\"color: #808080;\"><span style=\"font-size: 10pt; color: #808080;\"><span style=\"color: #ff6600;\"><em>expres<\/em><\/span><\/span><\/span><strong><span style=\"color: #808080;\"><span style=\"font-size: 10pt; color: #808080;\"><span style=\"color: #ff6600;\"><em>s<\/em><\/span><\/span><\/span><\/strong><\/span><span style=\"font-weight: 400;\">\u00a0<span style=\"font-family: arial, helvetica, sans-serif;\"><strong><span style=\"color: #808080;\">Medical Wellness Kennenlern-Aufenthalt<\/span><\/strong><\/span><\/span><\/span><\/p>\n<p><span style=\"font-weight: 400; font-family: arial, helvetica, sans-serif; color: #808080;\">Vitality Explore express ist ein kompakter Kurzurlaub zum Kennenlernen von Medical Wellness in der Praxis<\/span><\/p>\n<p><span style=\"font-family: arial, helvetica, sans-serif; color: #808080;\"><span style=\"font-weight: 400;\">Eingeschlossene Leistungen sind der <\/span><b>Transfer Flughafen<\/b><span style=\"font-weight: 400;\"> \u2013 <\/span><b>Hotel<\/b><span style=\"font-weight: 400;\"> \u2013 <\/span><b>Flughafen<\/b><span style=\"font-weight: 400;\">, 3<\/span><b>\u00a0N\u00e4chte Aufenthalt im Hotel<\/b><span style=\"font-weight: 400;\">, 3<\/span><b>\u00a0Fr\u00fchst\u00fcck und 3 Abendessen der mediterranen Kochkunst<\/b><span style=\"font-weight: 400;\">.<\/span><\/span><\/p>\n<p><span style=\"font-weight: 400; font-family: arial, helvetica, sans-serif; color: #808080;\">Sie nutzen die M\u00f6glichkeiten in SPA und Fitnessbereichen, den Innen- und Au\u00dfenpool und die anliegenden Freifl\u00e4chen. Sie k\u00f6nnen die Einrichtungen in den anderen Ferienhotels besuchen und von April bis Oktober den Beach Club am eigenen Strand.<\/span><\/p>\n<p><span style=\"font-family: arial, helvetica, sans-serif; color: #808080;\"><span style=\"font-weight: 400;\">In dem Programm sind u.a. enthalten: <strong>Medizinisches Beratungsgespr\u00e4ch,<\/strong> 1 <\/span><b>K\u00f6rpermassage<\/b><span style=\"font-weight: 400;\">, 1 <\/span><b>Entspannungsmassage<\/b><span style=\"font-weight: 400;\">, 1 <\/span><b>Fu\u00dfreflexzonenmassage<\/b><\/span><\/p>\n<p><span style=\"font-family: arial, helvetica, sans-serif; color: #808080;\"><span style=\"font-weight: 400;\">Sie haben Zugang zu folgenden Zusatzkursen: <\/span><b>Zumba<\/b><span style=\"font-weight: 400;\">, <\/span><b>Body-Toning<\/b><span style=\"font-weight: 400;\">, <\/span><b>Latin \u2013 Dance<\/b><span style=\"font-weight: 400;\">, <\/span><b>weiterf\u00fchrende Tanzunterrichte<\/b><span style=\"font-weight: 400;\">, <\/span><b>Luftgewehrschie\u00dfen<\/b><span style=\"font-weight: 400;\">, <\/span><b>Bogenschie\u00dfen<\/b><span style=\"font-weight: 400;\">, <\/span><b>Badminton<\/b><span style=\"font-weight: 400;\">, <\/span><b>Tennis u.v.m<\/b><\/span><\/p>\n<p>[\/vc_column_text][\/vc_column][\/vc_row][vc_row full_width=&#8220;stretch_row&#8220; parallax=&#8220;content-moving&#8220; parallax_image=&#8220;468&#8243; parallax_speed_bg=&#8220;2.5&#8243; css=&#8220;.vc_custom_1507586931989{background-position: center;background-repeat: no-repeat !important;background-size: cover !important;}&#8220;][vc_column][vc_empty_space][vc_custom_heading text=&#8220;Preise 2018\/2019&#8243; font_container=&#8220;tag:h1|text_align:center|color:%23ffffff&#8220; google_fonts=&#8220;font_family:Oswald%3A300%2Cregular%2C700|font_style:300%20light%20regular%3A300%3Anormal&#8220;][vc_empty_space][\/vc_column][\/vc_row][vc_row full_width=&#8220;stretch_row&#8220; css=&#8220;.vc_custom_1507548626190{background-position: center !important;background-repeat: no-repeat !important;background-size: cover !important;}&#8220;][vc_column css=&#8220;.vc_custom_1516018028726{background-color: #f3fbf0 !important;}&#8220;][vc_empty_space css=&#8220;.vc_custom_1516018295078{background-color: #f3fbf0 !important;}&#8220;][vc_row_inner][vc_column_inner width=&#8220;1\/2&#8243; css=&#8220;.vc_custom_1516017811359{background-color: #f3fbf0 !important;}&#8220;][vc_column_text css=&#8220;.vc_custom_1533399346283{background-color: #f3fbf0 !important;}&#8220;]<span style=\"color: #ff6600;\"><strong>Mai, Juni und September (Juli+August auf Anfrage)<\/strong><\/span><\/p>\n<table  class=\" table table-hover\" style=\"height: 146px; width: 492px; border-color: #000000;\">\n<tbody>\n<tr>\n<td style=\"width: 139px;\"><span style=\"font-size: 10pt; font-family: 'arial black', sans-serif;\"><strong>Typ<\/strong><\/span><\/td>\n<td style=\"width: 153px;\"><span style=\"font-size: 10pt; font-family: 'arial black', sans-serif;\"><strong>Preis in \u20ac pro.Pers.<\/strong><\/span><\/td>\n<td style=\"width: 182px;\"><\/td>\n<\/tr>\n<tr>\n<td style=\"width: 139px;\"><span style=\"color: #808080;\">Suite\u00a0<\/span><\/td>\n<td style=\"width: 153px;\">\u00a01190<\/td>\n<td style=\"width: 182px;\"><a href=\"http:\/\/vitalitygroup.es\/de\/3912-2\/\">ansehen&#8230;<\/a><\/td>\n<\/tr>\n<tr>\n<td style=\"width: 139px;\"><span style=\"color: #808080;\">Penthouse Suite<\/span><\/td>\n<td style=\"width: 153px;\">\u00a01490<\/td>\n<td style=\"width: 182px;\"><a href=\"http:\/\/vitalitygroup.es\/de\/3912-2-2\/\">ansehen&#8230;<\/a><\/td>\n<\/tr>\n<tr>\n<td style=\"width: 139px;\"><span style=\"color: #808080;\">Suite mit 2 Schlafzimmern<\/span><\/td>\n<td style=\"width: 153px;\">\u00a0990 (min. 4 Pers.)<\/td>\n<td style=\"width: 182px;\"><a href=\"http:\/\/vitalitygroup.es\/de\/3912-2-3\/\">ansehen&#8230;<\/a><\/td>\n<\/tr>\n<\/tbody>\n<\/table>\n<p>[\/vc_column_text][\/vc_column_inner][vc_column_inner width=&#8220;1\/2&#8243; css=&#8220;.vc_custom_1516018270797{background-color: #f3fbf0 !important;}&#8220;][vc_column_text css=&#8220;.vc_custom_1533399335442{background-color: #f3fbf0 !important;}&#8220;]<span style=\"color: #ff6600;\"><strong>Oktober &#8211; April<\/strong><\/span><\/p>\n<table  class=\" table table-hover\" style=\"height: 146px; width: 492px; border-color: #000000;\">\n<tbody>\n<tr>\n<td style=\"width: 139px;\"><span style=\"font-size: 10pt; font-family: 'arial black', sans-serif;\"><strong>Typ<\/strong><\/span><\/td>\n<td style=\"width: 153px;\"><span style=\"font-size: 10pt; font-family: 'arial black', sans-serif;\"><strong>Preis in \u20ac pro.Pers.<\/strong><\/span><\/td>\n<td style=\"width: 182px;\"><\/td>\n<\/tr>\n<tr>\n<td style=\"width: 139px;\"><span style=\"color: #808080;\">Suite\u00a0<\/span><\/td>\n<td style=\"width: 153px;\">\u00a0990<\/td>\n<td style=\"width: 182px;\"><a href=\"http:\/\/vitalitygroup.es\/de\/3912-2\/\">ansehen&#8230;<\/a><\/td>\n<\/tr>\n<tr>\n<td style=\"width: 139px;\"><span style=\"color: #808080;\">Penthouse Suite<\/span><\/td>\n<td style=\"width: 153px;\">\u00a01290<\/td>\n<td style=\"width: 182px;\"><a href=\"http:\/\/vitalitygroup.es\/de\/3912-2-2\/\">ansehen&#8230;<\/a><\/td>\n<\/tr>\n<tr>\n<td style=\"width: 139px;\"><span style=\"color: #808080;\">Suite mit 2 Schlafzimmern<\/span><\/td>\n<td style=\"width: 153px;\">\u00a0790 (min. 4 pers.)<\/td>\n<td style=\"width: 182px;\"><a href=\"http:\/\/vitalitygroup.es\/de\/3912-2-3\/\">ansehen&#8230;<\/a><\/td>\n<\/tr>\n<\/tbody>\n<\/table>\n<p>[\/vc_column_text][\/vc_column_inner][\/vc_row_inner][vc_empty_space css=&#8220;.vc_custom_1516018288016{background-color: #f3fbf0 !important;}&#8220;][\/vc_column][\/vc_row][vc_row full_width=&#8220;stretch_row&#8220; css=&#8220;.vc_custom_1507813319866{margin-top: px !important;border-top-width: 1px !important;border-right-width: 1px !important;border-bottom-width: 1px !important;border-left-width: 1px !important;background-color: #ffffff !important;background-position: center !important;background-repeat: no-repeat !important;background-size: cover !important;border-left-color: #61d60e !important;border-left-style: solid !important;border-right-color: #61d60e !important;border-right-style: solid !important;border-top-color: #61d60e !important;border-top-style: solid !important;border-bottom-color: #61d60e !important;border-bottom-style: solid !important;border-radius: 1px !important;}&#8220;][vc_column css=&#8220;.vc_custom_1516048082408{background-color: #f3fbf0 !important;}&#8220;][vc_empty_space height=&#8220;10px&#8220; css=&#8220;.vc_custom_1516018316468{background-color: #f3fbf0 !important;}&#8220;][vc_row_inner gap=&#8220;5&#8243;][vc_column_inner width=&#8220;2\/3&#8243;][vc_column_text css=&#8220;.vc_custom_1516047025325{background-color: #f3fbf0 !important;}&#8220;]<\/p>\n<p style=\"text-align: center;\"><span style=\"font-family: arial, helvetica, sans-serif; font-size: 12pt; color: #ff6600;\"><strong>Weitere Informationen erhalten Sie hier&#8230;<\/strong><\/span><\/p>\n<p>[\/vc_column_text][\/vc_column_inner][vc_column_inner width=&#8220;1\/3&#8243;][vc_btn title=&#8220;Kontaktformular&#8220; style=&#8220;outline-custom&#8220; outline_custom_color=&#8220;#ff6600&#8243; outline_custom_hover_background=&#8220;#61d60e&#8220; outline_custom_hover_text=&#8220;#ffffff&#8220; shape=&#8220;round&#8220; align=&#8220;left&#8220; i_align=&#8220;right&#8220; i_icon_fontawesome=&#8220;fa fa-paper-plane&#8220; add_icon=&#8220;true&#8220; link=&#8220;url:http%3A%2F%2Fvitalitygroup.es%2Fde%2Fcontact%2F||target:%20_blank|&#8220; css=&#8220;.vc_custom_1533409421278{background-color: #f3fbf0 !important;}&#8220;][\/vc_column_inner][\/vc_row_inner][vc_empty_space height=&#8220;10px&#8220;][\/vc_column][\/vc_row][vc_row][vc_column][\/vc_column][\/vc_row]<\/p>\n<div class=\"pdfprnt-buttons pdfprnt-buttons-page pdfprnt-bottom-right\"><a href=\"http:\/\/vitalitygroup.es\/de\/wp-json\/wp\/v2\/pages\/338?print=pdf\" class=\"pdfprnt-button pdfprnt-button-pdf\" target=\"_blank\"><img src=\"http:\/\/vitalitygroup.es\/wp-content\/plugins\/pdf-print\/images\/pdf.png\" alt=\"image_pdf\" title=\"View PDF\" \/><\/a><a href=\"http:\/\/vitalitygroup.es\/de\/wp-json\/wp\/v2\/pages\/338?print=print\" class=\"pdfprnt-button pdfprnt-button-print\" target=\"_blank\"><img src=\"http:\/\/vitalitygroup.es\/wp-content\/plugins\/pdf-print\/images\/print.png\" alt=\"image_print\" title=\"Print Content\" \/><\/a><\/div>","protected":false},"excerpt":{"rendered":"<p>[vc_row full_width=&#8220;stretch_row&#8220; css=&#8220;.vc_custom_1507109553243{background-color: rgba(154,214,117,0.11) !important;*background-color: rgb(154,214,117) !important;}&#8220;][vc_column width=&#8220;1\/2&#8243;][vc_single_image image=&#8220;183&#8243; img_size=&#8220;medium&#8220; alignment=&#8220;center&#8220; style=&#8220;vc_box_shadow_border&#8220;][vc_empty_space][vc_single_image image=&#8220;185&#8243; img_size=&#8220;medium&#8220; alignment=&#8220;center&#8220; style=&#8220;vc_box_shadow_border&#8220;][vc_empty_space][vc_single_image image=&#8220;184&#8243; img_size=&#8220;medium&#8220; alignment=&#8220;center&#8220; style=&#8220;vc_box_shadow_border&#8220;][\/vc_column][vc_column width=&#8220;1\/2&#8243;][vc_empty_space height=&#8220;5px&#8220;][vc_custom_heading text=&#8220;Vitality Explore express (4-Tage)&#8220; font_container=&#8220;tag:h2|text_align:center|color:%23f2770c&#8220; google_fonts=&#8220;font_family:Oswald%3A300%2Cregular%2C700|font_style:300%20light%20regular%3A300%3Anormal&#8220; css_animation=&#8220;fadeIn&#8220;][vc_column_text css_animation=&#8220;slideInRight&#8220;]Explore\u00a0express\u00a0Medical Wellness Kennenlern-Aufenthalt Vitality Explore express ist ein kompakter Kurzurlaub zum Kennenlernen von Medical Wellness in der Praxis Eingeschlossene Leistungen sind der Transfer Flughafen \u2013 Hotel<\/p>\n<div><a class=\"btn-filled btn\" href=\"http:\/\/vitalitygroup.es\/de\/vitality-explore-express\/\" title=\"Vitality Explore express\">Weiterlesen<\/a><\/div>\n","protected":false},"author":1,"featured_media":0,"parent":0,"menu_order":0,"comment_status":"closed","ping_status":"closed","template":"","meta":[],"_links":{"self":[{"href":"http:\/\/vitalitygroup.es\/de\/wp-json\/wp\/v2\/pages\/338"}],"collection":[{"href":"http:\/\/vitalitygroup.es\/de\/wp-json\/wp\/v2\/pages"}],"about":[{"href":"http:\/\/vitalitygroup.es\/de\/wp-json\/wp\/v2\/types\/page"}],"author":[{"embeddable":true,"href":"http:\/\/vitalitygroup.es\/de\/wp-json\/wp\/v2\/users\/1"}],"replies":[{"embeddable":true,"href":"http:\/\/vitalitygroup.es\/de\/wp-json\/wp\/v2\/comments?post=338"}],"version-history":[{"count":357,"href":"http:\/\/vitalitygroup.es\/de\/wp-json\/wp\/v2\/pages\/338\/revisions"}],"predecessor-version":[{"id":4087,"href":"http:\/\/vitalitygroup.es\/de\/wp-json\/wp\/v2\/pages\/338\/revisions\/4087"}],"wp:attachment":[{"href":"http:\/\/vitalitygroup.es\/de\/wp-json\/wp\/v2\/media?parent=338"}],"curies":[{"name":"wp","href":"https:\/\/api.w.org\/{rel}","templated":true}]}}