{"id":359,"date":"2017-10-04T22:45:52","date_gmt":"2017-10-04T20:45:52","guid":{"rendered":"http:\/\/vitalitygroup.es\/?page_id=359"},"modified":"2018-08-04T21:07:24","modified_gmt":"2018-08-04T19:07:24","slug":"vitality-medical-elementary","status":"publish","type":"page","link":"http:\/\/vitalitygroup.es\/de\/vitality-medical-elementary\/","title":{"rendered":"Vitality Medical Elementary"},"content":{"rendered":"<p>[vc_row full_width=&#8220;stretch_row&#8220; css=&#8220;.vc_custom_1507109553243{background-color: rgba(154,214,117,0.11) !important;*background-color: rgb(154,214,117) !important;}&#8220;][vc_column width=&#8220;1\/2&#8243;][vc_single_image image=&#8220;721&#8243; img_size=&#8220;medium&#8220; alignment=&#8220;center&#8220; style=&#8220;vc_box_shadow_border&#8220;][vc_empty_space][vc_single_image image=&#8220;855&#8243; img_size=&#8220;medium&#8220; alignment=&#8220;center&#8220; style=&#8220;vc_box_shadow_border&#8220;][vc_empty_space][vc_single_image image=&#8220;272&#8243; img_size=&#8220;medium&#8220; alignment=&#8220;center&#8220; style=&#8220;vc_box_shadow_border&#8220;][vc_empty_space][vc_single_image image=&#8220;1571&#8243; img_size=&#8220;medium&#8220; alignment=&#8220;center&#8220; style=&#8220;vc_box_shadow_border&#8220;][\/vc_column][vc_column width=&#8220;1\/2&#8243;][vc_empty_space height=&#8220;5px&#8220;][vc_custom_heading text=&#8220;Vitality Medical Elementary<br \/>\n(7 Tage)&#8220; font_container=&#8220;tag:h2|text_align:center|color:%23f25b04&#8243; google_fonts=&#8220;font_family:Oswald%3A300%2Cregular%2C700|font_style:300%20light%20regular%3A300%3Anormal&#8220; css_animation=&#8220;left-to-right&#8220;][vc_column_text css_animation=&#8220;fadeInUpBig&#8220;]<span style=\"color: #808080; font-family: 'arial black', sans-serif;\"><span style=\"font-family: arial, helvetica, sans-serif; font-size: 10pt; color: #808080;\"><span style=\"font-family: 'arial black', sans-serif;\"><img loading=\"lazy\" class=\"wp-image-2844 alignnone\" src=\"http:\/\/vitalitygroup.es\/wp-content\/uploads\/2018\/01\/Vitality-ohne-Group-Logo-PNG-300x151-1-300x151.png\" alt=\"\" width=\"70\" height=\"35\" \/><\/span><\/span><span style=\"font-size: 10pt; color: #808080;\"><span style=\"font-family: 'arial black', sans-serif;\"><em><span style=\"color: #808080;\">Medical Elementary <\/span><\/em><\/span><\/span><strong><span style=\"font-family: arial, helvetica, sans-serif;\"><span style=\"font-size: 10pt; color: #808080;\"><span style=\"color: #808080;\">Basis<\/span><\/span><span style=\"font-size: 10pt; color: #808080;\"><span style=\"color: #808080;\">programm<\/span><\/span><\/span><\/strong><\/span><\/p>\n<p><span style=\"font-family: arial, helvetica, sans-serif; color: #808080;\">Ein Basis\u00a0 Arrangement bildet die Grundlage Ihres Aufenthaltes. Gemeinsam mit Ihrem behandelnden Arzt erarbeiten Sie ein an Ihren pers\u00f6nlichen Bedarf und Ihren pers\u00f6nlichen Zielen orientiertes Programm. 6\u00a0\u00dcbernachtungen mit Fr\u00fchst\u00fcck und Abendessen.<br \/>\n<\/span><br \/>\n<span style=\"font-family: arial, helvetica, sans-serif; color: #808080;\"> Zu Anfang Ihres Aufenthaltes erfolgen Anamnese, Erfassung des Risikoprofils, die <\/span><br \/>\n<span style=\"font-family: arial, helvetica, sans-serif; color: #808080;\"> klinische Untersuchung zur Erhebung des Ganzk\u00f6rperstatus, Untersuchungen aus dem Blut <\/span><br \/>\n<span style=\"font-family: arial, helvetica, sans-serif; color: #808080;\"> (einschl. Blutentnahme) und Untersuchungen aus dem Urin. In der abschlie\u00dfenden <\/span><br \/>\n<span style=\"font-family: arial, helvetica, sans-serif; color: #808080;\"> Beratung wird Ihr Behandlungsplanes festgelegt. Er basiert auf Entschlackungseinheiten, Reinigung und Regeneration und Aufbauprogramme.<\/span><\/p>\n<p><span style=\"color: #808080;\">T\u00e4glich Aquagymnastik in Gruppe, sowie Bewegungs- und Kr\u00e4ftigungstherapien in Gruppe oder mit Personal Coach und Entspannungstherapien in Gruppe. Hinzu kommen Fu\u00dfzonen- oder Kopfmassage, zwei muskul\u00e4re Sportmassagen. Es wird auch auch ein individuell abgestimmter Ern\u00e4hrungsplan aufgestellt (in selteneren F\u00e4llen werden besondere Nahrungserg\u00e4nzungen oder Supplements gegen einen geringen Aufpreis eingearbeitet).<\/span>[\/vc_column_text][\/vc_column][\/vc_row][vc_row full_width=&#8220;stretch_row&#8220; parallax=&#8220;content-moving&#8220; parallax_image=&#8220;468&#8243; parallax_speed_bg=&#8220;2.5&#8243; css=&#8220;.vc_custom_1507729019986{background-image: url(http:\/\/vitalitygroup.es\/wp-content\/uploads\/2017\/09\/sunbeds.jpg?id=188) !important;background-position: center;background-repeat: no-repeat;background-size:cover !important;}&#8220;][vc_column][vc_empty_space][vc_custom_heading text=&#8220;Preise 2018\/2019&#8243; font_container=&#8220;tag:h1|text_align:center|color:%23ffffff&#8220; google_fonts=&#8220;font_family:Oswald%3A300%2Cregular%2C700|font_style:300%20light%20regular%3A300%3Anormal&#8220;][vc_empty_space][\/vc_column][\/vc_row][vc_row full_width=&#8220;stretch_row&#8220; css=&#8220;.vc_custom_1507557055469{background-position: center !important;background-repeat: no-repeat !important;background-size: cover !important;}&#8220;][vc_column][vc_empty_space][vc_row_inner][vc_column_inner width=&#8220;1\/2&#8243;][vc_column_text]<span style=\"color: #ff6600;\"><strong>Mai, Juni und September (Juli+August auf Anfrage)<\/strong><\/span><\/p>\n<table  class=\" table table-hover\" style=\"height: 146px; width: 492px; border-color: #000000;\">\n<tbody>\n<tr>\n<td style=\"width: 139px;\"><span style=\"font-size: 10pt; font-family: 'arial black', sans-serif;\"><strong>Typ<\/strong><\/span><\/td>\n<td style=\"width: 153px;\"><span style=\"font-size: 10pt; font-family: 'arial black', sans-serif;\"><strong>Preis in \u20ac pro.Pers.<\/strong><\/span><\/td>\n<td style=\"width: 182px;\"><\/td>\n<\/tr>\n<tr>\n<td style=\"width: 139px;\"><span style=\"color: #808080;\">Suite\u00a0<\/span><\/td>\n<td style=\"width: 153px;\">\u00a02490<\/td>\n<td style=\"width: 182px;\"><a href=\"http:\/\/vitalitygroup.es\/de\/3912-2\/\">ansehen&#8230;<\/a><\/td>\n<\/tr>\n<tr>\n<td style=\"width: 139px;\"><span style=\"color: #808080;\">Penthouse Suite<\/span><\/td>\n<td style=\"width: 153px;\">\u00a02690<\/td>\n<td style=\"width: 182px;\"><a href=\"http:\/\/vitalitygroup.es\/de\/3912-2-2\/\">ansehen&#8230;<\/a><\/td>\n<\/tr>\n<tr>\n<td style=\"width: 139px;\"><span style=\"color: #808080;\">Suite mit 2 Schlafzimmern<\/span><\/td>\n<td style=\"width: 153px;\">\u00a02290 (mind. 4 Pers.)<\/td>\n<td style=\"width: 182px;\"><a href=\"http:\/\/vitalitygroup.es\/de\/3912-2-3\/\">ansehen&#8230;<\/a><\/td>\n<\/tr>\n<\/tbody>\n<\/table>\n<p>[\/vc_column_text][\/vc_column_inner][vc_column_inner width=&#8220;1\/2&#8243;][vc_column_text]<span style=\"color: #ff6600;\"><strong>Oktober &#8211; April<\/strong><\/span><\/p>\n<table  class=\" table table-hover\" style=\"height: 146px; width: 492px; border-color: #000000;\">\n<tbody>\n<tr>\n<td style=\"width: 139px;\"><span style=\"font-size: 10pt; font-family: 'arial black', sans-serif;\"><strong>Typ<\/strong><\/span><\/td>\n<td style=\"width: 153px;\"><span style=\"font-size: 10pt; font-family: 'arial black', sans-serif;\"><strong>Preis in \u20ac pro.Pers.<\/strong><\/span><\/td>\n<td style=\"width: 182px;\"><\/td>\n<\/tr>\n<tr>\n<td style=\"width: 139px;\"><span style=\"color: #808080;\">Suite\u00a0<\/span><\/td>\n<td style=\"width: 153px;\">\u00a02290<\/td>\n<td style=\"width: 182px;\"><a href=\"http:\/\/vitalitygroup.es\/de\/3912-2\/\">ansehen&#8230;<\/a><\/td>\n<\/tr>\n<tr>\n<td style=\"width: 139px;\"><span style=\"color: #808080;\">Penthouse Suite<\/span><\/td>\n<td style=\"width: 153px;\">\u00a02490<\/td>\n<td style=\"width: 182px;\"><a href=\"http:\/\/vitalitygroup.es\/de\/3912-2-2\/\">ansehen&#8230;<\/a><\/td>\n<\/tr>\n<tr>\n<td style=\"width: 139px;\"><span style=\"color: #808080;\">Suite mit 2 Schlafzimmern<\/span><\/td>\n<td style=\"width: 153px;\">\u00a02090 (mind. 4 Pers.)<\/td>\n<td style=\"width: 182px;\"><a href=\"http:\/\/vitalitygroup.es\/de\/3912-2-3\/\">ansehen&#8230;<\/a><\/td>\n<\/tr>\n<\/tbody>\n<\/table>\n<p>[\/vc_column_text][\/vc_column_inner][\/vc_row_inner][vc_empty_space][\/vc_column][\/vc_row][vc_row full_width=&#8220;stretch_row&#8220; css=&#8220;.vc_custom_1507557065960{margin-top: px !important;border-top-width: 1px !important;border-right-width: 1px !important;border-bottom-width: 1px !important;border-left-width: 1px !important;background-position: center !important;background-repeat: no-repeat !important;background-size: cover !important;border-left-color: #61d60e !important;border-left-style: solid !important;border-right-color: #61d60e !important;border-right-style: solid !important;border-top-color: #61d60e !important;border-top-style: solid !important;border-bottom-color: #61d60e !important;border-bottom-style: solid !important;border-radius: 1px !important;}&#8220;][vc_column][vc_empty_space height=&#8220;10px&#8220;][vc_row_inner gap=&#8220;5&#8243;][vc_column_inner width=&#8220;2\/3&#8243;][vc_column_text]<\/p>\n<p style=\"text-align: center;\"><span style=\"font-family: arial, helvetica, sans-serif; color: #ff6600;\"><strong>Weitere Informationen oder Reservierung hier:<\/strong><\/span><\/p>\n<p>[\/vc_column_text][\/vc_column_inner][vc_column_inner width=&#8220;1\/3&#8243;][vc_btn title=&#8220;Kontaktformular&#8220; style=&#8220;outline-custom&#8220; outline_custom_color=&#8220;#ff6600&#8243; outline_custom_hover_background=&#8220;#61d60e&#8220; outline_custom_hover_text=&#8220;#ffffff&#8220; shape=&#8220;round&#8220; align=&#8220;left&#8220; i_align=&#8220;right&#8220; i_icon_fontawesome=&#8220;fa fa-paper-plane&#8220; add_icon=&#8220;true&#8220; link=&#8220;url:http%3A%2F%2Fvitalitygroup.es%2Fde%2Fcontact%2F||target:%20_blank|&#8220;][\/vc_column_inner][\/vc_row_inner][vc_empty_space height=&#8220;10px&#8220;][\/vc_column][\/vc_row]<\/p>\n<div class=\"pdfprnt-buttons pdfprnt-buttons-page pdfprnt-bottom-right\"><a href=\"http:\/\/vitalitygroup.es\/de\/wp-json\/wp\/v2\/pages\/359?print=pdf\" class=\"pdfprnt-button pdfprnt-button-pdf\" target=\"_blank\"><img src=\"http:\/\/vitalitygroup.es\/wp-content\/plugins\/pdf-print\/images\/pdf.png\" alt=\"image_pdf\" title=\"View PDF\" \/><\/a><a href=\"http:\/\/vitalitygroup.es\/de\/wp-json\/wp\/v2\/pages\/359?print=print\" class=\"pdfprnt-button pdfprnt-button-print\" target=\"_blank\"><img src=\"http:\/\/vitalitygroup.es\/wp-content\/plugins\/pdf-print\/images\/print.png\" alt=\"image_print\" title=\"Print Content\" \/><\/a><\/div>","protected":false},"excerpt":{"rendered":"<p>[vc_row full_width=&#8220;stretch_row&#8220; css=&#8220;.vc_custom_1507109553243{background-color: rgba(154,214,117,0.11) !important;*background-color: rgb(154,214,117) !important;}&#8220;][vc_column width=&#8220;1\/2&#8243;][vc_single_image image=&#8220;721&#8243; img_size=&#8220;medium&#8220; alignment=&#8220;center&#8220; style=&#8220;vc_box_shadow_border&#8220;][vc_empty_space][vc_single_image image=&#8220;855&#8243; img_size=&#8220;medium&#8220; alignment=&#8220;center&#8220; style=&#8220;vc_box_shadow_border&#8220;][vc_empty_space][vc_single_image image=&#8220;272&#8243; img_size=&#8220;medium&#8220; alignment=&#8220;center&#8220; style=&#8220;vc_box_shadow_border&#8220;][vc_empty_space][vc_single_image image=&#8220;1571&#8243; img_size=&#8220;medium&#8220; alignment=&#8220;center&#8220; style=&#8220;vc_box_shadow_border&#8220;][\/vc_column][vc_column width=&#8220;1\/2&#8243;][vc_empty_space height=&#8220;5px&#8220;][vc_custom_heading text=&#8220;Vitality Medical Elementary (7 Tage)&#8220; font_container=&#8220;tag:h2|text_align:center|color:%23f25b04&#8243; google_fonts=&#8220;font_family:Oswald%3A300%2Cregular%2C700|font_style:300%20light%20regular%3A300%3Anormal&#8220; css_animation=&#8220;left-to-right&#8220;][vc_column_text css_animation=&#8220;fadeInUpBig&#8220;]Medical Elementary Basisprogramm Ein Basis\u00a0 Arrangement bildet die Grundlage Ihres Aufenthaltes. Gemeinsam mit Ihrem behandelnden Arzt erarbeiten Sie ein an Ihren<\/p>\n<div><a class=\"btn-filled btn\" href=\"http:\/\/vitalitygroup.es\/de\/vitality-medical-elementary\/\" title=\"Vitality Medical Elementary\">Weiterlesen<\/a><\/div>\n","protected":false},"author":1,"featured_media":0,"parent":0,"menu_order":0,"comment_status":"closed","ping_status":"closed","template":"","meta":[],"_links":{"self":[{"href":"http:\/\/vitalitygroup.es\/de\/wp-json\/wp\/v2\/pages\/359"}],"collection":[{"href":"http:\/\/vitalitygroup.es\/de\/wp-json\/wp\/v2\/pages"}],"about":[{"href":"http:\/\/vitalitygroup.es\/de\/wp-json\/wp\/v2\/types\/page"}],"author":[{"embeddable":true,"href":"http:\/\/vitalitygroup.es\/de\/wp-json\/wp\/v2\/users\/1"}],"replies":[{"embeddable":true,"href":"http:\/\/vitalitygroup.es\/de\/wp-json\/wp\/v2\/comments?post=359"}],"version-history":[{"count":192,"href":"http:\/\/vitalitygroup.es\/de\/wp-json\/wp\/v2\/pages\/359\/revisions"}],"predecessor-version":[{"id":4019,"href":"http:\/\/vitalitygroup.es\/de\/wp-json\/wp\/v2\/pages\/359\/revisions\/4019"}],"wp:attachment":[{"href":"http:\/\/vitalitygroup.es\/de\/wp-json\/wp\/v2\/media?parent=359"}],"curies":[{"name":"wp","href":"https:\/\/api.w.org\/{rel}","templated":true}]}}