{"id":365,"date":"2017-10-04T22:49:19","date_gmt":"2017-10-04T20:49:19","guid":{"rendered":"http:\/\/vitalitygroup.es\/?page_id=365"},"modified":"2018-08-04T21:13:49","modified_gmt":"2018-08-04T19:13:49","slug":"vitality-detox","status":"publish","type":"page","link":"http:\/\/vitalitygroup.es\/de\/vitality-detox\/","title":{"rendered":"Vitality Detox"},"content":{"rendered":"<p>[vc_row full_width=&#8220;stretch_row&#8220; css=&#8220;.vc_custom_1507109553243{background-color: rgba(154,214,117,0.11) !important;*background-color: rgb(154,214,117) !important;}&#8220;][vc_column width=&#8220;1\/2&#8243;][vc_single_image image=&#8220;398&#8243; img_size=&#8220;medium&#8220; alignment=&#8220;center&#8220; style=&#8220;vc_box_shadow_border&#8220;][vc_empty_space][vc_single_image image=&#8220;1465&#8243; img_size=&#8220;medium&#8220; alignment=&#8220;center&#8220; style=&#8220;vc_box_shadow_border&#8220;][vc_empty_space][vc_single_image image=&#8220;1005&#8243; img_size=&#8220;medium&#8220; alignment=&#8220;center&#8220; style=&#8220;vc_box_shadow_border&#8220;][\/vc_column][vc_column width=&#8220;1\/2&#8243;][vc_empty_space height=&#8220;5px&#8220;][vc_custom_heading text=&#8220;Vitality Detox<br \/>\n(7 Tage)&#8220; font_container=&#8220;tag:h2|text_align:center|color:%23f76402&#8243; google_fonts=&#8220;font_family:Oswald%3A300%2Cregular%2C700|font_style:300%20light%20regular%3A300%3Anormal&#8220; css_animation=&#8220;fadeInUp&#8220;][vc_column_text css_animation=&#8220;fadeInUp&#8220;]<span style=\"font-family: arial, helvetica, sans-serif;\"><strong><span style=\"font-family: 'arial black', sans-serif; color: #808080;\"><span style=\"font-family: arial, helvetica, sans-serif; font-size: 10pt; color: #808080;\"><span style=\"font-family: 'arial black', sans-serif;\"><img loading=\"lazy\" class=\"wp-image-2844 alignnone\" src=\"http:\/\/vitalitygroup.es\/wp-content\/uploads\/2018\/01\/Vitality-ohne-Group-Logo-PNG-300x151-1-300x151.png\" alt=\"\" width=\"70\" height=\"35\" \/><\/span><\/span><\/span><\/strong><span style=\"font-family: 'arial black', sans-serif; color: #808080;\"><span style=\"font-family: arial, helvetica, sans-serif; font-size: 10pt; color: #808080;\"><span style=\"font-family: 'arial black', sans-serif;\"><span style=\"font-size: 12pt;\"><em>Detox\u00a0<\/em><\/span><\/span><\/span><\/span><strong>Entgiftungsprogramm\u00a0<\/strong><\/span><\/p>\n<p><span style=\"font-family: arial, helvetica, sans-serif; color: #808080;\">Um den Organismus von Schadstoffen zu befreien, braucht der K\u00f6rper in regelm\u00e4\u00dfigen Abst\u00e4nden eine tiefgehende Entschlackung und Entgiftung f\u00fcr Leber, Darm, Galle, Nieren und Haut. Als Detoxifikation werden alle stoffwechselbezogenen Prozesse verstanden, durch die unerw\u00fcnschte Schadstoffe aus dem Organismus transportiert werden. Diese Prozesse laufen dabei im gesamten Organismus ab, wobei die Leber das wichtigste beteiligte Organ ist. <\/span><br \/>\n<span style=\"font-family: arial, helvetica, sans-serif; color: #808080;\">Vitalstoffe und Ern\u00e4hrung spielen einen wichtigen Beitrag zur erfolgreichen Entgiftung des K\u00f6rpers und dem Abbau von Schadstoffen. Proteinmangel verringert die Stoffwechselreaktionen, wohingegen Ern\u00e4hrung mit vielen Proteinen ihn steigert. Effiziente Umwandlungsreaktionen bei der Detoxifikation ben\u00f6tigen eine Reihe von N\u00e4hrstoffen. Ein Mangel bestimmter Vitamine und Mineralien verursacht dass die enzymatischen Reaktionen abnehmen bzw. verlangsamt werden, die zur Entgiftung des K\u00f6rpers f\u00fchren sollen. Hier sind insbesondere zu nennen: Vitamin A, B2, B3, B12, Vitamin E, Kalzium, Eisen, Kupfer, Zink, Selen, Magnesium. Es erfolgen entsprechende Supplementbehandlungen, ebenso k\u00f6nnen intraven\u00f6se Infusionen zum Ausgleich von Defiziten, zur Verbesserung der Ausscheidung und zur Energiegewinnung beitragen. Verbreicht werden spezielle Massagen, Aquabehandlungen und ein spezielles Ern\u00e4hrungsprogramm.<\/span><\/p>\n<p><span style=\"color: #808080; font-family: arial, helvetica, sans-serif;\"><strong><em>Vitality\u00a0Detox <\/em>&#8211; beinhaltet:<\/strong><\/span><\/p>\n<ul>\n<li><span style=\"color: #808080; font-family: arial, helvetica, sans-serif;\">Flughafentransfer\u00a0<\/span><\/li>\n<li><span style=\"color: #808080; font-family: arial, helvetica, sans-serif;\"><strong>6<\/strong>\u00a0N\u00e4chte Aufenthalt in einer privaten Suite im Boutique Hotel<strong><span style=\"color: #ff6600;\">\u00a0Hydros Wellness &amp; Spa<\/span><\/strong><\/span><\/li>\n<li><strong><span style=\"font-family: arial, helvetica, sans-serif; color: #808080;\">Medizinischer Check-Up inkl. Anamnese und Bluttest, med. Beratung, individueller Di\u00e4t- und Behandlungsplan<\/span><\/strong><\/li>\n<li><span style=\"color: #808080; font-family: arial, helvetica, sans-serif;\">Entgiftungs-\/ Entschlackungsdi\u00e4t mit Fr\u00fchst\u00fcck, Mittagessen und Abendbrot (\u00fcberwiegend alkalisches Essen) gem\u00e4ss\u00a0\u00e4rztlicher Vorgabe\/Empfehlung\u00a0\u00a0<\/span><\/li>\n<li><span style=\"font-family: arial, helvetica, sans-serif; color: #808080;\">Verschiedene medizinische Therapien als auch Wellness-Behandlungen (z.B. Hautentgiftungsanwendung und div. Massagen)<\/span><\/li>\n<li><span style=\"color: #808080; font-family: arial, helvetica, sans-serif;\">Benutzung des Spa, Fitnessr\u00e4ume, Innen- und Aussenpool, Zugang zum Strandclub mit Erlebnispool und vielen anderen saisonabh\u00e4ngigen Angeboten und Veranstaltungen innerhalb des Ressorts.<\/span><\/li>\n<\/ul>\n<p><span style=\"font-family: arial, helvetica, sans-serif; color: #ff6600;\">Die ideale Dauer einer Therapieperiode sollte aus medizinischer Sicht zwei oder drei Wochen betragen. Der Erfolg der Behandlungen tritt entsprechend des biologischen Rhythmus des K\u00f6rpers erst am Ende der zweiten und dann vollends in der dritten Woche ein. Je l\u00e4nger Sie Ihren Aufenthalt gestalten, desto erfolgreicher und langanhaltend ist der Behandlungserfolg. Sollten Sie weniger Zeit zur Verf\u00fcgung haben, werden wir Sie beraten, wie Sie die Therapie zu Hause bestm\u00f6glich fortf\u00fchren k\u00f6nnen! Ihr Erfolg ist auch unser!<\/span>[\/vc_column_text][\/vc_column][\/vc_row][vc_row full_width=&#8220;stretch_row&#8220; parallax=&#8220;content-moving&#8220; parallax_image=&#8220;468&#8243; parallax_speed_bg=&#8220;2.5&#8243; css=&#8220;.vc_custom_1507728937221{background-position: center;background-repeat: no-repeat !important;background-size: cover !important;}&#8220;][vc_column][vc_empty_space][vc_custom_heading text=&#8220;Preise 2018\/2019&#8243; font_container=&#8220;tag:h1|text_align:center|color:%23ffffff&#8220; google_fonts=&#8220;font_family:Oswald%3A300%2Cregular%2C700|font_style:300%20light%20regular%3A300%3Anormal&#8220;][vc_column_text][\/vc_column_text][vc_empty_space][\/vc_column][\/vc_row][vc_row full_width=&#8220;stretch_row&#8220; css=&#8220;.vc_custom_1507560310908{background-position: center !important;background-repeat: no-repeat !important;background-size: cover !important;}&#8220;][vc_column][vc_empty_space][vc_row_inner][vc_column_inner width=&#8220;1\/2&#8243;][vc_column_text]<span style=\"color: #ff6600;\"><strong>Mai, Juni und September (Juli &amp; August auf Anfrage)<\/strong><\/span><\/p>\n<table  class=\" table table-hover\" style=\"height: 146px; width: 492px; border-color: #000000;\">\n<tbody>\n<tr>\n<td style=\"width: 139px;\"><span style=\"font-size: 10pt; font-family: 'arial black', sans-serif;\"><strong>Typ<\/strong><\/span><\/td>\n<td style=\"width: 153px;\"><span style=\"font-size: 10pt; font-family: 'arial black', sans-serif;\"><strong>Preis in \u20ac p.P.<\/strong><\/span><\/td>\n<td style=\"width: 182px;\"><\/td>\n<\/tr>\n<tr>\n<td style=\"width: 139px;\"><span style=\"color: #808080;\">Suite<\/span><\/td>\n<td style=\"width: 153px;\">\u00a02590<\/td>\n<td style=\"width: 182px;\"><a href=\"http:\/\/vitalitygroup.es\/de\/3912-2\/\">ansehen&#8230;<\/a><\/td>\n<\/tr>\n<tr>\n<td style=\"width: 139px;\"><span style=\"color: #808080;\">Penthouse-Suite<\/span><\/td>\n<td style=\"width: 153px;\">\u00a02790<\/td>\n<td style=\"width: 182px;\"><a href=\"http:\/\/vitalitygroup.es\/de\/3912-2-2\/\">ansehen&#8230;<\/a><\/td>\n<\/tr>\n<tr>\n<td style=\"width: 139px;\"><span style=\"color: #808080; font-size: 10pt;\">2 Schlafzimmer Suite<\/span><\/td>\n<td style=\"width: 153px;\">\u00a02390 (min. 4 Pers.)<\/td>\n<td style=\"width: 182px;\"><a href=\"http:\/\/vitalitygroup.es\/de\/3912-2-3\/\">ansehen&#8230;<\/a><\/td>\n<\/tr>\n<\/tbody>\n<\/table>\n<p>[\/vc_column_text][\/vc_column_inner][vc_column_inner width=&#8220;1\/2&#8243;][vc_column_text]<span style=\"color: #ff6600;\"><strong>Oktober &#8211; April<\/strong><\/span><\/p>\n<table  class=\" table table-hover\" style=\"height: 146px; width: 442px;\">\n<tbody>\n<tr>\n<td style=\"width: 139px;\"><span style=\"font-size: 10pt; font-family: 'arial black', sans-serif;\"><strong>Typ<\/strong><\/span><\/td>\n<td style=\"width: 153px; text-align: left;\"><span style=\"font-size: 10pt; font-family: 'arial black', sans-serif;\"><strong>Preis in \u20ac p.P.<\/strong><\/span><\/td>\n<td style=\"width: 161px;\"><\/td>\n<\/tr>\n<tr>\n<td style=\"width: 139px;\"><span style=\"color: #808080;\">Suite<\/span><\/td>\n<td style=\"width: 153px; text-align: left;\">\u00a02390<\/td>\n<td style=\"width: 161px;\"><a href=\"http:\/\/vitalitygroup.es\/de\/3912-2\/\">ansehen&#8230;<\/a><\/td>\n<\/tr>\n<tr>\n<td style=\"width: 139px;\"><span style=\"color: #808080;\">Penthouse-Suite<\/span><\/td>\n<td style=\"width: 153px; text-align: left;\">\u00a02590<\/td>\n<td style=\"width: 161px;\"><a href=\"http:\/\/vitalitygroup.es\/de\/3912-2-2\/\">ansehen&#8230;<\/a><\/td>\n<\/tr>\n<tr>\n<td style=\"width: 139px;\"><span style=\"color: #808080; font-size: 10pt;\">2 Schlafzimmer Suite<\/span><\/td>\n<td style=\"width: 153px; text-align: left;\">\u00a02190 (min. 4 Pers.)<\/td>\n<td style=\"width: 161px;\"><a href=\"http:\/\/vitalitygroup.es\/de\/3912-2-3\/\">ansehen&#8230;<\/a><\/td>\n<\/tr>\n<\/tbody>\n<\/table>\n<p>[\/vc_column_text][\/vc_column_inner][\/vc_row_inner][vc_empty_space][\/vc_column][\/vc_row][vc_row full_width=&#8220;stretch_row&#8220; css=&#8220;.vc_custom_1507814896682{margin-top: px !important;border-top-width: 1px !important;border-right-width: 1px !important;border-bottom-width: 1px !important;border-left-width: 1px !important;background-position: center !important;background-repeat: no-repeat !important;background-size: cover !important;border-left-color: #61d60e !important;border-left-style: solid !important;border-right-color: #61d60e !important;border-right-style: solid !important;border-top-color: #61d60e !important;border-top-style: solid !important;border-bottom-color: #61d60e !important;border-bottom-style: solid !important;border-radius: 1px !important;}&#8220;][vc_column][vc_empty_space height=&#8220;10px&#8220;][vc_row_inner gap=&#8220;5&#8243;][vc_column_inner width=&#8220;2\/3&#8243;][vc_column_text]<\/p>\n<p style=\"text-align: center;\"><span style=\"font-size: 12pt; font-family: 'arial black', sans-serif; color: #ff6600;\"><strong>Weitere Informationen oder Reservierung hier:<\/strong><\/span><\/p>\n<p>[\/vc_column_text][\/vc_column_inner][vc_column_inner width=&#8220;1\/3&#8243;][vc_btn title=&#8220;Kontaktformular&#8220; style=&#8220;outline-custom&#8220; outline_custom_color=&#8220;#ff6600&#8243; outline_custom_hover_background=&#8220;#61d60e&#8220; outline_custom_hover_text=&#8220;#ffffff&#8220; shape=&#8220;round&#8220; align=&#8220;left&#8220; i_align=&#8220;right&#8220; i_icon_fontawesome=&#8220;fa fa-paper-plane&#8220; add_icon=&#8220;true&#8220; link=&#8220;url:http%3A%2F%2Fvitalitygroup.es%2Fde%2Fcontact%2F||target:%20_blank|&#8220;][\/vc_column_inner][\/vc_row_inner][vc_empty_space height=&#8220;10px&#8220;][\/vc_column][\/vc_row]<\/p>\n<div class=\"pdfprnt-buttons pdfprnt-buttons-page pdfprnt-bottom-right\"><a href=\"http:\/\/vitalitygroup.es\/de\/wp-json\/wp\/v2\/pages\/365?print=pdf\" class=\"pdfprnt-button pdfprnt-button-pdf\" target=\"_blank\"><img src=\"http:\/\/vitalitygroup.es\/wp-content\/plugins\/pdf-print\/images\/pdf.png\" alt=\"image_pdf\" title=\"View PDF\" \/><\/a><a href=\"http:\/\/vitalitygroup.es\/de\/wp-json\/wp\/v2\/pages\/365?print=print\" class=\"pdfprnt-button pdfprnt-button-print\" target=\"_blank\"><img src=\"http:\/\/vitalitygroup.es\/wp-content\/plugins\/pdf-print\/images\/print.png\" alt=\"image_print\" title=\"Print Content\" \/><\/a><\/div>","protected":false},"excerpt":{"rendered":"<p>[vc_row full_width=&#8220;stretch_row&#8220; css=&#8220;.vc_custom_1507109553243{background-color: rgba(154,214,117,0.11) !important;*background-color: rgb(154,214,117) !important;}&#8220;][vc_column width=&#8220;1\/2&#8243;][vc_single_image image=&#8220;398&#8243; img_size=&#8220;medium&#8220; alignment=&#8220;center&#8220; style=&#8220;vc_box_shadow_border&#8220;][vc_empty_space][vc_single_image image=&#8220;1465&#8243; img_size=&#8220;medium&#8220; alignment=&#8220;center&#8220; style=&#8220;vc_box_shadow_border&#8220;][vc_empty_space][vc_single_image image=&#8220;1005&#8243; img_size=&#8220;medium&#8220; alignment=&#8220;center&#8220; style=&#8220;vc_box_shadow_border&#8220;][\/vc_column][vc_column width=&#8220;1\/2&#8243;][vc_empty_space height=&#8220;5px&#8220;][vc_custom_heading text=&#8220;Vitality Detox (7 Tage)&#8220; font_container=&#8220;tag:h2|text_align:center|color:%23f76402&#8243; google_fonts=&#8220;font_family:Oswald%3A300%2Cregular%2C700|font_style:300%20light%20regular%3A300%3Anormal&#8220; css_animation=&#8220;fadeInUp&#8220;][vc_column_text css_animation=&#8220;fadeInUp&#8220;]Detox\u00a0Entgiftungsprogramm\u00a0 Um den Organismus von Schadstoffen zu befreien, braucht der K\u00f6rper in regelm\u00e4\u00dfigen Abst\u00e4nden eine tiefgehende Entschlackung und Entgiftung f\u00fcr Leber, Darm, Galle, Nieren und Haut.<\/p>\n<div><a class=\"btn-filled btn\" href=\"http:\/\/vitalitygroup.es\/de\/vitality-detox\/\" title=\"Vitality Detox\">Weiterlesen<\/a><\/div>\n","protected":false},"author":1,"featured_media":0,"parent":0,"menu_order":0,"comment_status":"closed","ping_status":"closed","template":"","meta":[],"_links":{"self":[{"href":"http:\/\/vitalitygroup.es\/de\/wp-json\/wp\/v2\/pages\/365"}],"collection":[{"href":"http:\/\/vitalitygroup.es\/de\/wp-json\/wp\/v2\/pages"}],"about":[{"href":"http:\/\/vitalitygroup.es\/de\/wp-json\/wp\/v2\/types\/page"}],"author":[{"embeddable":true,"href":"http:\/\/vitalitygroup.es\/de\/wp-json\/wp\/v2\/users\/1"}],"replies":[{"embeddable":true,"href":"http:\/\/vitalitygroup.es\/de\/wp-json\/wp\/v2\/comments?post=365"}],"version-history":[{"count":128,"href":"http:\/\/vitalitygroup.es\/de\/wp-json\/wp\/v2\/pages\/365\/revisions"}],"predecessor-version":[{"id":4021,"href":"http:\/\/vitalitygroup.es\/de\/wp-json\/wp\/v2\/pages\/365\/revisions\/4021"}],"wp:attachment":[{"href":"http:\/\/vitalitygroup.es\/de\/wp-json\/wp\/v2\/media?parent=365"}],"curies":[{"name":"wp","href":"https:\/\/api.w.org\/{rel}","templated":true}]}}