{"id":369,"date":"2017-10-04T22:53:35","date_gmt":"2017-10-04T20:53:35","guid":{"rendered":"http:\/\/vitalitygroup.es\/?page_id=369"},"modified":"2018-08-04T21:05:41","modified_gmt":"2018-08-04T19:05:41","slug":"vitality-explore","status":"publish","type":"page","link":"http:\/\/vitalitygroup.es\/de\/vitality-explore\/","title":{"rendered":"Vitality Explore 7 Tage"},"content":{"rendered":"<p>[vc_row full_width=&#8220;stretch_row&#8220; css=&#8220;.vc_custom_1507109553243{background-color: rgba(154,214,117,0.11) !important;*background-color: rgb(154,214,117) !important;}&#8220;][vc_column width=&#8220;1\/2&#8243;][vc_single_image image=&#8220;183&#8243; img_size=&#8220;medium&#8220; alignment=&#8220;center&#8220; style=&#8220;vc_box_shadow_border&#8220;][vc_empty_space][vc_single_image image=&#8220;185&#8243; img_size=&#8220;medium&#8220; alignment=&#8220;center&#8220; style=&#8220;vc_box_shadow_border&#8220;][vc_empty_space][vc_single_image image=&#8220;184&#8243; img_size=&#8220;medium&#8220; alignment=&#8220;center&#8220; style=&#8220;vc_box_shadow_border&#8220;][\/vc_column][vc_column width=&#8220;1\/2&#8243;][vc_empty_space height=&#8220;5px&#8220;][vc_custom_heading text=&#8220;Vitality Explore<br \/>\n(7-Tage)&#8220; font_container=&#8220;tag:h2|text_align:center|color:%23f28100&#8243; google_fonts=&#8220;font_family:Oswald%3A300%2Cregular%2C700|font_style:300%20light%20regular%3A300%3Anormal&#8220; css_animation=&#8220;slideInDown&#8220;][vc_column_text css_animation=&#8220;fadeInUp&#8220;]<span style=\"color: #808080; font-family: 'arial black', sans-serif;\"><span style=\"font-family: arial, helvetica, sans-serif; font-size: 10pt; color: #808080;\"><span style=\"font-family: 'arial black', sans-serif;\"><img loading=\"lazy\" class=\"wp-image-2844 alignnone\" src=\"http:\/\/vitalitygroup.es\/wp-content\/uploads\/2018\/01\/Vitality-ohne-Group-Logo-PNG-300x151-1-300x151.png\" alt=\"\" width=\"70\" height=\"35\" \/><\/span><\/span><em>Explore <\/em><strong><span style=\"font-family: arial, helvetica, sans-serif;\">Medical Wellness Kennenlern-Aufenthalt<\/span><\/strong><\/span><\/p>\n<p><span style=\"color: #808080; font-family: arial, helvetica, sans-serif;\">Das &#8218;Explore&#8216; ist ein allgemeines Grundprogramm zum Kennenlernen unserer Programme und unserer Philosophie.<br \/>\n<\/span><br \/>\n<span style=\"color: #808080; font-family: arial, helvetica, sans-serif;\">Sie erhalten entsprechend Ihrer Zimmerwahl einen 7-t\u00e4gigen Aufenthalt.<br \/>\nEingeschlossene Leistungen sind der <strong>Transfer Flughafen<\/strong> \u2013 <strong>Hotel<\/strong> \u2013 <strong>Flughafen<\/strong>, 6<strong>\u00a0N\u00e4chte Aufenthalt im Hotel<\/strong>, 6<strong>\u00a0Fr\u00fchst\u00fcck und 6 Abendessen der mediterranen Kochkunst<\/strong>.<br \/>\n<\/span><br \/>\n<span style=\"color: #808080; font-family: arial, helvetica, sans-serif;\">Sie nutzen die vielen M\u00f6glichkeiten im SPA und den Fitnessbereichen, den Innen- und Au\u00dfenpool mit anliegenden Freifl\u00e4chen. Als &#8218;Vitality VIP&#8216; haben Sie zus\u00e4tzlich Zugang zu den Einrichtungen und Aktivit\u00e4ten der anderen 3 Hotels im Resort, inklusive des Strandklubs <span style=\"font-size: 8pt;\">(Apr. &#8211; Okt.)<\/span><\/span><\/p>\n<p><span style=\"color: #808080; font-family: arial, helvetica, sans-serif;\">In dem Programm sind u.a. enthalten:\u00a0<\/span><span style=\"color: #808080; font-family: arial, helvetica, sans-serif;\">2 <strong>K\u00f6rpermassage<\/strong>, 2 <strong>Entspannungsmassage<\/strong>, 2 <strong>Fu\u00dfreflexzonenmassage<\/strong>, <strong>sowie t\u00e4glich Aquagymnastik<\/strong> und <strong>t\u00e4glich alternierend Pilates und Stretching<\/strong>.<\/span><\/p>\n<p><span style=\"color: #808080; font-family: arial, helvetica, sans-serif;\">Sie haben Zugang zu folgenden Zusatzkursen:\u00a0<\/span><span style=\"color: #808080; font-family: arial, helvetica, sans-serif;\"><strong>Zumba<\/strong>, <strong>Body-Toning<\/strong>, <strong>Latin &#8211; Dance<\/strong>, <strong>weiterf\u00fchrende Tanzunterrichte<\/strong>, <strong>Luftgewehrschie\u00dfen<\/strong>, <strong>Bogenschie\u00dfen<\/strong>, <strong>Badminton<\/strong>, <strong>Tennis u.v.m<\/strong><\/span><\/p>\n<p><span style=\"color: #808080; font-family: arial, helvetica, sans-serif;\">Die ideale Dauer eines medizinisch effektiven Aufenthaltes sollte unseren Erfahrungen nach zwei oder drei Wochen betragen. Der Erfolg der Behandlungen tritt entsprechend des biologischen Rhythmus des K\u00f6rpers erst am Ende der zweiten oder in der dritten Woche ein. Je l\u00e4nger Sie Ihren Aufenthalt gestalten, desto erfolgreicher und nachhaltiger ist der Behandlungserfolg.<\/span>[\/vc_column_text][\/vc_column][\/vc_row][vc_row full_width=&#8220;stretch_row&#8220; parallax=&#8220;content-moving&#8220; parallax_image=&#8220;468&#8243; parallax_speed_bg=&#8220;2.5&#8243; css=&#8220;.vc_custom_1507729154176{background-image: url(http:\/\/vitalitygroup.es\/wp-content\/uploads\/2017\/09\/sunbeds.jpg?id=188) !important;background-position: center;background-repeat: no-repeat;background-size: cover !important;}&#8220;][vc_column][vc_empty_space][vc_custom_heading text=&#8220;Preise 2018\/2019&#8243; font_container=&#8220;tag:h1|text_align:center|color:%23ffffff&#8220; google_fonts=&#8220;font_family:Oswald%3A300%2Cregular%2C700|font_style:300%20light%20regular%3A300%3Anormal&#8220;][vc_empty_space][\/vc_column][\/vc_row][vc_row][vc_column width=&#8220;1\/2&#8243;][vc_column_text]<span style=\"color: #ff6600;\"><strong>Mai, Juni und September (Juli+August auf Anfrage)<\/strong><\/span><\/p>\n<table  class=\" table table-hover\" style=\"height: 146px; width: 492px; border-color: #000000;\">\n<tbody>\n<tr>\n<td style=\"width: 139px;\"><span style=\"font-size: 10pt; font-family: 'arial black', sans-serif;\"><strong>Typ<\/strong><\/span><\/td>\n<td style=\"width: 153px;\"><span style=\"font-size: 10pt; font-family: 'arial black', sans-serif;\"><strong>Preis in \u20ac pro.Pers.<\/strong><\/span><\/td>\n<td style=\"width: 182px;\"><\/td>\n<\/tr>\n<tr>\n<td style=\"width: 139px;\"><span style=\"color: #808080;\">Suite\u00a0<\/span><\/td>\n<td style=\"width: 153px;\">\u00a01690<\/td>\n<td style=\"width: 182px;\"><a href=\"http:\/\/vitalitygroup.es\/de\/3912-2\/\">ansehen&#8230;<\/a><\/td>\n<\/tr>\n<tr>\n<td style=\"width: 139px;\"><span style=\"color: #808080;\">Penthouse Suite<\/span><\/td>\n<td style=\"width: 153px;\">\u00a01990<\/td>\n<td style=\"width: 182px;\"><a href=\"http:\/\/vitalitygroup.es\/de\/3912-2-2\/\">ansehen&#8230;<\/a><\/td>\n<\/tr>\n<tr>\n<td style=\"width: 139px;\"><span style=\"color: #808080;\">Suite mit 2 Schlafzimmern<\/span><\/td>\n<td style=\"width: 153px;\">\u00a01490 (mind. 4 Pers.)<\/td>\n<td style=\"width: 182px;\"><a href=\"http:\/\/vitalitygroup.es\/de\/3912-2-3\/\">ansehen&#8230;<\/a><\/td>\n<\/tr>\n<\/tbody>\n<\/table>\n<p>[\/vc_column_text][\/vc_column][vc_column width=&#8220;1\/2&#8243;][vc_column_text]<span style=\"color: #ff6600;\"><strong>Oktober &#8211; April<\/strong><\/span><\/p>\n<table  class=\" table table-hover\" style=\"height: 146px; width: 492px; border-color: #000000;\">\n<tbody>\n<tr>\n<td style=\"width: 139px;\"><span style=\"font-size: 10pt; font-family: 'arial black', sans-serif;\"><strong>Typ<\/strong><\/span><\/td>\n<td style=\"width: 153px;\"><span style=\"font-size: 10pt; font-family: 'arial black', sans-serif;\"><strong>Preis in \u20ac pro.Pers.<\/strong><\/span><\/td>\n<td style=\"width: 182px;\"><\/td>\n<\/tr>\n<tr>\n<td style=\"width: 139px;\"><span style=\"color: #808080;\">Suite\u00a0<\/span><\/td>\n<td style=\"width: 153px;\">\u00a01490<\/td>\n<td style=\"width: 182px;\"><a href=\"http:\/\/vitalitygroup.es\/de\/3912-2\/\">ansehen&#8230;<\/a><\/td>\n<\/tr>\n<tr>\n<td style=\"width: 139px;\"><span style=\"color: #808080;\">Penthouse Suite<\/span><\/td>\n<td style=\"width: 153px;\">\u00a01790<\/td>\n<td style=\"width: 182px;\"><a href=\"http:\/\/vitalitygroup.es\/de\/3912-2-2\/\">ansehen&#8230;<\/a><\/td>\n<\/tr>\n<tr>\n<td style=\"width: 139px;\"><span style=\"color: #808080;\">Suite mit 2 Schlafzimmern<\/span><\/td>\n<td style=\"width: 153px;\">\u00a01290 (mind. 4 Pers.)<\/td>\n<td style=\"width: 182px;\"><a href=\"http:\/\/vitalitygroup.es\/de\/3912-2-3\/\">ansehen&#8230;<\/a><\/td>\n<\/tr>\n<\/tbody>\n<\/table>\n<p>[\/vc_column_text][\/vc_column][\/vc_row][vc_row full_width=&#8220;stretch_row&#8220; css=&#8220;.vc_custom_1507813262547{margin-top: px !important;border-top-width: 1px !important;border-right-width: 1px !important;border-bottom-width: 1px !important;border-left-width: 1px !important;background-position: center !important;background-repeat: no-repeat !important;background-size: cover !important;border-left-color: #61d60e !important;border-left-style: solid !important;border-right-color: #61d60e !important;border-right-style: solid !important;border-top-color: #61d60e !important;border-top-style: solid !important;border-bottom-color: #61d60e !important;border-bottom-style: solid !important;border-radius: 1px !important;}&#8220;][vc_column][vc_empty_space height=&#8220;10px&#8220;][vc_row_inner gap=&#8220;5&#8243;][vc_column_inner width=&#8220;2\/3&#8243;][vc_column_text]<\/p>\n<p style=\"text-align: center;\"><span style=\"font-family: arial, helvetica, sans-serif; font-size: 12pt; color: #ff6600;\"><strong>Weitere Informationen erhalten Sie hier&#8230;<\/strong><\/span><\/p>\n<p>[\/vc_column_text][\/vc_column_inner][vc_column_inner width=&#8220;1\/3&#8243;][vc_btn title=&#8220;Kontaktformular&#8220; style=&#8220;outline-custom&#8220; outline_custom_color=&#8220;#ff6600&#8243; outline_custom_hover_background=&#8220;#61d60e&#8220; outline_custom_hover_text=&#8220;#ffffff&#8220; shape=&#8220;round&#8220; align=&#8220;left&#8220; i_align=&#8220;right&#8220; i_icon_fontawesome=&#8220;fa fa-paper-plane&#8220; add_icon=&#8220;true&#8220; link=&#8220;url:http%3A%2F%2Fvitalitygroup.es%2Fde%2Fcontact%2F||target:%20_blank|&#8220;][\/vc_column_inner][\/vc_row_inner][vc_empty_space height=&#8220;10px&#8220;][\/vc_column][\/vc_row]<\/p>\n<div class=\"pdfprnt-buttons pdfprnt-buttons-page pdfprnt-bottom-right\"><a href=\"http:\/\/vitalitygroup.es\/de\/wp-json\/wp\/v2\/pages\/369?print=pdf\" class=\"pdfprnt-button pdfprnt-button-pdf\" target=\"_blank\"><img src=\"http:\/\/vitalitygroup.es\/wp-content\/plugins\/pdf-print\/images\/pdf.png\" alt=\"image_pdf\" title=\"View PDF\" \/><\/a><a href=\"http:\/\/vitalitygroup.es\/de\/wp-json\/wp\/v2\/pages\/369?print=print\" class=\"pdfprnt-button pdfprnt-button-print\" target=\"_blank\"><img src=\"http:\/\/vitalitygroup.es\/wp-content\/plugins\/pdf-print\/images\/print.png\" alt=\"image_print\" title=\"Print Content\" \/><\/a><\/div>","protected":false},"excerpt":{"rendered":"<p>[vc_row full_width=&#8220;stretch_row&#8220; css=&#8220;.vc_custom_1507109553243{background-color: rgba(154,214,117,0.11) !important;*background-color: rgb(154,214,117) !important;}&#8220;][vc_column width=&#8220;1\/2&#8243;][vc_single_image image=&#8220;183&#8243; img_size=&#8220;medium&#8220; alignment=&#8220;center&#8220; style=&#8220;vc_box_shadow_border&#8220;][vc_empty_space][vc_single_image image=&#8220;185&#8243; img_size=&#8220;medium&#8220; alignment=&#8220;center&#8220; style=&#8220;vc_box_shadow_border&#8220;][vc_empty_space][vc_single_image image=&#8220;184&#8243; img_size=&#8220;medium&#8220; alignment=&#8220;center&#8220; style=&#8220;vc_box_shadow_border&#8220;][\/vc_column][vc_column width=&#8220;1\/2&#8243;][vc_empty_space height=&#8220;5px&#8220;][vc_custom_heading text=&#8220;Vitality Explore (7-Tage)&#8220; font_container=&#8220;tag:h2|text_align:center|color:%23f28100&#8243; google_fonts=&#8220;font_family:Oswald%3A300%2Cregular%2C700|font_style:300%20light%20regular%3A300%3Anormal&#8220; css_animation=&#8220;slideInDown&#8220;][vc_column_text css_animation=&#8220;fadeInUp&#8220;]Explore Medical Wellness Kennenlern-Aufenthalt Das &#8218;Explore&#8216; ist ein allgemeines Grundprogramm zum Kennenlernen unserer Programme und unserer Philosophie. Sie erhalten entsprechend Ihrer Zimmerwahl einen 7-t\u00e4gigen Aufenthalt. Eingeschlossene Leistungen<\/p>\n<div><a class=\"btn-filled btn\" href=\"http:\/\/vitalitygroup.es\/de\/vitality-explore\/\" title=\"Vitality Explore 7 Tage\">Weiterlesen<\/a><\/div>\n","protected":false},"author":1,"featured_media":0,"parent":0,"menu_order":0,"comment_status":"closed","ping_status":"closed","template":"","meta":[],"_links":{"self":[{"href":"http:\/\/vitalitygroup.es\/de\/wp-json\/wp\/v2\/pages\/369"}],"collection":[{"href":"http:\/\/vitalitygroup.es\/de\/wp-json\/wp\/v2\/pages"}],"about":[{"href":"http:\/\/vitalitygroup.es\/de\/wp-json\/wp\/v2\/types\/page"}],"author":[{"embeddable":true,"href":"http:\/\/vitalitygroup.es\/de\/wp-json\/wp\/v2\/users\/1"}],"replies":[{"embeddable":true,"href":"http:\/\/vitalitygroup.es\/de\/wp-json\/wp\/v2\/comments?post=369"}],"version-history":[{"count":189,"href":"http:\/\/vitalitygroup.es\/de\/wp-json\/wp\/v2\/pages\/369\/revisions"}],"predecessor-version":[{"id":4018,"href":"http:\/\/vitalitygroup.es\/de\/wp-json\/wp\/v2\/pages\/369\/revisions\/4018"}],"wp:attachment":[{"href":"http:\/\/vitalitygroup.es\/de\/wp-json\/wp\/v2\/media?parent=369"}],"curies":[{"name":"wp","href":"https:\/\/api.w.org\/{rel}","templated":true}]}}