{"id":371,"date":"2017-10-04T22:54:55","date_gmt":"2017-10-04T20:54:55","guid":{"rendered":"http:\/\/vitalitygroup.es\/?page_id=371"},"modified":"2022-02-16T15:11:16","modified_gmt":"2022-02-16T13:11:16","slug":"vitality-sport","status":"publish","type":"page","link":"http:\/\/vitalitygroup.es\/de\/vitality-sport\/","title":{"rendered":"Vitality Sport"},"content":{"rendered":"<p>[vc_row full_width=&#8220;stretch_row&#8220; css=&#8220;.vc_custom_1507109553243{background-color: rgba(154,214,117,0.11) !important;*background-color: rgb(154,214,117) !important;}&#8220;][vc_column width=&#8220;1\/2&#8243;][vc_single_image image=&#8220;906&#8243; img_size=&#8220;medium&#8220; alignment=&#8220;center&#8220; style=&#8220;vc_box_shadow_border&#8220;][vc_empty_space][vc_single_image image=&#8220;3533&#8243; img_size=&#8220;medium&#8220; alignment=&#8220;center&#8220; style=&#8220;vc_box_shadow_border&#8220;][vc_empty_space][vc_single_image image=&#8220;3528&#8243; img_size=&#8220;medium&#8220; alignment=&#8220;center&#8220; style=&#8220;vc_box_shadow_border&#8220;][vc_empty_space][vc_single_image image=&#8220;3535&#8243; img_size=&#8220;medium&#8220; alignment=&#8220;center&#8220; style=&#8220;vc_box_shadow_border&#8220;][\/vc_column][vc_column width=&#8220;1\/2&#8243;][vc_empty_space height=&#8220;5px&#8220;][vc_custom_heading text=&#8220;Vitality Sport<br \/>\n(7 Tage)&#8220; font_container=&#8220;tag:h2|text_align:center|color:%23fc6b0a&#8220; google_fonts=&#8220;font_family:Oswald%3A300%2Cregular%2C700|font_style:300%20light%20regular%3A300%3Anormal&#8220; css_animation=&#8220;fadeInRight&#8220;][vc_column_text css_animation=&#8220;fadeInRightBig&#8220;]<strong><img loading=\"lazy\" class=\"wp-image-2844 alignnone\" src=\"http:\/\/vitalitygroup.es\/wp-content\/uploads\/2018\/01\/Vitality-ohne-Group-Logo-PNG-300x151-1-300x151.png\" alt=\"\" width=\"70\" height=\"35\" \/><\/strong><span style=\"font-family: arial, helvetica, sans-serif;\"><em><span style=\"font-family: 'arial black', sans-serif; color: #808080;\">Sport<\/span>\u00a0<\/em><\/span><span style=\"color: #808080; font-family: arial, helvetica, sans-serif; font-size: 10pt;\">\u00a0<strong>Leistungsdiagnostik \/ Trainingsplangestaltung \/\u00a0<\/strong><\/span><strong><span style=\"color: #808080; font-family: arial, helvetica, sans-serif; font-size: 13.3333px;\">Rehabilitation \/ Pr\u00e4vention<\/span><\/strong><\/p>\n<p><span style=\"font-family: arial, helvetica, sans-serif; color: #808080;\">Allgemeine Vorsorgeberatung , komplette k\u00f6rperliche Untersuchung zur Beurteilung des allgemeinen Gesundheitsstatus komplette Laboruntersuchung ggf. inklusive Hormonstatus, Virologie und Vitamin- und Mineralienstatus<\/span><br \/>\n<span style=\"font-family: arial, helvetica, sans-serif; color: #808080;\">Untersuchung von Herz und Kreislauf in Ruhe und unter Belastung<\/span><\/p>\n<p><span style=\"font-family: arial, helvetica, sans-serif; color: #808080;\">Bei Notwendigkeit Ultraschalluntersuchung und weitere Diagnostik mit Computer- oder Kernspintomographie, Darmspiegelung , Lungenfunktionsmessung, Koloskopie<\/span><\/p>\n<p><span style=\"font-family: arial, helvetica, sans-serif; color: #808080;\">Belastungstest zur Feststellung der Leistungsf\u00e4higkeit (Laktattest, Spiroergometrie, Fahrrad Ergometrie, Laufband Ergometrie), gleichzeitig Basis f\u00fcr die Trainingsempfehlungen<\/span><br \/>\n<span style=\"font-family: arial, helvetica, sans-serif; color: #808080;\">Trainingsempfehlungen f\u00fcr sportliche Aktivit\u00e4ten, medizinische Trainingskontrolle, individuelles Training , Medizinische Trainingstherapien,<\/span><br \/>\n<span style=\"font-family: arial, helvetica, sans-serif; color: #808080;\">Beratung zur gesunden Ern\u00e4hrung zur Steigerung der k\u00f6rperlichen Aktivit\u00e4t und ggf. auch zur Gewichtsabnahme <\/span><br \/>\n<span style=\"font-family: arial, helvetica, sans-serif; color: #808080;\">Ausf\u00fchrliches Abschlussgespr\u00e4ch zu den Befunden und weitere Therapie- und Trainingsempfehlungen<\/span><\/p>\n<p><span style=\"font-family: arial, helvetica, sans-serif; color: #808080;\">W\u00e4hrend der 7 Tage\/ 6 N\u00e4chte nutzen Sie die M\u00f6glichkeiten in SPA und Fitnessbereichen, den Innen- und Au\u00dfenpool und die anliegenden Freifl\u00e4chen. Sie k\u00f6nnen die Einrichtungen in den anderen Ferienhotels besuchen und von April bis Oktober den Beach Club am Strand. <\/span><br \/>\n<span style=\"font-family: arial, helvetica, sans-serif; color: #808080;\">Sie k\u00f6nnen weiterhin durchf\u00fchren: t\u00e4glich Aquagymnastik, t\u00e4glich alternierend Pilates und Stretching <\/span><br \/>\n<span style=\"font-family: arial, helvetica, sans-serif; color: #808080;\">Sie k\u00f6nnen an folgenden Kursen teilnehmen: Zumba, Body-Toning, Latin &#8211; Dance, weiterf\u00fchrende Tanzunterrichte, Luftgewehrschie\u00dfen, Bogenschie\u00dfen, Badminton, Tennis, uvm&#8230;<\/span><br \/>\n<span style=\"font-family: arial, helvetica, sans-serif; color: #808080;\">Die ideale Dauer eines Aufenthaltes sollte unseren Erfahrungen nach zwei oder drei Wochen betragen. Der Erfolg der Behandlungen tritt entsprechend des biologischen Rhythmus des K\u00f6rpers erst am Ende der zweiten und dann in der dritten Woche ein. Je l\u00e4nger Sie Ihren Aufenthalt gestalten, desto erfolgreicher und nachhaltiger ist der Behandlungserfolg.\u00a0<\/span><\/p>\n<p><span style=\"font-family: arial, helvetica, sans-serif; color: #808080;\">*Auf Anfrage werden Kostenvoranschl\u00e4ge f\u00fcr medizinischen Service und\/oder Individualbetreuung durch profisportqualifizierte Fachleute\u00a0 erstellt<\/span>[\/vc_column_text][\/vc_column][\/vc_row][vc_row full_width=&#8220;stretch_row&#8220; parallax=&#8220;content-moving&#8220; parallax_image=&#8220;468&#8243; parallax_speed_bg=&#8220;2.5&#8243; css=&#8220;.vc_custom_1507729111450{background-image: url(http:\/\/vitalitygroup.es\/wp-content\/uploads\/2017\/09\/sunbeds.jpg?id=188) !important;background-position: center;background-repeat: no-repeat !important;background-size: cover !important;}&#8220;][vc_column][vc_empty_space][vc_custom_heading text=&#8220;Preise ab&#8220; font_container=&#8220;tag:h1|text_align:center|color:%23ffffff&#8220; google_fonts=&#8220;font_family:Oswald%3A300%2Cregular%2C700|font_style:300%20light%20regular%3A300%3Anormal&#8220;][vc_empty_space][\/vc_column][\/vc_row][vc_row full_width=&#8220;stretch_row&#8220; css=&#8220;.vc_custom_1507564529852{background-position: center !important;background-repeat: no-repeat !important;background-size: cover !important;}&#8220;][vc_column][vc_empty_space][vc_row_inner][vc_column_inner width=&#8220;1\/2&#8243;][vc_column_text]<span style=\"color: #ff6600;\"><strong>Mai, Juni und September (Juli+August auf Anfrage)<\/strong><\/span><\/p>\n<table  class=\" table table-hover\" style=\"height: 146px; width: 492px; border-color: #000000;\">\n<tbody>\n<tr>\n<td style=\"width: 139px;\"><span style=\"font-size: 10pt; font-family: 'arial black', sans-serif;\"><strong>Typ<\/strong><\/span><\/td>\n<td style=\"width: 153px;\"><span style=\"font-size: 10pt; font-family: 'arial black', sans-serif;\"><strong>Preis in \u20ac pro.Pers.<\/strong><\/span><\/td>\n<td style=\"width: 182px;\"><\/td>\n<\/tr>\n<tr>\n<td style=\"width: 139px;\"><span style=\"color: #808080;\">Suite\u00a0<\/span><\/td>\n<td style=\"width: 153px;\">\u00a02490<\/td>\n<td style=\"width: 182px;\"><a href=\"http:\/\/vitalitygroup.es\/de\/3912-2\/\">ansehen&#8230;<\/a><\/td>\n<\/tr>\n<tr>\n<td style=\"width: 139px;\"><span style=\"color: #808080;\">Penthouse Suite<\/span><\/td>\n<td style=\"width: 153px;\">\u00a02690<\/td>\n<td style=\"width: 182px;\"><a href=\"http:\/\/vitalitygroup.es\/de\/3912-2-2\/\">ansehen&#8230;<\/a><\/td>\n<\/tr>\n<tr>\n<td style=\"width: 139px;\"><span style=\"color: #808080;\">Suite mit 2 Schlafzimmern<\/span><\/td>\n<td style=\"width: 153px;\">\u00a02290 (mind. 4 Pers.)<\/td>\n<td style=\"width: 182px;\"><a href=\"http:\/\/vitalitygroup.es\/de\/3912-2-3\/\">ansehen&#8230;<\/a><\/td>\n<\/tr>\n<\/tbody>\n<\/table>\n<p>[\/vc_column_text][\/vc_column_inner][vc_column_inner width=&#8220;1\/2&#8243;][vc_column_text]<span style=\"color: #ff6600;\"><strong>Oktober &#8211; April<\/strong><\/span><\/p>\n<table  class=\" table table-hover\" style=\"height: 146px; width: 492px; border-color: #000000;\">\n<tbody>\n<tr>\n<td style=\"width: 139px;\"><span style=\"font-size: 10pt; font-family: 'arial black', sans-serif;\"><strong>Typ<\/strong><\/span><\/td>\n<td style=\"width: 153px;\"><span style=\"font-size: 10pt; font-family: 'arial black', sans-serif;\"><strong>Preis in \u20ac pro.Pers.<\/strong><\/span><\/td>\n<td style=\"width: 182px;\"><\/td>\n<\/tr>\n<tr>\n<td style=\"width: 139px;\"><span style=\"color: #808080;\">Suite\u00a0<\/span><\/td>\n<td style=\"width: 153px;\">\u00a02290<\/td>\n<td style=\"width: 182px;\"><a href=\"http:\/\/vitalitygroup.es\/de\/3912-2\/\">ansehen&#8230;<\/a><\/td>\n<\/tr>\n<tr>\n<td style=\"width: 139px;\"><span style=\"color: #808080;\">Penthouse Suite<\/span><\/td>\n<td style=\"width: 153px;\">\u00a02490<\/td>\n<td style=\"width: 182px;\"><a href=\"http:\/\/vitalitygroup.es\/de\/3912-2-2\/\">ansehen&#8230;<\/a><\/td>\n<\/tr>\n<tr>\n<td style=\"width: 139px;\"><span style=\"color: #808080;\">Suite mit 2 Schlafzimmern<\/span><\/td>\n<td style=\"width: 153px;\">\u00a02090 (mind. 4 Pers.)<\/td>\n<td style=\"width: 182px;\"><a href=\"http:\/\/vitalitygroup.es\/de\/3912-2-3\/\">ansehen&#8230;<\/a><\/td>\n<\/tr>\n<\/tbody>\n<\/table>\n<p>[\/vc_column_text][\/vc_column_inner][\/vc_row_inner][vc_empty_space][\/vc_column][\/vc_row][vc_row full_width=&#8220;stretch_row&#8220; css=&#8220;.vc_custom_1507815327437{margin-top: px !important;border-top-width: 1px !important;border-right-width: 1px !important;border-bottom-width: 1px !important;border-left-width: 1px !important;background-position: center !important;background-repeat: no-repeat !important;background-size: cover !important;border-left-color: #61d60e !important;border-left-style: solid !important;border-right-color: #61d60e !important;border-right-style: solid !important;border-top-color: #61d60e !important;border-top-style: solid !important;border-bottom-color: #61d60e !important;border-bottom-style: solid !important;border-radius: 1px !important;}&#8220;][vc_column][vc_empty_space height=&#8220;10px&#8220;][vc_row_inner gap=&#8220;5&#8243;][vc_column_inner width=&#8220;2\/3&#8243;][vc_column_text]<\/p>\n<p style=\"text-align: center;\"><span style=\"font-size: 12pt; font-family: 'arial black', sans-serif; color: #ff6600;\"><strong>Weitere Informationen oder Reservierung hier:<\/strong><\/span><\/p>\n<p>[\/vc_column_text][\/vc_column_inner][vc_column_inner width=&#8220;1\/3&#8243;][vc_btn title=&#8220;Kontaktformular&#8220; style=&#8220;outline-custom&#8220; outline_custom_color=&#8220;#ff6600&#8243; outline_custom_hover_background=&#8220;#61d60e&#8220; outline_custom_hover_text=&#8220;#ffffff&#8220; shape=&#8220;round&#8220; align=&#8220;left&#8220; i_align=&#8220;right&#8220; i_icon_fontawesome=&#8220;fa fa-paper-plane&#8220; add_icon=&#8220;true&#8220; link=&#8220;url:http%3A%2F%2Fvitalitygroup.es%2Fde%2Fcontact%2F||target:%20_blank|&#8220;][\/vc_column_inner][\/vc_row_inner][vc_empty_space height=&#8220;10px&#8220;][\/vc_column][\/vc_row]<\/p>\n<div class=\"pdfprnt-buttons pdfprnt-buttons-page pdfprnt-bottom-right\"><a href=\"http:\/\/vitalitygroup.es\/de\/wp-json\/wp\/v2\/pages\/371?print=pdf\" class=\"pdfprnt-button pdfprnt-button-pdf\" target=\"_blank\"><img src=\"http:\/\/vitalitygroup.es\/wp-content\/plugins\/pdf-print\/images\/pdf.png\" alt=\"image_pdf\" title=\"View PDF\" \/><\/a><a href=\"http:\/\/vitalitygroup.es\/de\/wp-json\/wp\/v2\/pages\/371?print=print\" class=\"pdfprnt-button pdfprnt-button-print\" target=\"_blank\"><img src=\"http:\/\/vitalitygroup.es\/wp-content\/plugins\/pdf-print\/images\/print.png\" alt=\"image_print\" title=\"Print Content\" \/><\/a><\/div>","protected":false},"excerpt":{"rendered":"<p>[vc_row full_width=&#8220;stretch_row&#8220; css=&#8220;.vc_custom_1507109553243{background-color: rgba(154,214,117,0.11) !important;*background-color: rgb(154,214,117) !important;}&#8220;][vc_column width=&#8220;1\/2&#8243;][vc_single_image image=&#8220;906&#8243; img_size=&#8220;medium&#8220; alignment=&#8220;center&#8220; style=&#8220;vc_box_shadow_border&#8220;][vc_empty_space][vc_single_image image=&#8220;3533&#8243; img_size=&#8220;medium&#8220; alignment=&#8220;center&#8220; style=&#8220;vc_box_shadow_border&#8220;][vc_empty_space][vc_single_image image=&#8220;3528&#8243; img_size=&#8220;medium&#8220; alignment=&#8220;center&#8220; style=&#8220;vc_box_shadow_border&#8220;][vc_empty_space][vc_single_image image=&#8220;3535&#8243; img_size=&#8220;medium&#8220; alignment=&#8220;center&#8220; style=&#8220;vc_box_shadow_border&#8220;][\/vc_column][vc_column width=&#8220;1\/2&#8243;][vc_empty_space height=&#8220;5px&#8220;][vc_custom_heading text=&#8220;Vitality Sport (7 Tage)&#8220; font_container=&#8220;tag:h2|text_align:center|color:%23fc6b0a&#8220; google_fonts=&#8220;font_family:Oswald%3A300%2Cregular%2C700|font_style:300%20light%20regular%3A300%3Anormal&#8220; css_animation=&#8220;fadeInRight&#8220;][vc_column_text css_animation=&#8220;fadeInRightBig&#8220;]Sport\u00a0\u00a0Leistungsdiagnostik \/ Trainingsplangestaltung \/\u00a0Rehabilitation \/ Pr\u00e4vention Allgemeine Vorsorgeberatung , komplette k\u00f6rperliche Untersuchung zur Beurteilung des allgemeinen Gesundheitsstatus komplette Laboruntersuchung ggf. inklusive Hormonstatus,<\/p>\n<div><a class=\"btn-filled btn\" href=\"http:\/\/vitalitygroup.es\/de\/vitality-sport\/\" title=\"Vitality Sport\">Weiterlesen<\/a><\/div>\n","protected":false},"author":1,"featured_media":0,"parent":0,"menu_order":0,"comment_status":"closed","ping_status":"closed","template":"","meta":[],"_links":{"self":[{"href":"http:\/\/vitalitygroup.es\/de\/wp-json\/wp\/v2\/pages\/371"}],"collection":[{"href":"http:\/\/vitalitygroup.es\/de\/wp-json\/wp\/v2\/pages"}],"about":[{"href":"http:\/\/vitalitygroup.es\/de\/wp-json\/wp\/v2\/types\/page"}],"author":[{"embeddable":true,"href":"http:\/\/vitalitygroup.es\/de\/wp-json\/wp\/v2\/users\/1"}],"replies":[{"embeddable":true,"href":"http:\/\/vitalitygroup.es\/de\/wp-json\/wp\/v2\/comments?post=371"}],"version-history":[{"count":108,"href":"http:\/\/vitalitygroup.es\/de\/wp-json\/wp\/v2\/pages\/371\/revisions"}],"predecessor-version":[{"id":4092,"href":"http:\/\/vitalitygroup.es\/de\/wp-json\/wp\/v2\/pages\/371\/revisions\/4092"}],"wp:attachment":[{"href":"http:\/\/vitalitygroup.es\/de\/wp-json\/wp\/v2\/media?parent=371"}],"curies":[{"name":"wp","href":"https:\/\/api.w.org\/{rel}","templated":true}]}}