{"id":3912,"date":"2018-07-19T15:55:32","date_gmt":"2018-07-19T13:55:32","guid":{"rendered":"http:\/\/vitalitygroup.es\/?page_id=3912"},"modified":"2018-07-19T17:18:45","modified_gmt":"2018-07-19T15:18:45","slug":"3912-2","status":"publish","type":"page","link":"http:\/\/vitalitygroup.es\/de\/3912-2\/","title":{"rendered":"Suite"},"content":{"rendered":"<p>[vc_row][vc_column][vc_column_text]Mit einer Kapazit\u00e4t von bis zu 4 Personen (1 Doppelbett + 1 Doppelsofabett) erf\u00fcllt diese Suite alle Urlaubsw\u00fcnsche!<\/p>\n<p>Das separat schliessbare Schlafzimmer hat ein &#8222;Queensize-Doppelbett&#8220; und garantiert einen erholsamen Schlaf.<\/p>\n<p>Vom modern eingerichteten Wohnzimmer gelangt man auf die riesige (~60m2) Terrasse mit lururi\u00f6sem Whirlpool und einer atemberaubenden Aussicht direkt auf das Mittelmeer!<\/p>\n<table  class=\" table table-hover\" border=\"0\" width=\"100%\" cellspacing=\"0\" cellpadding=\"0\">\n<tbody>\n<tr>\n<td height=\"23\">\u2022<\/td>\n<td>Garantierter Meerblick<\/td>\n<td>\u2022<\/td>\n<td>Wifi-Internet in der Suite<\/td>\n<td>\u2022<\/td>\n<td>Tresor<\/td>\n<\/tr>\n<tr>\n<td height=\"23\">\u2022<\/td>\n<td>Jacuzzi (Whirlpool) auf Terrasse<\/td>\n<td>\u2022<\/td>\n<td>Grosses Badezimmer<\/td>\n<td>\u2022<\/td>\n<td>Schreibtisch<\/td>\n<\/tr>\n<tr>\n<td height=\"23\">\u2022<\/td>\n<td>Klimaanlage (warm\/kalt)<\/td>\n<td>\u2022<\/td>\n<td>Badewanne und separate Dusche<\/td>\n<td>\u2022<\/td>\n<td>W\u00e4scherei-Service<\/td>\n<\/tr>\n<tr>\n<td height=\"23\">\u2022<\/td>\n<td>LCD 32&#8243; TV (Flachbildfernseher)<\/td>\n<td>\u2022<\/td>\n<td>Haartrockner<\/td>\n<td>\u2022<\/td>\n<td>Trockenreinigungs-Service<\/td>\n<\/tr>\n<tr>\n<td height=\"23\">\u2022<\/td>\n<td>Satellite TV<\/td>\n<td>\u2022<\/td>\n<td>Queen Size-Bett<\/td>\n<td>\u2022<\/td>\n<td>Mini-bar (geb\u00fchrenpflichtig je nach Verbrauch)<\/td>\n<\/tr>\n<tr>\n<td height=\"23\">\u2022<\/td>\n<td>Musikanlage<\/td>\n<td>\u2022<\/td>\n<td>Pillows Menu<\/td>\n<\/tr>\n<tr>\n<td height=\"23\">\u2022<\/td>\n<td>iPod und Mp3 Anschluss<\/td>\n<td>\u2022<\/td>\n<td>Exzellente Lingerie<\/td>\n<\/tr>\n<\/tbody>\n<\/table>\n<p>[\/vc_column_text][\/vc_column][\/vc_row][vc_row][vc_column][vc_gallery interval=&#8220;3&#8243; images=&#8220;3921,3924,3925,3927,3930,3931&#8243; img_size=&#8220;full&#8220; title=&#8220;suite photos&#8220; css=&#8220;.vc_custom_1532008518680{background-color: #0c0c0c !important;}&#8220;][\/vc_column][\/vc_row]<\/p>\n<div class=\"pdfprnt-buttons pdfprnt-buttons-page pdfprnt-bottom-right\"><a href=\"http:\/\/vitalitygroup.es\/de\/wp-json\/wp\/v2\/pages\/3912?print=pdf\" class=\"pdfprnt-button pdfprnt-button-pdf\" target=\"_blank\"><img src=\"http:\/\/vitalitygroup.es\/wp-content\/plugins\/pdf-print\/images\/pdf.png\" alt=\"image_pdf\" title=\"View PDF\" \/><\/a><a href=\"http:\/\/vitalitygroup.es\/de\/wp-json\/wp\/v2\/pages\/3912?print=print\" class=\"pdfprnt-button pdfprnt-button-print\" target=\"_blank\"><img src=\"http:\/\/vitalitygroup.es\/wp-content\/plugins\/pdf-print\/images\/print.png\" alt=\"image_print\" title=\"Print Content\" \/><\/a><\/div>","protected":false},"excerpt":{"rendered":"<p>[vc_row][vc_column][vc_column_text]Mit einer Kapazit\u00e4t von bis zu 4 Personen (1 Doppelbett + 1 Doppelsofabett) erf\u00fcllt diese Suite alle Urlaubsw\u00fcnsche! Das separat schliessbare Schlafzimmer hat ein &#8222;Queensize-Doppelbett&#8220; und garantiert einen erholsamen Schlaf. Vom modern eingerichteten Wohnzimmer gelangt man auf die riesige (~60m2) Terrasse mit lururi\u00f6sem Whirlpool und einer atemberaubenden Aussicht direkt auf das Mittelmeer! \u2022 Garantierter Meerblick<\/p>\n<div><a class=\"btn-filled btn\" href=\"http:\/\/vitalitygroup.es\/de\/3912-2\/\" title=\"Suite\">Weiterlesen<\/a><\/div>\n","protected":false},"author":1,"featured_media":0,"parent":0,"menu_order":0,"comment_status":"closed","ping_status":"closed","template":"","meta":[],"_links":{"self":[{"href":"http:\/\/vitalitygroup.es\/de\/wp-json\/wp\/v2\/pages\/3912"}],"collection":[{"href":"http:\/\/vitalitygroup.es\/de\/wp-json\/wp\/v2\/pages"}],"about":[{"href":"http:\/\/vitalitygroup.es\/de\/wp-json\/wp\/v2\/types\/page"}],"author":[{"embeddable":true,"href":"http:\/\/vitalitygroup.es\/de\/wp-json\/wp\/v2\/users\/1"}],"replies":[{"embeddable":true,"href":"http:\/\/vitalitygroup.es\/de\/wp-json\/wp\/v2\/comments?post=3912"}],"version-history":[{"count":6,"href":"http:\/\/vitalitygroup.es\/de\/wp-json\/wp\/v2\/pages\/3912\/revisions"}],"predecessor-version":[{"id":3938,"href":"http:\/\/vitalitygroup.es\/de\/wp-json\/wp\/v2\/pages\/3912\/revisions\/3938"}],"wp:attachment":[{"href":"http:\/\/vitalitygroup.es\/de\/wp-json\/wp\/v2\/media?parent=3912"}],"curies":[{"name":"wp","href":"https:\/\/api.w.org\/{rel}","templated":true}]}}