{"id":3939,"date":"2018-07-19T17:10:52","date_gmt":"2018-07-19T15:10:52","guid":{"rendered":"http:\/\/vitalitygroup.es\/?page_id=3939"},"modified":"2018-07-19T17:33:21","modified_gmt":"2018-07-19T15:33:21","slug":"3912-2-3","status":"publish","type":"page","link":"http:\/\/vitalitygroup.es\/de\/3912-2-3\/","title":{"rendered":"2-Schlafzimmer-Suite"},"content":{"rendered":"<p>[vc_row][vc_column][vc_column_text]TOP f\u00fcr Familien und Freundesgruppen!<\/p>\n<p>Mit einer Kapazit\u00e4t von bis zu 6 Personen (2 Doppelbetten + 1 Doppelsofabett) erf\u00fcllt diese Suite alle Urlaubsw\u00fcnsche f\u00fcr Familien oder Freundesgruppe!<\/p>\n<p>Die 2 separaten Schlafzimmer haben &#8222;Queensize-Doppelbetten&#8220; und garantieren einen erholsamen Schlaf.<\/p>\n<p>Vom modern eingerichteten Wohnzimmer gelangt man auf die riesige ~70m2 Terrasse (in manchen F\u00e4llen sogar 2 Terrassen) mit lururi\u00f6sem Whirlpool und einer atemberaubenden Aussicht direkt auf das Mittelmeer!<\/p>\n<table  class=\" table table-hover\" border=\"0\" width=\"100%\" cellspacing=\"0\" cellpadding=\"0\">\n<tbody>\n<tr>\n<td height=\"23\">\u2022<\/td>\n<td>Garantierter Meerblick<\/td>\n<td>\u2022<\/td>\n<td>Wifi-Internet in der Suite<\/td>\n<td>\u2022<\/td>\n<td>Tresor<\/td>\n<\/tr>\n<tr>\n<td height=\"23\">\u2022<\/td>\n<td>Jacuzzi (Whirlpool) auf Terrasse<\/td>\n<td>\u2022<\/td>\n<td>Grosses Badezimmer<\/td>\n<td>\u2022<\/td>\n<td>Schreibtisch<\/td>\n<\/tr>\n<tr>\n<td height=\"23\">\u2022<\/td>\n<td>Klimaanlage (warm\/kalt)<\/td>\n<td>\u2022<\/td>\n<td>Badewanne und separate Dusche<\/td>\n<td>\u2022<\/td>\n<td>W\u00e4scherei-Service<\/td>\n<\/tr>\n<tr>\n<td height=\"23\">\u2022<\/td>\n<td>LCD 32&#8243; TV (Flachbildfernseher)<\/td>\n<td>\u2022<\/td>\n<td>Haartrockner<\/td>\n<td>\u2022<\/td>\n<td>Trockenreinigungs-Service<\/td>\n<\/tr>\n<tr>\n<td height=\"23\">\u2022<\/td>\n<td>Satellite TV<\/td>\n<td>\u2022<\/td>\n<td>Queen Size-Bett<\/td>\n<td>\u2022<\/td>\n<td>Mini-bar (geb\u00fchrenpflichtig je nach Verbrauch)<\/td>\n<\/tr>\n<tr>\n<td height=\"23\">\u2022<\/td>\n<td>Musikanlage<\/td>\n<td>\u2022<\/td>\n<td>Pillows Menu<\/td>\n<\/tr>\n<tr>\n<td height=\"23\">\u2022<\/td>\n<td>iPod und Mp3 Anschluss<\/td>\n<td>\u2022<\/td>\n<td>Exzellente Lingerie<\/td>\n<\/tr>\n<\/tbody>\n<\/table>\n<p>[\/vc_column_text][\/vc_column][\/vc_row][vc_row][vc_column][vc_gallery interval=&#8220;3&#8243; images=&#8220;3921,3927,3926,3923,3920,3922,3817,3928&#8243; img_size=&#8220;full&#8220; title=&#8220;2-schlafzimmer-suite photos&#8220; css=&#8220;.vc_custom_1532014223934{background-color: #0c0c0c !important;}&#8220;][\/vc_column][\/vc_row]<\/p>\n<div class=\"pdfprnt-buttons pdfprnt-buttons-page pdfprnt-bottom-right\"><a href=\"http:\/\/vitalitygroup.es\/de\/wp-json\/wp\/v2\/pages\/3939?print=pdf\" class=\"pdfprnt-button pdfprnt-button-pdf\" target=\"_blank\"><img src=\"http:\/\/vitalitygroup.es\/wp-content\/plugins\/pdf-print\/images\/pdf.png\" alt=\"image_pdf\" title=\"View PDF\" \/><\/a><a href=\"http:\/\/vitalitygroup.es\/de\/wp-json\/wp\/v2\/pages\/3939?print=print\" class=\"pdfprnt-button pdfprnt-button-print\" target=\"_blank\"><img src=\"http:\/\/vitalitygroup.es\/wp-content\/plugins\/pdf-print\/images\/print.png\" alt=\"image_print\" title=\"Print Content\" \/><\/a><\/div>","protected":false},"excerpt":{"rendered":"<p>[vc_row][vc_column][vc_column_text]TOP f\u00fcr Familien und Freundesgruppen! Mit einer Kapazit\u00e4t von bis zu 6 Personen (2 Doppelbetten + 1 Doppelsofabett) erf\u00fcllt diese Suite alle Urlaubsw\u00fcnsche f\u00fcr Familien oder Freundesgruppe! Die 2 separaten Schlafzimmer haben &#8222;Queensize-Doppelbetten&#8220; und garantieren einen erholsamen Schlaf. Vom modern eingerichteten Wohnzimmer gelangt man auf die riesige ~70m2 Terrasse (in manchen F\u00e4llen sogar 2 Terrassen)<\/p>\n<div><a class=\"btn-filled btn\" href=\"http:\/\/vitalitygroup.es\/de\/3912-2-3\/\" title=\"2-Schlafzimmer-Suite\">Weiterlesen<\/a><\/div>\n","protected":false},"author":1,"featured_media":0,"parent":0,"menu_order":0,"comment_status":"closed","ping_status":"closed","template":"","meta":[],"_links":{"self":[{"href":"http:\/\/vitalitygroup.es\/de\/wp-json\/wp\/v2\/pages\/3939"}],"collection":[{"href":"http:\/\/vitalitygroup.es\/de\/wp-json\/wp\/v2\/pages"}],"about":[{"href":"http:\/\/vitalitygroup.es\/de\/wp-json\/wp\/v2\/types\/page"}],"author":[{"embeddable":true,"href":"http:\/\/vitalitygroup.es\/de\/wp-json\/wp\/v2\/users\/1"}],"replies":[{"embeddable":true,"href":"http:\/\/vitalitygroup.es\/de\/wp-json\/wp\/v2\/comments?post=3939"}],"version-history":[{"count":3,"href":"http:\/\/vitalitygroup.es\/de\/wp-json\/wp\/v2\/pages\/3939\/revisions"}],"predecessor-version":[{"id":3942,"href":"http:\/\/vitalitygroup.es\/de\/wp-json\/wp\/v2\/pages\/3939\/revisions\/3942"}],"wp:attachment":[{"href":"http:\/\/vitalitygroup.es\/de\/wp-json\/wp\/v2\/media?parent=3939"}],"curies":[{"name":"wp","href":"https:\/\/api.w.org\/{rel}","templated":true}]}}