{"id":45,"date":"2017-09-11T16:30:46","date_gmt":"2017-09-11T14:30:46","guid":{"rendered":"http:\/\/vitalitygroup.es\/?page_id=45"},"modified":"2018-08-08T18:01:21","modified_gmt":"2018-08-08T16:01:21","slug":"medical-wellness","status":"publish","type":"page","link":"http:\/\/vitalitygroup.es\/de\/medical-wellness\/","title":{"rendered":"Medical Wellness"},"content":{"rendered":"<p>[vc_row][vc_column width=&#8220;1\/2&#8243;][vc_empty_space][vc_column_text]<span style=\"font-family: arial, helvetica, sans-serif; font-size: 12pt; color: #808080;\">Entfliehen Sie dem Stress des Alltags, vergessen Sie alle belastenden Pflichten und beginnen Sie, sich Ihres eigenen K\u00f6rpers und Geistes, Ihren Tr\u00e4umen und Ihrer Seele bewusst zu werden. Erleben Sie\u00a0<strong>neue Energie<\/strong> und das F\u00fchlen wie <strong>neu zu erwachen<\/strong>.<\/span>[\/vc_column_text][vc_single_image image=&#8220;3779&#8243; img_size=&#8220;large&#8220; alignment=&#8220;center&#8220;][vc_column_text]<span style=\"font-family: arial, helvetica, sans-serif; font-size: 12pt; color: #808080;\">Unser Ziel ist es nicht nur f\u00fcr eine bessere und ges\u00fcndere Lebensweise zu behandeln sondern auch\u00a0 erzieherisch wirksam zu werden. Unsere Grundlage ist perfekte Kombination der neusten Erkenntnisse der medizinischen Wissenschaft und die Jahrhunderte bekannten Erfahrungen aus der traditionellen Medizin. Unsere Behandlungen helfen Ihnen bei der Genesung von bestehenden Krankheiten und deren Symptomen und beugen gleichzeitig vor, dass sich neue Schw\u00e4chen und Beschwerden entwickeln. Durch das Erkennen und die Behandlung von gef\u00e4hrdeten Bereichen werden Sie Ihr Lebensgef\u00fchl wiederbeleben und sogar verj\u00fcngen k\u00f6nnen!<\/span>[\/vc_column_text][vc_single_image image=&#8220;3790&#8243; img_size=&#8220;full&#8220; alignment=&#8220;center&#8220;][vc_empty_space height=&#8220;12px&#8220;][vc_single_image image=&#8220;3819&#8243; img_size=&#8220;full&#8220;][vc_empty_space height=&#8220;12px&#8220;][vc_single_image image=&#8220;3827&#8243; img_size=&#8220;full&#8220;][vc_column_text]<\/p>\n<p style=\"text-align: left;\"><span style=\"font-size: 12pt;\"><span style=\"font-family: arial, helvetica, sans-serif; color: #808080;\">Wir bieten Ihnen traditionelle Naturheilverfahren im Verbund mit\u00a0 modernsten medizinischen Erkenntnissen \u2013 f\u00fcr ein nachhaltig ges\u00fcnderes, gl\u00fccklicheres und energiegeladenes Leben. Sie k\u00f6nnen w\u00e4hlen zwischen dem Essential Programm, in das Sie\u00a0 Module aus unseren Programmen einbauen k\u00f6nnen, oder Sie entscheiden sich von vornherein f\u00fcr eines unserer Gesundheits- und Pr\u00e4ventionsprogramme. Diese sind auf unterschiedlichen Belastungsfolgen und Erkrankungen zugeschnitten. Am Beginn erfolgen sensible Entgiftungs- und\u00a0 Entschlackungstherapien, die helfen den K\u00f6rper zu regenerieren und seine Heilungskr\u00e4fte anzuregen. Die weiteren Schritte beinhalten \u00c4nderungen im Lebensstils, ein individuell abgestimmter Ausgleich von Defiziten an\u00a0 Vitalstoffen, Trainings- und Relaxationstherapien und auch mal die Seele baumeln lassen.<\/span><br \/>\n<\/span><\/p>\n<p>[\/vc_column_text][\/vc_column][vc_column width=&#8220;1\/2&#8243;][vc_empty_space][vc_column_text]<\/p>\n<p style=\"text-align: center;\"><span style=\"color: #ff6600; font-family: 'arial black', sans-serif;\"><strong><em>Es ist Zeit f\u00fcr Ihren<\/em><\/strong><em><strong>&#8230;<br \/>\n<\/strong><\/em><\/span><span style=\"color: #808080;\"><img loading=\"lazy\" class=\"alignnone wp-image-1046 \" src=\"http:\/\/vitalitygroup.es\/wp-content\/uploads\/2017\/10\/medical-wellness-PNG-1-300x115.png\" alt=\"\" width=\"243\" height=\"93\" srcset=\"http:\/\/vitalitygroup.es\/wp-content\/uploads\/2017\/10\/medical-wellness-PNG-1-300x115.png 300w, http:\/\/vitalitygroup.es\/wp-content\/uploads\/2017\/10\/medical-wellness-PNG-1.png 713w\" sizes=\"(max-width: 243px) 100vw, 243px\" \/><\/span><\/p>\n<p>[\/vc_column_text][vc_empty_space height=&#8220;38px&#8220;][vc_column_text]<span style=\"font-family: arial, helvetica, sans-serif; font-size: 12pt; color: #808080;\">&#8222;<strong>Gesundheitsreisen<\/strong>&#8220; oder &#8222;<strong>Gesundheitsferien<\/strong>&#8220; sind nicht nur ein moderner Trend der neuen Generation. Die Kombination von k\u00f6rperlichen, geistigen und spirituellen Behandlungen hat nachweislich massiv positive Auswirkungen auf die Gesundheit und das Wohlbefinden der Menschen. Sie unterst\u00fctzen die Pr\u00e4vention von allgemeinen Beschwerden und Krankheiten, so beispielsweise bei anhaltenden Kopfschmerzen, Burnout-Syndromen, Bluthochdruck, Asthma, Rheuma und bei Tumorleiden.<\/span>[\/vc_column_text][vc_empty_space height=&#8220;38px&#8220;][vc_single_image image=&#8220;3809&#8243; img_size=&#8220;full&#8220; alignment=&#8220;center&#8220; onclick=&#8220;custom_link&#8220; img_link_target=&#8220;_blank&#8220; link=&#8220;http:\/\/vitalitygroup.es\/de\/programs\/&#8220;][vc_btn title=&#8220;Unsere Programme&#8220; style=&#8220;outline&#8220; shape=&#8220;round&#8220; color=&#8220;warning&#8220; align=&#8220;center&#8220; i_icon_fontawesome=&#8220;fa fa-search-plus&#8220; button_block=&#8220;true&#8220; add_icon=&#8220;true&#8220; link=&#8220;url:http%3A%2F%2Fvitalitygroup.es%2Fde%2Fprograms%2F||target:%20_blank|&#8220;][vc_empty_space][vc_column_text]<span style=\"font-family: arial, helvetica, sans-serif; font-size: 12pt; color: #808080;\">Profitieren Sie von einem luxuri\u00f6sen Aufenthalt in S\u00fcdspanien an der Costa del Sol, in einem der besten Klimazonen Europas. Lassen Sie sich von Fachleuten unter der Leitung von erfahrenen und international renommierten Medizinern betreuen.<\/span><\/p>\n<p><span style=\"font-family: arial, helvetica, sans-serif; font-size: 12pt; color: #808080;\">In den letzten Jahren haben wir unser Konzept von Medical-Wellness verbessert und verfeinert unter Ber\u00fccksichtigung im Hinblick auf neue medizinische Erkenntnisse, auf Entwicklungen in der Medizintechnik, neue wissenschaftliche Studien und nat\u00fcrlich auf die allgemeine Bedeutung und das Bewusstsein, aktiv zu sein und Ma\u00dfnahmen zur Vorbeugung und Fr\u00fcherkennung zu ergreifen: Das ist der Schl\u00fcssel f\u00fcr ein ges\u00fcnderes und l\u00e4ngeres Leben. Im Mittelpunkt unserer Programme steht der Mensch in seiner Gesamtheit mit allen seinen Facetten um seine Gesundheit zu verbessern und den Krankheiten vorzubeugen. Die Vorteile des besonderen mediterranen Klimas helfen uns K\u00f6rper, Bewusstsein und Seele in den Gleichklang zu bringen. In dem Urlaubsparadies in der Bucht von M\u00e1laga wohnen Sie in einem Boutique Hotel, in dem alles getan wird Energie und Aktivit\u00e4t in den K\u00f6rper zur\u00fcckzubringen, was durch die berufliche Belastung und durch die allt\u00e4glichen Verrichtungen verloren gegangen ist. Ihnen wir eine ganzheitliche Regeneration mit Bewegungstherapien, ein physisches und mentales Therapieprogramm und die spezielle mediterrane K\u00fcche auf Ihre Bed\u00fcrfnisse zugeschnitten zu teil werden&#8230; und eine atemberaubende Landschaft zwischen Bergen und Mittelmeer l\u00e4sst Sie die Probleme und die \u00a0Hektik des Alltags vergessen.<\/span>[\/vc_column_text][vc_empty_space height=&#8220;102px&#8220;][vc_single_image image=&#8220;3813&#8243; img_size=&#8220;full&#8220; alignment=&#8220;center&#8220; onclick=&#8220;custom_link&#8220; img_link_target=&#8220;_blank&#8220; link=&#8220;http:\/\/vitalitygroup.es\/de\/our-hospitals\/&#8220;][vc_btn title=&#8220;Unsere Medizinischer Partner&#8220; style=&#8220;outline&#8220; shape=&#8220;round&#8220; color=&#8220;warning&#8220; align=&#8220;center&#8220; i_icon_fontawesome=&#8220;fa fa-search-plus&#8220; button_block=&#8220;true&#8220; add_icon=&#8220;true&#8220; link=&#8220;url:http%3A%2F%2Fvitalitygroup.es%2Fde%2Four-hospitals%2F||target:%20_blank|&#8220;][\/vc_column][\/vc_row]<\/p>\n<div class=\"pdfprnt-buttons pdfprnt-buttons-page pdfprnt-bottom-right\"><a href=\"http:\/\/vitalitygroup.es\/de\/wp-json\/wp\/v2\/pages\/45?print=pdf\" class=\"pdfprnt-button pdfprnt-button-pdf\" target=\"_blank\"><img src=\"http:\/\/vitalitygroup.es\/wp-content\/plugins\/pdf-print\/images\/pdf.png\" alt=\"image_pdf\" title=\"View PDF\" \/><\/a><a href=\"http:\/\/vitalitygroup.es\/de\/wp-json\/wp\/v2\/pages\/45?print=print\" class=\"pdfprnt-button pdfprnt-button-print\" target=\"_blank\"><img src=\"http:\/\/vitalitygroup.es\/wp-content\/plugins\/pdf-print\/images\/print.png\" alt=\"image_print\" title=\"Print Content\" \/><\/a><\/div>","protected":false},"excerpt":{"rendered":"<p>[vc_row][vc_column width=&#8220;1\/2&#8243;][vc_empty_space][vc_column_text]Entfliehen Sie dem Stress des Alltags, vergessen Sie alle belastenden Pflichten und beginnen Sie, sich Ihres eigenen K\u00f6rpers und Geistes, Ihren Tr\u00e4umen und Ihrer Seele bewusst zu werden. Erleben Sie\u00a0neue Energie und das F\u00fchlen wie neu zu erwachen.[\/vc_column_text][vc_single_image image=&#8220;3779&#8243; img_size=&#8220;large&#8220; alignment=&#8220;center&#8220;][vc_column_text]Unser Ziel ist es nicht nur f\u00fcr eine bessere und ges\u00fcndere Lebensweise zu behandeln<\/p>\n<div><a class=\"btn-filled btn\" href=\"http:\/\/vitalitygroup.es\/de\/medical-wellness\/\" title=\"Medical Wellness\">Weiterlesen<\/a><\/div>\n","protected":false},"author":1,"featured_media":0,"parent":0,"menu_order":0,"comment_status":"closed","ping_status":"closed","template":"","meta":[],"_links":{"self":[{"href":"http:\/\/vitalitygroup.es\/de\/wp-json\/wp\/v2\/pages\/45"}],"collection":[{"href":"http:\/\/vitalitygroup.es\/de\/wp-json\/wp\/v2\/pages"}],"about":[{"href":"http:\/\/vitalitygroup.es\/de\/wp-json\/wp\/v2\/types\/page"}],"author":[{"embeddable":true,"href":"http:\/\/vitalitygroup.es\/de\/wp-json\/wp\/v2\/users\/1"}],"replies":[{"embeddable":true,"href":"http:\/\/vitalitygroup.es\/de\/wp-json\/wp\/v2\/comments?post=45"}],"version-history":[{"count":146,"href":"http:\/\/vitalitygroup.es\/de\/wp-json\/wp\/v2\/pages\/45\/revisions"}],"predecessor-version":[{"id":4041,"href":"http:\/\/vitalitygroup.es\/de\/wp-json\/wp\/v2\/pages\/45\/revisions\/4041"}],"wp:attachment":[{"href":"http:\/\/vitalitygroup.es\/de\/wp-json\/wp\/v2\/media?parent=45"}],"curies":[{"name":"wp","href":"https:\/\/api.w.org\/{rel}","templated":true}]}}