{"id":47,"date":"2017-09-11T16:32:38","date_gmt":"2017-09-11T14:32:38","guid":{"rendered":"http:\/\/vitalitygroup.es\/?page_id=47"},"modified":"2018-03-11T22:57:28","modified_gmt":"2018-03-11T20:57:28","slug":"our-resorts-hotels","status":"publish","type":"page","link":"http:\/\/vitalitygroup.es\/de\/our-resorts-hotels\/","title":{"rendered":"Unsere Resorts &#038; Hotels"},"content":{"rendered":"<p><span style=\"font-family: arial, helvetica, sans-serif; font-size: 12pt; color: #808080;\">Besuchen Sie unsere Wellnesshotels im Holiday World Resort an der ber\u00fchmten Costa del Sol in Andalusien. Genie\u00dfen Sie ma\u00dfgeschneiderte Programme f\u00fcr Pr\u00e4vention und spezielle Therapien. In der wundersch\u00f6nen Provinz M\u00e1laga entdecken Sie eine neue Art, Gesundheit, Genuss, Natur und Regeneration zu einem einmaligen Erlebnis f\u00fcr K\u00f6rper und Geist zu verbinden.<\/span><\/p>\n<p><span style=\"font-family: arial, helvetica, sans-serif; font-size: 12pt; color: #808080;\">Mit unseren modularen Programmen, die unter \u00e4rztlicher Aufsicht entwickelt werden, reichen unsere Leistungen von sensiblen Entgiftungsprozessen und Sch\u00f6nheitsbehandlungen bis hin zu sportwissenschaftlichen leistungssteigernden Therapien und Behandlungen individueller Problrmr der Gesundheit.<\/span><\/p>\n<p><span style=\"font-family: arial, helvetica, sans-serif; font-size: 12pt; color: #808080;\">Gib deinem K\u00f6rper zur\u00fcck, was ihm fehlt, was ihm genommen wurde!<\/span><\/p>\n<p><span style=\"font-family: arial, helvetica, sans-serif; font-size: 12pt; color: #808080;\">Unser Hotel, &#8222;Holiday Hydros&#8220;, wurde entworfen und gebaut, um alle 5 Sinne unserer G\u00e4ste zu stimulieren und bietet luxuri\u00f6se Doppelzimmer und Suiten mit eigener Terrasse mit Jacuzzi und freiem Blick auf das Mittelmeer.<\/span><\/p>\n<p><span style=\"font-family: arial, helvetica, sans-serif; font-size: 12pt; color: #808080;\">Entspannen Sie im SPA oder am Pool und erleben Sie die sch\u00f6nsten Sonnenunterg\u00e4nge \u00fcber dem Meer, w\u00e4hrend Sie im Restaurant mit Chromo-Therapie-Beleuchtung und Kerzen zu Abend essen.<br \/>\n<\/span>[vc_gallery interval=&#8220;3&#8243; images=&#8220;2599,2600,2601,2603,2602,2605,2610,2612,2611,2613,2615,2619,2618,2617,2630,2621,2589,2624,2622&#8243; img_size=&#8220;500*350&#8243;][vc_column_text]<span style=\"font-family: arial, helvetica, sans-serif; font-size: 12pt;\">Unser Kurort ist nicht ein &#8222;Gesundheitszentrum&#8220; im traditionellen Sinne, sondern Ort k\u00f6rperlicher und seelischer Erneuerung, erf\u00fcllt h\u00f6chste \u00e4sthetische Anforderungen mit dem Service eines Top-Boutique-Hotels in einem gro\u00dfen Ferienort &#8211; ein Ort, an dem Sie sich wieder finden k\u00f6nnen!<\/span><\/p>\n<p><span style=\"font-family: arial, helvetica, sans-serif; font-size: 12pt;\">Mit diesem zukunftsweisenden Gesundheits- und Erziehungskonzept wollen wir unseren G\u00e4sten beweisen, dass ein gesunder Lebensstil die Lebensqualit\u00e4t verbessert und auch Freude bereiten kann. Menschen der modernen Gesellschaft w\u00fcnschen sich oft professionelle medizinische Dienste, aber nicht in einem &#8222;sterilen klinischen Umfeld&#8220;.<\/span><\/p>\n<p><span style=\"font-family: arial, helvetica, sans-serif; font-size: 12pt;\">Um diesen Anforderungen gerecht zu werden, haben wir unser eigenes medizinisches Wellnesskonzept etabliert! Ein &#8222;Health and Mind Resort&#8220;, wo sich Gesundheit und Medizin, Natur und \u00c4sthetik, k\u00f6rperliche und mentale Aktivit\u00e4t, Relaxen und Genie\u00dfen treffen.<\/span><\/p>\n<p style=\"text-align: center;\"><a href=\"https:\/\/www.holidayhydros.es\/de\/\" target=\"_blank\" rel=\"noopener\"><img loading=\"lazy\" class=\"wp-image-2090 aligncenter\" src=\"http:\/\/vitalitygroup.es\/wp-content\/uploads\/2017\/09\/hydros323.png\" alt=\"\" width=\"165\" height=\"244\" \/><\/a><\/p>\n<p><\/p>\n<div class=\"pdfprnt-buttons pdfprnt-buttons-page pdfprnt-bottom-right\"><a href=\"http:\/\/vitalitygroup.es\/de\/wp-json\/wp\/v2\/pages\/47?print=pdf\" class=\"pdfprnt-button pdfprnt-button-pdf\" target=\"_blank\"><img src=\"http:\/\/vitalitygroup.es\/wp-content\/plugins\/pdf-print\/images\/pdf.png\" alt=\"image_pdf\" title=\"View PDF\" \/><\/a><a href=\"http:\/\/vitalitygroup.es\/de\/wp-json\/wp\/v2\/pages\/47?print=print\" class=\"pdfprnt-button pdfprnt-button-print\" target=\"_blank\"><img src=\"http:\/\/vitalitygroup.es\/wp-content\/plugins\/pdf-print\/images\/print.png\" alt=\"image_print\" title=\"Print Content\" \/><\/a><\/div>","protected":false},"excerpt":{"rendered":"<p>Besuchen Sie unsere Wellnesshotels im Holiday World Resort an der ber\u00fchmten Costa del Sol in Andalusien. Genie\u00dfen Sie ma\u00dfgeschneiderte Programme f\u00fcr Pr\u00e4vention und spezielle Therapien. In der wundersch\u00f6nen Provinz M\u00e1laga entdecken Sie eine neue Art, Gesundheit, Genuss, Natur und Regeneration zu einem einmaligen Erlebnis f\u00fcr K\u00f6rper und Geist zu verbinden. Mit unseren modularen Programmen, die<\/p>\n<div><a class=\"btn-filled btn\" href=\"http:\/\/vitalitygroup.es\/de\/our-resorts-hotels\/\" title=\"Unsere Resorts &#038; Hotels\">Weiterlesen<\/a><\/div>\n","protected":false},"author":1,"featured_media":0,"parent":0,"menu_order":0,"comment_status":"closed","ping_status":"closed","template":"","meta":[],"_links":{"self":[{"href":"http:\/\/vitalitygroup.es\/de\/wp-json\/wp\/v2\/pages\/47"}],"collection":[{"href":"http:\/\/vitalitygroup.es\/de\/wp-json\/wp\/v2\/pages"}],"about":[{"href":"http:\/\/vitalitygroup.es\/de\/wp-json\/wp\/v2\/types\/page"}],"author":[{"embeddable":true,"href":"http:\/\/vitalitygroup.es\/de\/wp-json\/wp\/v2\/users\/1"}],"replies":[{"embeddable":true,"href":"http:\/\/vitalitygroup.es\/de\/wp-json\/wp\/v2\/comments?post=47"}],"version-history":[{"count":100,"href":"http:\/\/vitalitygroup.es\/de\/wp-json\/wp\/v2\/pages\/47\/revisions"}],"predecessor-version":[{"id":3848,"href":"http:\/\/vitalitygroup.es\/de\/wp-json\/wp\/v2\/pages\/47\/revisions\/3848"}],"wp:attachment":[{"href":"http:\/\/vitalitygroup.es\/de\/wp-json\/wp\/v2\/media?parent=47"}],"curies":[{"name":"wp","href":"https:\/\/api.w.org\/{rel}","templated":true}]}}