{"id":49,"date":"2017-09-11T16:33:35","date_gmt":"2017-09-11T14:33:35","guid":{"rendered":"http:\/\/vitalitygroup.es\/?page_id=49"},"modified":"2018-03-04T23:23:04","modified_gmt":"2018-03-04T21:23:04","slug":"our-hospitals","status":"publish","type":"page","link":"http:\/\/vitalitygroup.es\/de\/our-hospitals\/","title":{"rendered":"Unsere Hospitale"},"content":{"rendered":"<p>[vc_row][vc_column][vc_column_text]<span style=\"font-size: 12pt; color: #808080; font-family: arial, helvetica, sans-serif;\">In Kombination mit hochqualifiziertem medizinischem Personal und medizinischen Verfahren unter Verwendung der neuesten Technologien in unseren verbundenen privaten Krankenh\u00e4usern &#8222;CHIP International&#8220; in M\u00e1laga und der &#8222;Vithas Xanit International&#8220; in Benalm\u00e1dena, k\u00f6nnen wir jeden individuellen Gesundheitszustand beurteilen und personalisierte Behandlungspl\u00e4ne f\u00fcr beide entwickeln. geistiges und k\u00f6rperliches Wohlbefinden.<\/span><\/p>\n<p><span style=\"font-family: arial, helvetica, sans-serif; font-size: 12pt; color: #808080;\">Unsere professionellen medizinischen Untersuchungen und Gesundheits-Checks liefern Ihnen einen detaillierten Bericht \u00fcber die Ursache, Diagnose und Behandlung.<\/span><\/p>\n<p><span style=\"font-family: arial, helvetica, sans-serif; font-size: 12pt; color: #808080;\">Sie werden wie ein VIP von unseren \u00c4rzten betreut und w\u00e4hrend Ihre Testergebnisse im Labor analysiert werden, sind Sie bereits auf dem Weg zum Hotel, wo Sie sich mit Ihrem pers\u00f6nlichen Medical Wellness Coach treffen werden, der die abschlie\u00dfenden Testergebnisse mit Ihnen besprechen wird. Sie und erstellen Sie Ihren schl\u00fcssigen Behandlungsplan f\u00fcr Ihren Aufenthalt bei uns und dar\u00fcber hinaus.<\/span><\/p>\n<p><span style=\"font-family: arial, helvetica, sans-serif; font-size: 12pt; color: #808080;\">Dar\u00fcber hinaus k\u00f6nnen sofort weitere spezielle Tests oder medizinische Ma\u00dfnahmen durchgef\u00fchrt werden.<\/span>[\/vc_column_text][vc_row_inner][vc_column_inner width=&#8220;1\/3&#8243;][vc_single_image image=&#8220;1810&#8243; img_size=&#8220;medium&#8220;][\/vc_column_inner][vc_column_inner width=&#8220;1\/3&#8243;][vc_single_image image=&#8220;1785&#8243; img_size=&#8220;medium&#8220;][vc_btn title=&#8220;Hospital Chip&#8220; style=&#8220;outline-custom&#8220; outline_custom_color=&#8220;#ff5f00&#8243; outline_custom_hover_background=&#8220;#26c000&#8243; outline_custom_hover_text=&#8220;#ffffff&#8220; shape=&#8220;round&#8220; align=&#8220;center&#8220; i_icon_fontawesome=&#8220;fa fa-search-plus&#8220; button_block=&#8220;true&#8220; add_icon=&#8220;true&#8220; link=&#8220;url:http%3A%2F%2Fwww.chiphospital.es%2Fen%2F||target:%20_blank|&#8220;][\/vc_column_inner][vc_column_inner width=&#8220;1\/3&#8243;][vc_single_image image=&#8220;1568&#8243; img_size=&#8220;medium&#8220;][\/vc_column_inner][\/vc_row_inner][\/vc_column][\/vc_row][vc_row][vc_column][vc_separator color=&#8220;custom&#8220; border_width=&#8220;3&#8243; accent_color=&#8220;#7d7e76&#8243;][\/vc_column][\/vc_row][vc_row][vc_column width=&#8220;1\/3&#8243;][vc_single_image image=&#8220;1816&#8243; img_size=&#8220;large&#8220;][\/vc_column][vc_column width=&#8220;1\/3&#8243;][vc_single_image image=&#8220;1577&#8243; img_size=&#8220;medium&#8220;][vc_btn title=&#8220;Xanit Hospital&#8220; style=&#8220;outline-custom&#8220; outline_custom_color=&#8220;#ff5f00&#8243; outline_custom_hover_background=&#8220;#26c000&#8243; outline_custom_hover_text=&#8220;#ffffff&#8220; shape=&#8220;round&#8220; align=&#8220;center&#8220; i_icon_fontawesome=&#8220;fa fa-search-plus&#8220; button_block=&#8220;true&#8220; add_icon=&#8220;true&#8220; link=&#8220;url:http%3A%2F%2Fwww.xanit.es%2Fde||target:%20_blank|&#8220;][\/vc_column][vc_column width=&#8220;1\/3&#8243;][vc_single_image image=&#8220;1575&#8243; img_size=&#8220;medium&#8220;][\/vc_column][\/vc_row]<\/p>\n<div class=\"pdfprnt-buttons pdfprnt-buttons-page pdfprnt-bottom-right\"><a href=\"http:\/\/vitalitygroup.es\/de\/wp-json\/wp\/v2\/pages\/49?print=pdf\" class=\"pdfprnt-button pdfprnt-button-pdf\" target=\"_blank\"><img src=\"http:\/\/vitalitygroup.es\/wp-content\/plugins\/pdf-print\/images\/pdf.png\" alt=\"image_pdf\" title=\"View PDF\" \/><\/a><a href=\"http:\/\/vitalitygroup.es\/de\/wp-json\/wp\/v2\/pages\/49?print=print\" class=\"pdfprnt-button pdfprnt-button-print\" target=\"_blank\"><img src=\"http:\/\/vitalitygroup.es\/wp-content\/plugins\/pdf-print\/images\/print.png\" alt=\"image_print\" title=\"Print Content\" \/><\/a><\/div>","protected":false},"excerpt":{"rendered":"<p>[vc_row][vc_column][vc_column_text]In Kombination mit hochqualifiziertem medizinischem Personal und medizinischen Verfahren unter Verwendung der neuesten Technologien in unseren verbundenen privaten Krankenh\u00e4usern &#8222;CHIP International&#8220; in M\u00e1laga und der &#8222;Vithas Xanit International&#8220; in Benalm\u00e1dena, k\u00f6nnen wir jeden individuellen Gesundheitszustand beurteilen und personalisierte Behandlungspl\u00e4ne f\u00fcr beide entwickeln. geistiges und k\u00f6rperliches Wohlbefinden. Unsere professionellen medizinischen Untersuchungen und Gesundheits-Checks liefern Ihnen einen<\/p>\n<div><a class=\"btn-filled btn\" href=\"http:\/\/vitalitygroup.es\/de\/our-hospitals\/\" title=\"Unsere Hospitale\">Weiterlesen<\/a><\/div>\n","protected":false},"author":1,"featured_media":0,"parent":0,"menu_order":0,"comment_status":"closed","ping_status":"closed","template":"","meta":[],"_links":{"self":[{"href":"http:\/\/vitalitygroup.es\/de\/wp-json\/wp\/v2\/pages\/49"}],"collection":[{"href":"http:\/\/vitalitygroup.es\/de\/wp-json\/wp\/v2\/pages"}],"about":[{"href":"http:\/\/vitalitygroup.es\/de\/wp-json\/wp\/v2\/types\/page"}],"author":[{"embeddable":true,"href":"http:\/\/vitalitygroup.es\/de\/wp-json\/wp\/v2\/users\/1"}],"replies":[{"embeddable":true,"href":"http:\/\/vitalitygroup.es\/de\/wp-json\/wp\/v2\/comments?post=49"}],"version-history":[{"count":102,"href":"http:\/\/vitalitygroup.es\/de\/wp-json\/wp\/v2\/pages\/49\/revisions"}],"predecessor-version":[{"id":3835,"href":"http:\/\/vitalitygroup.es\/de\/wp-json\/wp\/v2\/pages\/49\/revisions\/3835"}],"wp:attachment":[{"href":"http:\/\/vitalitygroup.es\/de\/wp-json\/wp\/v2\/media?parent=49"}],"curies":[{"name":"wp","href":"https:\/\/api.w.org\/{rel}","templated":true}]}}