{"id":931,"date":"2017-10-17T11:43:51","date_gmt":"2017-10-17T09:43:51","guid":{"rendered":"http:\/\/vitalitygroup.es\/?page_id=931"},"modified":"2018-08-04T21:08:52","modified_gmt":"2018-08-04T19:08:52","slug":"vitality-man-prostate","status":"publish","type":"page","link":"http:\/\/vitalitygroup.es\/de\/vitality-man-prostate\/","title":{"rendered":"Vitality Man"},"content":{"rendered":"<p>[vc_row full_width=&#8220;stretch_row&#8220; css=&#8220;.vc_custom_1508324272716{background-color: rgba(154,214,117,0.11) !important;*background-color: rgb(154,214,117) !important;}&#8220;][vc_column width=&#8220;1\/2&#8243;][vc_single_image image=&#8220;383&#8243; img_size=&#8220;medium&#8220; alignment=&#8220;center&#8220; style=&#8220;vc_box_shadow_border&#8220;][vc_empty_space][vc_single_image image=&#8220;816&#8243; img_size=&#8220;medium&#8220; alignment=&#8220;center&#8220; style=&#8220;vc_box_shadow_border&#8220;][vc_empty_space][vc_single_image image=&#8220;1574&#8243; img_size=&#8220;medium&#8220; alignment=&#8220;center&#8220; style=&#8220;vc_box_shadow_border&#8220;][vc_empty_space][vc_single_image image=&#8220;1579&#8243; img_size=&#8220;medium&#8220; alignment=&#8220;center&#8220; style=&#8220;vc_box_shadow_border&#8220;][\/vc_column][vc_column width=&#8220;1\/2&#8243;][vc_empty_space][vc_custom_heading text=&#8220;Vitality Man<br \/>\n(7 days)&#8220; font_container=&#8220;tag:h2|text_align:center|color:%23f76809&#8243; google_fonts=&#8220;font_family:Oswald%3A300%2Cregular%2C700|font_style:300%20light%20regular%3A300%3Anormal&#8220; css_animation=&#8220;fadeInUp&#8220;][vc_column_text css_animation=&#8220;fadeInRight&#8220;]<span style=\"color: #808080; font-family: 'arial black', sans-serif;\"><span style=\"font-family: arial, helvetica, sans-serif; font-size: 10pt; color: #808080;\"><span style=\"font-family: 'arial black', sans-serif;\"><img loading=\"lazy\" class=\"wp-image-2844 alignnone\" src=\"http:\/\/vitalitygroup.es\/wp-content\/uploads\/2018\/01\/Vitality-ohne-Group-Logo-PNG-300x151-1-300x151.png\" alt=\"\" width=\"70\" height=\"35\" \/><\/span><\/span><span style=\"font-size: 10pt; color: #808080;\"><span style=\"font-family: 'arial black', sans-serif;\"><em><span style=\"color: #808080;\">Man\u00a0<\/span><\/em><\/span><\/span><strong><span style=\"font-size: 10pt; color: #808080; font-family: arial, helvetica, sans-serif;\"><span style=\"color: #808080;\">Schwerpunkt Prostata<\/span><\/span><\/strong><\/span><\/p>\n<p><span style=\"font-family: arial, helvetica, sans-serif; font-size: 12pt;\"><span style=\"color: #808080;\">Die Benigne Prostata Hyperplasie (BPH) ist der h\u00e4ufigste gutartige<\/span><span style=\"color: #808080;\">\u00a0<span style=\"color: #ff6600;\"><a style=\"color: #ff6600;\" href=\"https:\/\/de.wikipedia.org\/wiki\/Tumor\" target=\"_blank\" rel=\"noopener\">Tumor<\/a><\/span>\u00a0beim Mann. In den ersten Lebensjahrzehnten des Mannes ist sie sehr selten, ab dem 60.\u00a0Lebensjahr liegt bei 50\u00a0% aller M\u00e4nner eine Vergr\u00f6\u00dferung der Prostata vor. Die BPH h\u00e4ngt zwar prim\u00e4r mit dem\u00a0<span style=\"color: #ff6600;\"><a style=\"color: #ff6600;\" href=\"https:\/\/de.wikipedia.org\/wiki\/Altern\" target=\"_blank\" rel=\"noopener\">Alterungsprozess<\/a><\/span> zusammen, ihre Auspr\u00e4gung kann aber durch begleitende Faktoren wie<\/span><span style=\"color: #808080;\"><span style=\"color: #0000ff;\">\u00a0<span style=\"color: #ff6600;\"><a style=\"color: #ff6600;\" href=\"https:\/\/de.wikipedia.org\/wiki\/Adipositas\" target=\"_blank\" rel=\"noopener\">Adipositas<\/a><\/span><\/span>\u00a0<\/span><span style=\"color: #808080;\">und starkes Rauchen beschleunigt \u00a0werden.\u00a0Ausreichende Bewegung <\/span><span style=\"color: #808080;\">und regelm\u00e4\u00dfige sportliche Bet\u00e4tigung sind wichtige positive Einflussfaktoren.\u00a0Auch bei einer bereits klinisch manifesten Erkrankung durch eine BPH ist die\u00a0Prognose\u00a0bei entsprechender Behandlung sehr g\u00fcnstig. <\/span><\/span><\/p>\n<p><span style=\"font-family: arial, helvetica, sans-serif; font-size: 12pt;\"><span style=\"color: #808080;\">In unserem Programm mit\u00a0<\/span><\/span><span style=\"color: #808080; font-family: arial, helvetica, sans-serif;\">6\u00a0\u00dcbernachtungen, Fr\u00fchst\u00fcck und Abendessen inklusive,\u00a0<\/span><span style=\"color: #808080; font-family: arial, helvetica, sans-serif; font-size: 12pt;\">erfolgt eine Abkl\u00e4rung der Situation der Prostata mit Laboranalysen, Hormonstatus, eingehender\u00a0 Untersuchung allgemein und urologisch, auf Wunsch mit einer Untersuchung mittels Ultraschall des Abdomens, Beckens und der Prostata. Bei Vorliegen einer Erkrankung kann eine \u00a0Behandlung in einem unserer Partnerhospitale mit folgender Nachbehandlung unmittelbar eingeleitet werden.\u00a0<\/span><span style=\"color: #808080; font-family: arial, helvetica, sans-serif; font-size: 12pt;\">.<\/span><\/p>\n<p><span style=\"color: #808080; font-size: 12pt; font-family: arial, helvetica, sans-serif;\">T\u00e4gliches Bewegungs- bzw. medizinisches Trainingsprogramm, t\u00e4gliche Durchf\u00fchrung von Relaxationsmethoden und Mentaltraining, sowie ein spezielles Programm zur St\u00e4rkung des Beckenbodens.<\/span><\/p>\n<p><span style=\"color: #808080; font-size: 12pt; font-family: arial, helvetica, sans-serif;\">Supplementbehandlung mit Phytopharmaka und biogene Arzneistoffen, spezielles Ern\u00e4hrungsprogramm,\u00a0Er\u00f6rterung einer gezielten Ern\u00e4hrung (ausgewogene ballaststoffreiche Ern\u00e4hrung,\u00a0reichlich Wasser trinken).<\/span><\/p>\n<p><span style=\"color: #808080; font-size: 12pt; font-family: arial, helvetica, sans-serif;\">Es erfolgen weiterhin t\u00e4glich\u00a0 Aquagymnastik und t\u00e4glich alternierend Pilates und Stretching.\u00a0<\/span><br \/>\n<span style=\"color: #808080; font-size: 12pt; font-family: arial, helvetica, sans-serif;\"> Sie k\u00f6nnen zus\u00e4tzlich an folgenden Kursen teilnehmen: Zumba, Body-Toning,\u00a0 Latin &#8211; Dance, weiterf\u00fchrende Tanzunterrichte, Luftgewehrschie\u00dfen, Bogenschie\u00dfen, Badminton, Tennis,&#8230; uvm.<\/span><\/p>\n<p><em><span style=\"color: #808080; font-family: arial, helvetica, sans-serif;\">Die ideale Dauer eines medizinisch effektiven Aufenthaltes sollte unseren Erfahrungen nach zwei oder drei Wochen betragen. Der Erfolg der Behandlungen tritt entsprechend des biologischen Rhythmus des K\u00f6rpers erst am Ende der zweiten oder in der dritten Woche ein. Je l\u00e4nger Sie Ihren Aufenthalt gestalten, desto erfolgreicher und nachhaltiger ist der Behandlungserfolg.<\/span><\/em>[\/vc_column_text][\/vc_column][\/vc_row][vc_row full_width=&#8220;stretch_row&#8220; parallax=&#8220;content-moving&#8220; parallax_image=&#8220;468&#8243; parallax_speed_bg=&#8220;2.5&#8243; css=&#8220;.vc_custom_1507729111450{background-image: url(http:\/\/vitalitygroup.es\/wp-content\/uploads\/2017\/09\/sunbeds.jpg?id=188) !important;background-position: center;background-repeat: no-repeat;background-size:cover !important;}&#8220;][vc_column][vc_empty_space][vc_custom_heading text=&#8220;Preise 2018\/2019&#8243; font_container=&#8220;tag:h1|text_align:center|color:%23ffffff&#8220; google_fonts=&#8220;font_family:Oswald%3A300%2Cregular%2C700|font_style:300%20light%20regular%3A300%3Anormal&#8220;][vc_row_inner][vc_column_inner][vc_column_text][\/vc_column_text][\/vc_column_inner][\/vc_row_inner][vc_empty_space][\/vc_column][\/vc_row][vc_row full_width=&#8220;stretch_row&#8220; css=&#8220;.vc_custom_1507564529852{background-position: center !important;background-repeat: no-repeat !important;background-size: cover !important;}&#8220;][vc_column][vc_empty_space][vc_row_inner][vc_column_inner width=&#8220;1\/2&#8243;][vc_column_text]<span style=\"color: #ff6600;\"><strong>Mai, Juni und September (Juli+August auf Anfrage)<\/strong><\/span><\/p>\n<table  class=\" table table-hover\" style=\"height: 146px; width: 492px; border-color: #000000;\">\n<tbody>\n<tr>\n<td style=\"width: 139px;\"><span style=\"font-size: 10pt; font-family: 'arial black', sans-serif;\"><strong>Typ<\/strong><\/span><\/td>\n<td style=\"width: 153px;\"><span style=\"font-size: 10pt; font-family: 'arial black', sans-serif;\"><strong>Preis in \u20ac pro.Pers.<\/strong><\/span><\/td>\n<td style=\"width: 182px;\"><\/td>\n<\/tr>\n<tr>\n<td style=\"width: 139px;\"><span style=\"color: #808080;\">Suite\u00a0<\/span><\/td>\n<td style=\"width: 153px;\">\u00a02790<\/td>\n<td style=\"width: 182px;\"><a href=\"http:\/\/vitalitygroup.es\/de\/3912-2\/\">ansehen&#8230;<\/a><\/td>\n<\/tr>\n<tr>\n<td style=\"width: 139px;\"><span style=\"color: #808080;\">Penthouse Suite<\/span><\/td>\n<td style=\"width: 153px;\">\u00a02990<\/td>\n<td style=\"width: 182px;\"><a href=\"http:\/\/vitalitygroup.es\/de\/3912-2-2\/\">ansehen&#8230;<\/a><\/td>\n<\/tr>\n<tr>\n<td style=\"width: 139px;\"><span style=\"color: #808080;\">Suite mit 2 Schlafzimmern<\/span><\/td>\n<td style=\"width: 153px;\">\u00a02490 (mind. 4 Pers.)<\/td>\n<td style=\"width: 182px;\"><a href=\"http:\/\/vitalitygroup.es\/de\/3912-2-3\/\">ansehen&#8230;<\/a><\/td>\n<\/tr>\n<\/tbody>\n<\/table>\n<p>[\/vc_column_text][\/vc_column_inner][vc_column_inner width=&#8220;1\/2&#8243;][vc_column_text]<span style=\"color: #ff6600;\"><strong>Oktober &#8211; April<\/strong><\/span><\/p>\n<table  class=\" table table-hover\" style=\"height: 146px; width: 492px; border-color: #000000;\">\n<tbody>\n<tr>\n<td style=\"width: 139px;\"><span style=\"font-size: 10pt; font-family: 'arial black', sans-serif;\"><strong>Typ<\/strong><\/span><\/td>\n<td style=\"width: 153px;\"><span style=\"font-size: 10pt; font-family: 'arial black', sans-serif;\"><strong>Preis in \u20ac pro.Pers.<\/strong><\/span><\/td>\n<td style=\"width: 182px;\"><\/td>\n<\/tr>\n<tr>\n<td style=\"width: 139px;\"><span style=\"color: #808080;\">Suite\u00a0<\/span><\/td>\n<td style=\"width: 153px;\">\u00a02590<\/td>\n<td style=\"width: 182px;\"><a href=\"http:\/\/vitalitygroup.es\/de\/3912-2\/\">ansehen&#8230;<\/a><\/td>\n<\/tr>\n<tr>\n<td style=\"width: 139px;\"><span style=\"color: #808080;\">Penthouse Suite<\/span><\/td>\n<td style=\"width: 153px;\">\u00a02790<\/td>\n<td style=\"width: 182px;\"><a href=\"http:\/\/vitalitygroup.es\/de\/3912-2-2\/\">ansehen&#8230;<\/a><\/td>\n<\/tr>\n<tr>\n<td style=\"width: 139px;\"><span style=\"color: #808080;\">Suite mit 2 Schlafzimmern<\/span><\/td>\n<td style=\"width: 153px;\">\u00a02290 (mind. 4 Pers.)<\/td>\n<td style=\"width: 182px;\"><a href=\"http:\/\/vitalitygroup.es\/de\/3912-2-3\/\">ansehen&#8230;<\/a><\/td>\n<\/tr>\n<\/tbody>\n<\/table>\n<p>[\/vc_column_text][\/vc_column_inner][\/vc_row_inner][vc_empty_space][\/vc_column][\/vc_row][vc_row full_width=&#8220;stretch_row&#8220; css=&#8220;.vc_custom_1507815327437{margin-top: px !important;border-top-width: 1px !important;border-right-width: 1px !important;border-bottom-width: 1px !important;border-left-width: 1px !important;background-position: center !important;background-repeat: no-repeat !important;background-size: cover !important;border-left-color: #61d60e !important;border-left-style: solid !important;border-right-color: #61d60e !important;border-right-style: solid !important;border-top-color: #61d60e !important;border-top-style: solid !important;border-bottom-color: #61d60e !important;border-bottom-style: solid !important;border-radius: 1px !important;}&#8220;][vc_column][vc_empty_space height=&#8220;10px&#8220;][vc_row_inner gap=&#8220;5&#8243;][vc_column_inner width=&#8220;2\/3&#8243;][vc_column_text]<\/p>\n<p style=\"text-align: center;\"><span style=\"font-size: 12pt; font-family: 'arial black', sans-serif; color: #ff6600;\"><strong>Weitere Informationen oder Reservierung hier:<\/strong><\/span><\/p>\n<p>[\/vc_column_text][\/vc_column_inner][vc_column_inner width=&#8220;1\/3&#8243;][vc_btn title=&#8220;Kontaktformular&#8220; style=&#8220;outline-custom&#8220; outline_custom_color=&#8220;#ff6600&#8243; outline_custom_hover_background=&#8220;#61d60e&#8220; outline_custom_hover_text=&#8220;&#8220; shape=&#8220;round&#8220; align=&#8220;left&#8220; i_align=&#8220;right&#8220; i_icon_fontawesome=&#8220;fa fa-paper-plane&#8220; add_icon=&#8220;true&#8220; link=&#8220;url:http%3A%2F%2Fvitalitygroup.es%2Fde%2Fcontact%2F||target:%20_blank|&#8220;][\/vc_column_inner][\/vc_row_inner][vc_empty_space height=&#8220;10px&#8220;][\/vc_column][\/vc_row]<\/p>\n<div class=\"pdfprnt-buttons pdfprnt-buttons-page pdfprnt-bottom-right\"><a href=\"http:\/\/vitalitygroup.es\/de\/wp-json\/wp\/v2\/pages\/931?print=pdf\" class=\"pdfprnt-button pdfprnt-button-pdf\" target=\"_blank\"><img src=\"http:\/\/vitalitygroup.es\/wp-content\/plugins\/pdf-print\/images\/pdf.png\" alt=\"image_pdf\" title=\"View PDF\" \/><\/a><a href=\"http:\/\/vitalitygroup.es\/de\/wp-json\/wp\/v2\/pages\/931?print=print\" class=\"pdfprnt-button pdfprnt-button-print\" target=\"_blank\"><img src=\"http:\/\/vitalitygroup.es\/wp-content\/plugins\/pdf-print\/images\/print.png\" alt=\"image_print\" title=\"Print Content\" \/><\/a><\/div>","protected":false},"excerpt":{"rendered":"<p>[vc_row full_width=&#8220;stretch_row&#8220; css=&#8220;.vc_custom_1508324272716{background-color: rgba(154,214,117,0.11) !important;*background-color: rgb(154,214,117) !important;}&#8220;][vc_column width=&#8220;1\/2&#8243;][vc_single_image image=&#8220;383&#8243; img_size=&#8220;medium&#8220; alignment=&#8220;center&#8220; style=&#8220;vc_box_shadow_border&#8220;][vc_empty_space][vc_single_image image=&#8220;816&#8243; img_size=&#8220;medium&#8220; alignment=&#8220;center&#8220; style=&#8220;vc_box_shadow_border&#8220;][vc_empty_space][vc_single_image image=&#8220;1574&#8243; img_size=&#8220;medium&#8220; alignment=&#8220;center&#8220; style=&#8220;vc_box_shadow_border&#8220;][vc_empty_space][vc_single_image image=&#8220;1579&#8243; img_size=&#8220;medium&#8220; alignment=&#8220;center&#8220; style=&#8220;vc_box_shadow_border&#8220;][\/vc_column][vc_column width=&#8220;1\/2&#8243;][vc_empty_space][vc_custom_heading text=&#8220;Vitality Man (7 days)&#8220; font_container=&#8220;tag:h2|text_align:center|color:%23f76809&#8243; google_fonts=&#8220;font_family:Oswald%3A300%2Cregular%2C700|font_style:300%20light%20regular%3A300%3Anormal&#8220; css_animation=&#8220;fadeInUp&#8220;][vc_column_text css_animation=&#8220;fadeInRight&#8220;]Man\u00a0Schwerpunkt Prostata Die Benigne Prostata Hyperplasie (BPH) ist der h\u00e4ufigste gutartige\u00a0Tumor\u00a0beim Mann. In den ersten Lebensjahrzehnten des Mannes ist sie sehr selten, ab<\/p>\n<div><a class=\"btn-filled btn\" href=\"http:\/\/vitalitygroup.es\/de\/vitality-man-prostate\/\" title=\"Vitality Man\">Weiterlesen<\/a><\/div>\n","protected":false},"author":1,"featured_media":0,"parent":0,"menu_order":0,"comment_status":"closed","ping_status":"closed","template":"","meta":[],"_links":{"self":[{"href":"http:\/\/vitalitygroup.es\/de\/wp-json\/wp\/v2\/pages\/931"}],"collection":[{"href":"http:\/\/vitalitygroup.es\/de\/wp-json\/wp\/v2\/pages"}],"about":[{"href":"http:\/\/vitalitygroup.es\/de\/wp-json\/wp\/v2\/types\/page"}],"author":[{"embeddable":true,"href":"http:\/\/vitalitygroup.es\/de\/wp-json\/wp\/v2\/users\/1"}],"replies":[{"embeddable":true,"href":"http:\/\/vitalitygroup.es\/de\/wp-json\/wp\/v2\/comments?post=931"}],"version-history":[{"count":109,"href":"http:\/\/vitalitygroup.es\/de\/wp-json\/wp\/v2\/pages\/931\/revisions"}],"predecessor-version":[{"id":4020,"href":"http:\/\/vitalitygroup.es\/de\/wp-json\/wp\/v2\/pages\/931\/revisions\/4020"}],"wp:attachment":[{"href":"http:\/\/vitalitygroup.es\/de\/wp-json\/wp\/v2\/media?parent=931"}],"curies":[{"name":"wp","href":"https:\/\/api.w.org\/{rel}","templated":true}]}}