{"id":1776,"date":"2017-11-15T19:35:28","date_gmt":"2017-11-15T17:35:28","guid":{"rendered":"http:\/\/vitalitygroup.es\/?page_id=1776"},"modified":"2021-01-03T17:01:56","modified_gmt":"2021-01-03T15:01:56","slug":"home-2","status":"publish","type":"page","link":"https:\/\/vitalitygroup.es\/de\/","title":{"rendered":"medical wellness"},"content":{"rendered":"<p>[vc_row full_width=&#8220;stretch_row&#8220; full_height=&#8220;yes&#8220; parallax=&#8220;content-moving&#8220; css=&#8220;.vc_custom_1510858196069{background-image: url(http:\/\/vitalitygroup.es\/wp-content\/uploads\/2017\/11\/VITALITY_GROUP_HOME.jpg?id=1530) !important;background-position: center;background-repeat: no-repeat !important;background-size: cover !important;}&#8220;][vc_column][vc_column_text]<\/p>\n<h1 style=\"text-align: center;\"><span style=\"color: #ffffff;\">Medical Wellness<\/span><\/h1>\n<div class=\"mb32\">\n<p style=\"text-align: center;\"><span style=\"color: #ffffff;\">Ein neues Konzept f\u00fcr ein ges\u00fcnderes Leben<\/span><\/p>\n<\/div>\n<p>[\/vc_column_text][vc_row_inner][vc_column_inner width=&#8220;1\/6&#8243;][\/vc_column_inner][vc_column_inner width=&#8220;2\/3&#8243;][vc_btn title=&#8220;LUXUSURLAUB VERBUNDEN MIT MEDIZINISCHEN PROGRAMMEN FUR DEINE GESUNDHEIT&#8220; style=&#8220;outline-custom&#8220; outline_custom_color=&#8220;#ffffff&#8220; outline_custom_hover_background=&#8220;#ffffff&#8220; outline_custom_hover_text=&#8220;#000000&#8243; shape=&#8220;square&#8220; align=&#8220;center&#8220; button_block=&#8220;true&#8220; link=&#8220;url:http%3A%2F%2Fvitalitygroup.es%2Fde%2Fmedical-wellness%2F|||&#8220;][\/vc_column_inner][vc_column_inner width=&#8220;1\/6&#8243;][vc_btn title=&#8220;Read More&#8220; style=&#8220;outline-custom&#8220; outline_custom_color=&#8220;#bddd2e&#8220; outline_custom_hover_background=&#8220;#56bf00&#8243; outline_custom_hover_text=&#8220;#ffffff&#8220; shape=&#8220;square&#8220; align=&#8220;center&#8220; i_icon_fontawesome=&#8220;fa fa-search-plus&#8220; button_block=&#8220;true&#8220; add_icon=&#8220;true&#8220; link=&#8220;url:http%3A%2F%2Fvitalitygroup.es%2Fde%2Fmedical-wellness|||&#8220;][\/vc_column_inner][\/vc_row_inner][\/vc_column][\/vc_row][vc_row full_width=&#8220;stretch_row&#8220;][vc_column][vc_row_inner][vc_column_inner width=&#8220;1\/2&#8243;][vc_single_image image=&#8220;1778&#8243; img_size=&#8220;full&#8220; alignment=&#8220;center&#8220;][\/vc_column_inner][vc_column_inner width=&#8220;1\/2&#8243; css=&#8220;.vc_custom_1510768935194{padding-top: 40px !important;padding-bottom: 40px !important;padding-left: 40px !important;}&#8220;][vc_column_text]<\/p>\n<h2><span style=\"color: #808080; font-family: 'arial black', sans-serif; font-size: 14pt;\">Unsere Resorts &amp; Hotels<\/span><\/h2>\n<div class=\"mb32\">\n<p><span style=\"color: #808080; font-family: arial, helvetica, sans-serif;\">Unser bevorzugtes Hotel ist das 4 Sterne Boutique Hydros &#8211; Hotel im Holiday World Resort in Benalmadena in der Bucht von\u00a0 M\u00e1laga. Es liegt nah zum Flughafen, zur Hafenstadt M\u00e1laga und zu vielen Sehensw\u00fcrdigkeiten in der Umgebung. Das Hotel bietet ideale Voraussetzungen f\u00fcr einen gesundheitsorientierten Urlaub in einem wohltuenden Mittelmeerklima, ideal f\u00fcr physische und psychische Erholung in einer luxuri\u00f6sen Atmosph\u00e4re.<\/span><\/p>\n<\/div>\n<p>[\/vc_column_text][vc_btn title=&#8220;Read More&#8220; style=&#8220;outline-custom&#8220; outline_custom_color=&#8220;#bddd2e&#8220; outline_custom_hover_background=&#8220;#56bf00&#8243; outline_custom_hover_text=&#8220;#ffffff&#8220; shape=&#8220;square&#8220; i_icon_fontawesome=&#8220;fa fa-search-plus&#8220; add_icon=&#8220;true&#8220; link=&#8220;url:http%3A%2F%2Fvitalitygroup.es%2Four-resorts-hotels|||&#8220;][\/vc_column_inner][\/vc_row_inner][vc_row_inner][vc_column_inner width=&#8220;1\/2&#8243; css=&#8220;.vc_custom_1510856152546{padding-top: 40px !important;padding-right: 40px !important;padding-bottom: 40px !important;}&#8220;][vc_column_text]<\/p>\n<h2><span style=\"color: #808080; font-family: 'arial black', sans-serif; font-size: 14pt;\">Unsere Krankenh\u00e4user<\/span><\/h2>\n<div class=\"mb32\">\n<p><span style=\"font-family: arial, helvetica, sans-serif;\"><span style=\"color: #808080;\">Das CHIP International Hospital M\u00e1laga und das Vithas Xanit Hospital in Benalmadena sind zwei Privathospit\u00e4ler mit denen wir zusammenarbeiten. Beide sind mit state of the art Medizintechnik ausgestattet und garantieren einen h\u00f6chstes Niveau der Betreuung mit international ausgebildeten und erfahrenem Personal und hochqualifizierten \u00c4rzten<\/span><span style=\"color: #808080;\">.<\/span><\/span><\/p>\n<\/div>\n<p>[\/vc_column_text][vc_btn title=&#8220;Read More&#8220; style=&#8220;outline-custom&#8220; outline_custom_color=&#8220;#bddd2e&#8220; outline_custom_hover_background=&#8220;#56bf00&#8243; outline_custom_hover_text=&#8220;#ffffff&#8220; shape=&#8220;square&#8220; i_icon_fontawesome=&#8220;fa fa-search-plus&#8220; add_icon=&#8220;true&#8220; link=&#8220;url:http%3A%2F%2Fvitalitygroup.es%2Fde%2Four-hospitals|||&#8220;][\/vc_column_inner][vc_column_inner width=&#8220;1\/2&#8243;][vc_single_image image=&#8220;1785&#8243; img_size=&#8220;full&#8220; alignment=&#8220;center&#8220;][\/vc_column_inner][\/vc_row_inner][\/vc_column][\/vc_row][vc_row full_width=&#8220;stretch_row&#8220; parallax=&#8220;content-moving&#8220; css=&#8220;.vc_custom_1510857905734{padding-top: 60px !important;padding-bottom: 60px !important;background-image: url(http:\/\/vitalitygroup.es\/wp-content\/uploads\/2017\/10\/photo-1452723312111-3a7d0db0e024.jpg?id=468) !important;background-position: center;background-repeat: no-repeat !important;background-size: cover !important;}&#8220;][vc_column css=&#8220;.vc_custom_1510857402049{padding-top: 40px !important;padding-bottom: 40px !important;}&#8220;][vc_column_text]<\/p>\n<h2 style=\"text-align: center;\"><span style=\"font-size: 24pt;\"><strong><span style=\"color: #ffffff; font-family: 'arial black', sans-serif;\">Unsere Programme f\u00fcr Sie<\/span><\/strong><\/span><\/h2>\n<div class=\"mb32\">\n<p style=\"text-align: center;\"><span style=\"font-size: 12pt;\"><strong><span style=\"color: #ffffff;\"><span style=\"font-family: arial, helvetica, sans-serif;\"><span style=\"color: #ffffff;\">F<\/span>inden Sie in unserer Aufstellung oder wir entwickeln f\u00fcr Sie ein direkt auf Sie zugeschnittenes<\/span> Behandlungskonzept!!!<\/span><\/strong><\/span><\/p>\n<\/div>\n<p>[\/vc_column_text][vc_column_text]<span class=\"wpls-shortcode-preview\">\n\t\t<style>\n\t\t\t#wpls-logo-showcase-slider-3 .wpls-fix-box,\n\t\t\t#wpls-logo-showcase-slider-3 .wpls-fix-box img.wp-post-image{max-height:250px; }\n\t\t<\/style>\n\n\t\t<div class=\"wpls-wrap wpls-logo-showcase-slider-wrp wpls-logo-clearfix wpls-design-1 \" data-conf=\"{&quot;slides_column&quot;:&quot;5&quot;,&quot;slides_scroll&quot;:1,&quot;dots&quot;:&quot;true&quot;,&quot;arrows&quot;:&quot;true&quot;,&quot;autoplay&quot;:&quot;true&quot;,&quot;autoplay_interval&quot;:3000,&quot;loop&quot;:&quot;true&quot;,&quot;rtl&quot;:&quot;false&quot;,&quot;speed&quot;:800,&quot;center_mode&quot;:&quot;true&quot;,&quot;lazyload&quot;:&quot;&quot;}\">\n\t\t\t<div class=\"wpls-logo-showcase logo_showcase wpls-logo-slider wpls-center sliderimage_hide_border \" id=\"wpls-logo-showcase-slider-3\" >\n\t\t\t\t<div class=\"wpls-logo-cnt\">\n\t<div class=\"wpls-fix-box\">\n\t\t\t\t<a href=\"http:\/\/vitalitygroup.es\/vitality-anti-aging-2\/\" target=\"_self\">\n\t\t\t<img class=\"wp-post-image\"  src=\"https:\/\/vitalitygroup.es\/wp-content\/uploads\/2018\/02\/Vitality-Anti-Aging.png\" alt=\"\" \/>\n\t\t<\/a>\n\t\t\t<\/div>\n\t<\/div><div class=\"wpls-logo-cnt\">\n\t<div class=\"wpls-fix-box\">\n\t\t\t\t<a href=\"http:\/\/vitalitygroup.es\/vitality-beauty\/\" target=\"_self\">\n\t\t\t<img class=\"wp-post-image\"  src=\"https:\/\/vitalitygroup.es\/wp-content\/uploads\/2018\/02\/Vitality.Beauty.png\" alt=\"\" \/>\n\t\t<\/a>\n\t\t\t<\/div>\n\t<\/div><div class=\"wpls-logo-cnt\">\n\t<div class=\"wpls-fix-box\">\n\t\t\t\t<a href=\"http:\/\/vitalitygroup.es\/vitality-sport\/\" target=\"_self\">\n\t\t\t<img class=\"wp-post-image\"  src=\"https:\/\/vitalitygroup.es\/wp-content\/uploads\/2018\/02\/Vitality-Sports-Rehabilitation..jpg\" alt=\"\" \/>\n\t\t<\/a>\n\t\t\t<\/div>\n\t<\/div><div class=\"wpls-logo-cnt\">\n\t<div class=\"wpls-fix-box\">\n\t\t\t\t<a href=\"http:\/\/vitalitygroup.es\/vitality-man-prostate\/\" target=\"_self\">\n\t\t\t<img class=\"wp-post-image\"  src=\"https:\/\/vitalitygroup.es\/wp-content\/uploads\/2018\/02\/Vitality.Man-Prostate.png\" alt=\"\" \/>\n\t\t<\/a>\n\t\t\t<\/div>\n\t<\/div><div class=\"wpls-logo-cnt\">\n\t<div class=\"wpls-fix-box\">\n\t\t\t\t<a href=\"http:\/\/vitalitygroup.es\/vitality-medical-elementary\/\" target=\"_self\">\n\t\t\t<img class=\"wp-post-image\"  src=\"https:\/\/vitalitygroup.es\/wp-content\/uploads\/2018\/02\/Vitality-Medical-Elementary-1.jpg\" alt=\"\" \/>\n\t\t<\/a>\n\t\t\t<\/div>\n\t<\/div><div class=\"wpls-logo-cnt\">\n\t<div class=\"wpls-fix-box\">\n\t\t\t\t<a href=\"http:\/\/vitalitygroup.es\/vitality-anti-pain\/\" target=\"_self\">\n\t\t\t<img class=\"wp-post-image\"  src=\"https:\/\/vitalitygroup.es\/wp-content\/uploads\/2018\/02\/Vitality-Anty-Pain.png\" alt=\"\" \/>\n\t\t<\/a>\n\t\t\t<\/div>\n\t<\/div><div class=\"wpls-logo-cnt\">\n\t<div class=\"wpls-fix-box\">\n\t\t\t\t<a href=\"http:\/\/vitalitygroup.es\/vitality-explore-express\/\" target=\"_self\">\n\t\t\t<img class=\"wp-post-image\"  src=\"https:\/\/vitalitygroup.es\/wp-content\/uploads\/2018\/02\/Vitality.Explore-express.jpg\" alt=\"\" \/>\n\t\t<\/a>\n\t\t\t<\/div>\n\t<\/div><div class=\"wpls-logo-cnt\">\n\t<div class=\"wpls-fix-box\">\n\t\t\t\t<a href=\"http:\/\/vitalitygroup.es\/vitality-explore\/\" target=\"_self\">\n\t\t\t<img class=\"wp-post-image\"  src=\"https:\/\/vitalitygroup.es\/wp-content\/uploads\/2018\/02\/Vitality.Explore.jpg\" alt=\"\" \/>\n\t\t<\/a>\n\t\t\t<\/div>\n\t<\/div><div class=\"wpls-logo-cnt\">\n\t<div class=\"wpls-fix-box\">\n\t\t\t\t<a href=\"http:\/\/vitalitygroup.es\/vitality-burnout\/\" target=\"_self\">\n\t\t\t<img class=\"wp-post-image\"  src=\"https:\/\/vitalitygroup.es\/wp-content\/uploads\/2018\/02\/Vitality.Burnout.jpg\" alt=\"\" \/>\n\t\t<\/a>\n\t\t\t<\/div>\n\t<\/div><div class=\"wpls-logo-cnt\">\n\t<div class=\"wpls-fix-box\">\n\t\t\t\t<a href=\"http:\/\/vitalitygroup.es\/vitality-rehabilitation\/\" target=\"_self\">\n\t\t\t<img class=\"wp-post-image\"  src=\"https:\/\/vitalitygroup.es\/wp-content\/uploads\/2018\/02\/Vitality.Rehabilitation.jpg\" alt=\"\" \/>\n\t\t<\/a>\n\t\t\t<\/div>\n\t<\/div><div class=\"wpls-logo-cnt\">\n\t<div class=\"wpls-fix-box\">\n\t\t\t\t<a href=\"http:\/\/vitalitygroup.es\/vitality-detox\/\" target=\"_self\">\n\t\t\t<img class=\"wp-post-image\"  src=\"https:\/\/vitalitygroup.es\/wp-content\/uploads\/2018\/02\/Vitality.Detox_.jpg\" alt=\"\" \/>\n\t\t<\/a>\n\t\t\t<\/div>\n\t<\/div><div class=\"wpls-logo-cnt\">\n\t<div class=\"wpls-fix-box\">\n\t\t\t\t<a href=\"https:\/\/docs.google.com\/forms\/d\/1TZMV6e1vk4K7WNliNYrW33nUUHEiCU0DvKh-eOcXCsg\/viewform?edit_requested=true\" target=\"_self\">\n\t\t\t<img class=\"wp-post-image\"  src=\"https:\/\/vitalitygroup.es\/wp-content\/uploads\/2018\/02\/Vitality-Create.png\" alt=\"\" \/>\n\t\t<\/a>\n\t\t\t<\/div>\n\t<\/div>\t\t\t<\/div>\n\t\t<\/div>\n\n\t\t<\/span>[\/vc_column_text][vc_btn title=&#8220;ALLE PROGRAMME&#8220; style=&#8220;gradient-custom&#8220; gradient_custom_color_1=&#8220;#bddd2e&#8220; gradient_custom_color_2=&#8220;#56bf00&#8243; shape=&#8220;square&#8220; align=&#8220;center&#8220; i_icon_fontawesome=&#8220;fa fa-search-plus&#8220; add_icon=&#8220;true&#8220; link=&#8220;url:http%3A%2F%2Fvitalitygroup.es%2Fprograms||target:%20_blank|&#8220;][\/vc_column][\/vc_row][vc_row full_width=&#8220;stretch_row&#8220;][vc_column][vc_row_inner][vc_column_inner width=&#8220;1\/2&#8243;][vc_single_image image=&#8220;1071&#8243; img_size=&#8220;full&#8220; alignment=&#8220;center&#8220;][\/vc_column_inner][vc_column_inner width=&#8220;1\/2&#8243; css=&#8220;.vc_custom_1510768935194{padding-top: 40px !important;padding-bottom: 40px !important;padding-left: 40px !important;}&#8220;][vc_column_text]<\/p>\n<h2 style=\"text-align: left;\"><span style=\"font-family: 'arial black', sans-serif; font-size: 14pt; color: #808080;\">Costa Del Sol in Spain<\/span><\/h2>\n<div class=\"mb32\">\n<p><span style=\"color: #808080; font-family: arial, helvetica, sans-serif; font-size: 12pt;\">M\u00e1laga in Andalusien an der Costa del Sol bietet eines der besten und ges\u00fcndesten Klimas in Europa mit idealen Voraussetzungen f\u00fcr die Umsetzung von Gesundheits Checks und die Behandlung von mentalen und k\u00f6rperlichen Beschwerden.<\/span><\/p>\n<\/div>\n<p>[\/vc_column_text][vc_btn title=&#8220;FIND OUT MORE&#8220; style=&#8220;outline-custom&#8220; outline_custom_color=&#8220;#bddd2e&#8220; outline_custom_hover_background=&#8220;#56bf00&#8243; outline_custom_hover_text=&#8220;#ffffff&#8220; shape=&#8220;square&#8220; i_icon_fontawesome=&#8220;fa fa-search-plus&#8220; add_icon=&#8220;true&#8220; link=&#8220;url:http%3A%2F%2Fvitalitygroup.es%2Fcosta-del-sol|||&#8220;][\/vc_column_inner][\/vc_row_inner][\/vc_column][\/vc_row][vc_row][vc_column][vc_empty_space height=&#8220;50px&#8220;][vc_column_text css=&#8220;.vc_custom_1512056355272{padding-bottom: 10px !important;}&#8220;]<\/p>\n<div class=\"text-center\">\n<h2 style=\"text-align: center;\"><span style=\"font-family: 'arial black', sans-serif; color: #808080; font-size: 14pt;\"><strong><span style=\"font-size: 18pt;\">Kontakt:<\/span><br \/>\n<\/strong><\/span><span style=\"font-family: arial, helvetica, sans-serif; color: #808080; font-size: 12pt;\">Mit Ihrer Nachricht hier k\u00f6nnen Sie Ihre Fragen, W\u00fcnsche und auch\u00a0 Ihren medizinischen Status\u00a0 kurz beschreiben<\/span><\/h2>\n<\/div>\n<p>[\/vc_column_text][vc_row_inner][vc_column_inner width=&#8220;1\/4&#8243;][\/vc_column_inner][vc_column_inner width=&#8220;1\/2&#8243;][vc_column_text]<\/p>\n<div class=\"col-md-4\">\n<p class=\"mb0\"><span style=\"color: #000000; font-family: 'arial black', sans-serif;\"><strong>Email:<\/strong><\/span><\/p>\n<p><a href=\"mailto:info@vitalitygroup.es\">info@vitalitygroup.es<\/a><\/p>\n<p class=\"mb0\"><span style=\"font-family: 'arial black', sans-serif; color: #000000;\"><strong>Telephone:<\/strong><\/span><\/p>\n<p><span style=\"font-family: georgia, palatino, serif;\">+34 66 224 224 6 ~ (management and B2B)<\/span><\/p>\n<p><span style=\"font-family: georgia, palatino, serif;\">+34 65 394 366 5 ~ (medical questions only)<\/span><\/p>\n<p>&nbsp;<\/p>\n<p><span style=\"color: #000000; font-family: 'arial black', sans-serif;\"><strong>Address:<br \/>\n<\/strong><\/span>Av de da. Suel,\u00a04<br \/>\n29640 &#8211; Fuengirola<br \/>\nM\u00c1LAGA<\/p>\n<\/div>\n<p>[\/vc_column_text][\/vc_column_inner][vc_column_inner width=&#8220;1\/4&#8243;][contact-form-7 id=&#8220;3963&#8243;][\/vc_column_inner][\/vc_row_inner][\/vc_column][\/vc_row][vc_row][vc_column][vc_column_text]<\/p>\n<div class=\"row\">\n<div class=\"col-sm-12 text-center\">\n<h3 class=\"mb64 mb-xs-40\" style=\"text-align: center;\"><span style=\"font-family: 'arial black', sans-serif; color: #808080; font-size: 14pt;\"><strong>Unsere Partner<\/strong><\/span><\/h3>\n<\/div>\n<\/div>\n<p>[\/vc_column_text][vc_column_text]<span class=\"wpls-shortcode-preview\">\n\t\t<style>\n\t\t\t#wpls-logo-showcase-slider-4 .wpls-fix-box,\n\t\t\t#wpls-logo-showcase-slider-4 .wpls-fix-box img.wp-post-image{max-height:250px; }\n\t\t<\/style>\n\n\t\t<div class=\"wpls-wrap wpls-logo-showcase-slider-wrp wpls-logo-clearfix wpls-design-1 \" data-conf=\"{&quot;slides_column&quot;:&quot;5&quot;,&quot;slides_scroll&quot;:1,&quot;dots&quot;:&quot;true&quot;,&quot;arrows&quot;:&quot;true&quot;,&quot;autoplay&quot;:&quot;true&quot;,&quot;autoplay_interval&quot;:3000,&quot;loop&quot;:&quot;true&quot;,&quot;rtl&quot;:&quot;false&quot;,&quot;speed&quot;:800,&quot;center_mode&quot;:&quot;true&quot;,&quot;lazyload&quot;:&quot;&quot;}\">\n\t\t\t<div class=\"wpls-logo-showcase logo_showcase wpls-logo-slider wpls-center sliderimage_hide_border \" id=\"wpls-logo-showcase-slider-4\" >\n\t\t\t\t<div class=\"wpls-logo-cnt\">\n\t<div class=\"wpls-fix-box\">\n\t\t\t\t<img class=\"wp-post-image\"  src=\"https:\/\/vitalitygroup.es\/wp-content\/uploads\/2017\/11\/Xanit-Hospital-PNG.png\" alt=\"\" \/>\n\t\t\t<\/div>\n\t<\/div><div class=\"wpls-logo-cnt\">\n\t<div class=\"wpls-fix-box\">\n\t\t\t\t<img class=\"wp-post-image\"  src=\"https:\/\/vitalitygroup.es\/wp-content\/uploads\/2017\/11\/vithas-hospitales-footer-1.png\" alt=\"\" \/>\n\t\t\t<\/div>\n\t<\/div><div class=\"wpls-logo-cnt\">\n\t<div class=\"wpls-fix-box\">\n\t\t\t\t<img class=\"wp-post-image\"  src=\"https:\/\/vitalitygroup.es\/wp-content\/uploads\/2017\/11\/Vitality-Group-Logo-without-sub-PNG.png\" alt=\"\" \/>\n\t\t\t<\/div>\n\t<\/div><div class=\"wpls-logo-cnt\">\n\t<div class=\"wpls-fix-box\">\n\t\t\t\t<img class=\"wp-post-image\"  src=\"https:\/\/vitalitygroup.es\/wp-content\/uploads\/2017\/11\/logo-hydros.png\" alt=\"\" \/>\n\t\t\t<\/div>\n\t<\/div><div class=\"wpls-logo-cnt\">\n\t<div class=\"wpls-fix-box\">\n\t\t\t\t<img class=\"wp-post-image\"  src=\"https:\/\/vitalitygroup.es\/wp-content\/uploads\/2017\/11\/logo-holiday-world-hoteles.png\" alt=\"\" \/>\n\t\t\t<\/div>\n\t<\/div><div class=\"wpls-logo-cnt\">\n\t<div class=\"wpls-fix-box\">\n\t\t\t\t<img class=\"wp-post-image\"  src=\"https:\/\/vitalitygroup.es\/wp-content\/uploads\/2017\/11\/hospital-chip.jpg\" alt=\"\" \/>\n\t\t\t<\/div>\n\t<\/div><div class=\"wpls-logo-cnt\">\n\t<div class=\"wpls-fix-box\">\n\t\t\t\t<img class=\"wp-post-image\"  src=\"https:\/\/vitalitygroup.es\/wp-content\/uploads\/2017\/11\/cropped-Vitruvian-Man-01-1.png\" alt=\"\" \/>\n\t\t\t<\/div>\n\t<\/div><div class=\"wpls-logo-cnt\">\n\t<div class=\"wpls-fix-box\">\n\t\t\t\t<img class=\"wp-post-image\"  src=\"https:\/\/vitalitygroup.es\/wp-content\/uploads\/2017\/11\/chip_logo_9.png\" alt=\"\" \/>\n\t\t\t<\/div>\n\t<\/div><div class=\"wpls-logo-cnt\">\n\t<div class=\"wpls-fix-box\">\n\t\t\t\t<img class=\"wp-post-image\"  src=\"https:\/\/vitalitygroup.es\/wp-content\/uploads\/2018\/02\/Medical.Certificated.png\" alt=\"\" \/>\n\t\t\t<\/div>\n\t<\/div>\t\t\t<\/div>\n\t\t<\/div>\n\n\t\t<\/span>[\/vc_column_text][\/vc_column][\/vc_row]<\/p>\n<div class=\"pdfprnt-buttons pdfprnt-buttons-page pdfprnt-bottom-right\"><a href=\"https:\/\/vitalitygroup.es\/de\/wp-json\/wp\/v2\/pages\/1776?print=pdf\" class=\"pdfprnt-button pdfprnt-button-pdf\" target=\"_blank\"><img src=\"http:\/\/vitalitygroup.es\/wp-content\/plugins\/pdf-print\/images\/pdf.png\" alt=\"image_pdf\" title=\"View PDF\" \/><\/a><a href=\"https:\/\/vitalitygroup.es\/de\/wp-json\/wp\/v2\/pages\/1776?print=print\" class=\"pdfprnt-button pdfprnt-button-print\" target=\"_blank\"><img src=\"http:\/\/vitalitygroup.es\/wp-content\/plugins\/pdf-print\/images\/print.png\" alt=\"image_print\" title=\"Print Content\" \/><\/a><\/div>","protected":false},"excerpt":{"rendered":"<p>[vc_row full_width=&#8220;stretch_row&#8220; full_height=&#8220;yes&#8220; parallax=&#8220;content-moving&#8220; css=&#8220;.vc_custom_1510858196069{background-image: url(http:\/\/vitalitygroup.es\/wp-content\/uploads\/2017\/11\/VITALITY_GROUP_HOME.jpg?id=1530) !important;background-position: center;background-repeat: no-repeat !important;background-size: cover !important;}&#8220;][vc_column][vc_column_text] Medical Wellness Ein neues Konzept f\u00fcr ein ges\u00fcnderes Leben [\/vc_column_text][vc_row_inner][vc_column_inner width=&#8220;1\/6&#8243;][\/vc_column_inner][vc_column_inner width=&#8220;2\/3&#8243;][vc_btn title=&#8220;LUXUSURLAUB VERBUNDEN MIT MEDIZINISCHEN PROGRAMMEN FUR DEINE GESUNDHEIT&#8220; style=&#8220;outline-custom&#8220; outline_custom_color=&#8220;#ffffff&#8220; outline_custom_hover_background=&#8220;#ffffff&#8220; outline_custom_hover_text=&#8220;#000000&#8243; shape=&#8220;square&#8220; align=&#8220;center&#8220; button_block=&#8220;true&#8220; link=&#8220;url:http%3A%2F%2Fvitalitygroup.es%2Fde%2Fmedical-wellness%2F|||&#8220;][\/vc_column_inner][vc_column_inner width=&#8220;1\/6&#8243;][vc_btn title=&#8220;Read More&#8220; style=&#8220;outline-custom&#8220; outline_custom_color=&#8220;#bddd2e&#8220; outline_custom_hover_background=&#8220;#56bf00&#8243; outline_custom_hover_text=&#8220;#ffffff&#8220; shape=&#8220;square&#8220; align=&#8220;center&#8220; i_icon_fontawesome=&#8220;fa fa-search-plus&#8220; button_block=&#8220;true&#8220; add_icon=&#8220;true&#8220; link=&#8220;url:http%3A%2F%2Fvitalitygroup.es%2Fde%2Fmedical-wellness|||&#8220;][\/vc_column_inner][\/vc_row_inner][\/vc_column][\/vc_row][vc_row full_width=&#8220;stretch_row&#8220;][vc_column][vc_row_inner][vc_column_inner<\/p>\n<div><a class=\"btn-filled btn\" href=\"https:\/\/vitalitygroup.es\/de\/logoshowcase\/medical-approval\/\" title=\"Medical Certificate\">Weiterlesen<\/a><\/div>\n","protected":false},"author":1,"featured_media":0,"parent":0,"menu_order":0,"comment_status":"closed","ping_status":"closed","template":"page-templates\/full-width.php","meta":[],"_links":{"self":[{"href":"https:\/\/vitalitygroup.es\/de\/wp-json\/wp\/v2\/pages\/1776"}],"collection":[{"href":"https:\/\/vitalitygroup.es\/de\/wp-json\/wp\/v2\/pages"}],"about":[{"href":"https:\/\/vitalitygroup.es\/de\/wp-json\/wp\/v2\/types\/page"}],"author":[{"embeddable":true,"href":"https:\/\/vitalitygroup.es\/de\/wp-json\/wp\/v2\/users\/1"}],"replies":[{"embeddable":true,"href":"https:\/\/vitalitygroup.es\/de\/wp-json\/wp\/v2\/comments?post=1776"}],"version-history":[{"count":165,"href":"https:\/\/vitalitygroup.es\/de\/wp-json\/wp\/v2\/pages\/1776\/revisions"}],"predecessor-version":[{"id":4074,"href":"https:\/\/vitalitygroup.es\/de\/wp-json\/wp\/v2\/pages\/1776\/revisions\/4074"}],"wp:attachment":[{"href":"https:\/\/vitalitygroup.es\/de\/wp-json\/wp\/v2\/media?parent=1776"}],"curies":[{"name":"wp","href":"https:\/\/api.w.org\/{rel}","templated":true}]}}